{"id":17929,"date":"2025-11-11T12:21:33","date_gmt":"2025-11-11T03:21:33","guid":{"rendered":"https:\/\/i-nextia.com\/shop\/zte-libero-flip-5g\/"},"modified":"2025-11-11T12:30:54","modified_gmt":"2025-11-11T03:30:54","slug":"zte-libero-flip-5g","status":"publish","type":"product","link":"https:\/\/i-nextia.com\/pt-br\/shop\/zte-libero-flip-5g\/","title":{"rendered":"ZTE Libero Flip 5G-"},"content":{"rendered":"[vc_row][vc_column][vc_column_text][\/vc_column_text][\/vc_column][\/vc_row][vc_row css=&#8221;.vc_custom_1557889439940{margin-top: -30px !important;margin-bottom: -47px !important;margin-left: 20px !important;}&#8221;][vc_column width=&#8221;2\/3&#8243;][vc_custom_heading text=&#8221;ZTE Libero Flip 5G&#8221; google_fonts=&#8221;font_family:Open%20Sans%3A300%2C300italic%2Cregular%2Citalic%2C600%2C600italic%2C700%2C700italic%2C800%2C800italic|font_style:600%20bold%20regular%3A600%3Anormal&#8221; t_supro_heading=&#8221;&#8221; m_supro_heading=&#8221;&#8221;]<div class=\"supro-empty-space \" style=\"\"><div class=\"supro_empty_space_lg\"  style=\"height: 35px\"><\/div><div class=\"supro_empty_space_md\"  style=\"height: 15px\"><\/div><div class=\"supro_empty_space_xs\"  style=\"height: 15px\"><\/div><\/div>[vc_video link=&#8221;https:\/\/youtu.be\/VnlQSn9V99I&#8221; el_width=&#8221;90&#8243;]<div class=\"supro-empty-space \" style=\"\"><div class=\"supro_empty_space_lg\"  style=\"height: 25px\"><\/div><div class=\"supro_empty_space_md\"  style=\"height: 0px\"><\/div><div class=\"supro_empty_space_xs\"  style=\"height: 0px\"><\/div><\/div>[vc_custom_heading text=&#8221;Especifica\u00e7\u00f5es do produto&#8221; google_fonts=&#8221;font_family:Open%20Sans%3A300%2C300italic%2Cregular%2Citalic%2C600%2C600italic%2C700%2C700italic%2C800%2C800italic|font_style:600%20bold%20regular%3A600%3Anormal&#8221; t_supro_heading=&#8221;&#8221; m_supro_heading=&#8221;&#8221;]<div class=\"supro-empty-space \" style=\"\"><div class=\"supro_empty_space_lg\"  style=\"height: 15px\"><\/div><div class=\"supro_empty_space_md\"  style=\"height: 15px\"><\/div><div class=\"supro_empty_space_xs\"  style=\"height: 15px\"><\/div><\/div>[vc_column_text el_id=&#8221;TEMPORAL234&#8243;]\n<ul>\n<li><strong><b>Sistema: <\/b><\/strong>Android 13<\/li>\n<li><strong><b>Processador: <\/b><\/strong>Qualcomm Snapdragon 7 Gen 1<\/li>\n<li><strong>Mem\u00f3ria:<\/strong> 128GB | 6GB RAM<\/li>\n<li><strong>Tela:<\/strong> Tela principal AMOLED FHD+ de 6,9&#8243; e tela externa de 1,43&#8243;<\/li>\n<li><strong>C\u00e2mera Frontal:<\/strong> 16 MP<\/li>\n<li><strong>C\u00e2mera Traseira:<\/strong> Dupla 50 MP (principal) + 2 MP (profundidade)<\/li>\n<li><strong>Rede:<\/strong> 5G \/ 4G LTE \/ 3G \/ 2G<\/li>\n<li><strong><b>Cart\u00e3o SIM: <\/b><\/strong>Dual SIM (Nano-SIM, dual stand-by)<\/li>\n<li><strong><b>Conectividade Sem Fio: <\/b><\/strong>Bluetooth 5.2, Wi-Fi 802.11 a\/b\/g\/n\/ac<\/li>\n<li><strong><b>Bateria: <\/b><\/strong>Li-Po 4310 mAh n\u00e3o remov\u00edvel, carregamento r\u00e1pido de 33W<\/li>\n<li><strong>Peso:<\/strong> 214g<\/li>\n<li><strong>Site do Fabricante: <\/strong><a href=\"https:\/\/www.zte.co.jp\/product\/libero-flip-5g\" target=\"_blank\" rel=\"noopener\">https:\/\/www.zte.co.jp\/product\/libero-flip-5g<\/a><\/li>\n<\/ul>\n[\/vc_column_text][\/vc_column][vc_column width=&#8221;1\/3&#8243;][\/vc_column][\/vc_row][vc_row][vc_column][vc_column_text][\/vc_column_text][\/vc_column][\/vc_row]\n","protected":false},"excerpt":{"rendered":"<ul>\n<li><strong>Tela:<\/strong> AMOLED FHD+ de 6,9&#8243; (principal) e tela externa de 1,43\u2033<\/li>\n<li><strong>Mem\u00f3ria:<\/strong> 128 GB | 6 GB RAM<\/li>\n<li><strong>C\u00e2mera Frontal:<\/strong> 16 MP<\/li>\n<li><strong>C\u00e2mera Traseira:<\/strong> 50 MP (principal) + 2 MP (profundidade)<\/li>\n<li><strong>Bateria:<\/strong> Li-Po 4310 mAh, n\u00e3o remov\u00edvel<\/li>\n<\/ul>\n<table style=\"height: 140px;\" width=\"400\">\n<tbody>\n<tr>\n<td id=\"icon-power\">\n<h5>VOLTAGEM<\/h5>\n<p>Autom\u00e1tica 110-220\n<\/td>\n<td id=\"icon-network\">\n<h5>DESBLOQUEADO<\/h5>\n<p>Para uso mundial\n<\/td>\n<\/tr>\n<\/tbody>\n<\/table>\n","protected":false},"featured_media":17741,"template":"","meta":{"_acf_changed":false},"product_brand":[],"product_cat":[879,888],"product_tag":[],"class_list":{"0":"post-17929","1":"product","2":"type-product","3":"status-publish","4":"has-post-thumbnail","6":"product_cat-smartphones-pt-br","7":"product_cat-zte-pt-br","8":"","10":"first","11":"instock","12":"shipping-taxable","13":"purchasable","14":"product-type-simple"},"acf":[],"yoast_head":"<!-- This site is optimized with the Yoast SEO plugin v26.5 - https:\/\/yoast.com\/wordpress\/plugins\/seo\/ -->\n<title>ZTE Libero Flip 5G- i-Nextia<\/title>\n<meta name=\"robots\" content=\"index, follow, max-snippet:-1, max-image-preview:large, max-video-preview:-1\" \/>\n<link rel=\"canonical\" href=\"https:\/\/i-nextia.com\/pt-br\/shop\/zte-libero-flip-5g\/\" \/>\n<meta property=\"og:locale\" content=\"pt_BR\" \/>\n<meta property=\"og:type\" content=\"article\" \/>\n<meta property=\"og:title\" content=\"ZTE Libero Flip 5G- i-Nextia\" \/>\n<meta property=\"og:description\" content=\"Tela: AMOLED FHD+ de 6,9&quot; (principal) e tela externa de 1,43\u2033  Mem\u00f3ria: 128 GB | 6 GB RAM  C\u00e2mera Frontal: 16 MP  C\u00e2mera Traseira: 50 MP (principal) + 2 MP (profundidade)  Bateria: Li-Po 4310 mAh, n\u00e3o remov\u00edvel       VOLTAGEM Autom\u00e1tica 110-220   DESBLOQUEADO Para uso mundial\" \/>\n<meta property=\"og:url\" content=\"https:\/\/i-nextia.com\/pt-br\/shop\/zte-libero-flip-5g\/\" \/>\n<meta property=\"og:site_name\" content=\"i-Nextia\" \/>\n<meta property=\"article:modified_time\" content=\"2025-11-11T03:30:54+00:00\" \/>\n<meta property=\"og:image\" content=\"https:\/\/files.i-nextia.com\/wp-content\/uploads\/2024\/05\/14142539\/Capa-6.jpg\" \/>\n\t<meta property=\"og:image:width\" content=\"1080\" \/>\n\t<meta property=\"og:image:height\" content=\"1080\" \/>\n\t<meta property=\"og:image:type\" content=\"image\/jpeg\" \/>\n<meta name=\"twitter:card\" content=\"summary_large_image\" \/>\n<meta name=\"twitter:label1\" content=\"Est. tempo de leitura\" \/>\n\t<meta name=\"twitter:data1\" content=\"1 minuto\" \/>\n<script type=\"application\/ld+json\" class=\"yoast-schema-graph\">{\"@context\":\"https:\/\/schema.org\",\"@graph\":[{\"@type\":\"WebPage\",\"@id\":\"https:\/\/i-nextia.com\/pt-br\/shop\/zte-libero-flip-5g\/\",\"url\":\"https:\/\/i-nextia.com\/pt-br\/shop\/zte-libero-flip-5g\/\",\"name\":\"ZTE Libero Flip 5G- i-Nextia\",\"isPartOf\":{\"@id\":\"https:\/\/i-nextia.com\/pt-br\/#website\"},\"primaryImageOfPage\":{\"@id\":\"https:\/\/i-nextia.com\/pt-br\/shop\/zte-libero-flip-5g\/#primaryimage\"},\"image\":{\"@id\":\"https:\/\/i-nextia.com\/pt-br\/shop\/zte-libero-flip-5g\/#primaryimage\"},\"thumbnailUrl\":\"https:\/\/files.i-nextia.com\/wp-content\/uploads\/2024\/05\/14142539\/Capa-6.jpg\",\"datePublished\":\"2025-11-11T03:21:33+00:00\",\"dateModified\":\"2025-11-11T03:30:54+00:00\",\"breadcrumb\":{\"@id\":\"https:\/\/i-nextia.com\/pt-br\/shop\/zte-libero-flip-5g\/#breadcrumb\"},\"inLanguage\":\"pt-BR\",\"potentialAction\":[{\"@type\":\"ReadAction\",\"target\":[\"https:\/\/i-nextia.com\/pt-br\/shop\/zte-libero-flip-5g\/\"]}]},{\"@type\":\"ImageObject\",\"inLanguage\":\"pt-BR\",\"@id\":\"https:\/\/i-nextia.com\/pt-br\/shop\/zte-libero-flip-5g\/#primaryimage\",\"url\":\"https:\/\/files.i-nextia.com\/wp-content\/uploads\/2024\/05\/14142539\/Capa-6.jpg\",\"contentUrl\":\"https:\/\/files.i-nextia.com\/wp-content\/uploads\/2024\/05\/14142539\/Capa-6.jpg\",\"width\":1080,\"height\":1080,\"caption\":\"ZTE Libero Flip 5G\"},{\"@type\":\"BreadcrumbList\",\"@id\":\"https:\/\/i-nextia.com\/pt-br\/shop\/zte-libero-flip-5g\/#breadcrumb\",\"itemListElement\":[{\"@type\":\"ListItem\",\"position\":1,\"name\":\"Home\",\"item\":\"https:\/\/i-nextia.com\/pt-br\/\"},{\"@type\":\"ListItem\",\"position\":2,\"name\":\"Shop\",\"item\":\"https:\/\/i-nextia.com\/en\/shop\/\"},{\"@type\":\"ListItem\",\"position\":3,\"name\":\"ZTE Libero Flip 5G-\"}]},{\"@type\":\"WebSite\",\"@id\":\"https:\/\/i-nextia.com\/pt-br\/#website\",\"url\":\"https:\/\/i-nextia.com\/pt-br\/\",\"name\":\"i-Nextia\",\"description\":\"i-Nextia Internet Services\",\"publisher\":{\"@id\":\"https:\/\/i-nextia.com\/pt-br\/#organization\"},\"potentialAction\":[{\"@type\":\"SearchAction\",\"target\":{\"@type\":\"EntryPoint\",\"urlTemplate\":\"https:\/\/i-nextia.com\/pt-br\/?s={search_term_string}\"},\"query-input\":{\"@type\":\"PropertyValueSpecification\",\"valueRequired\":true,\"valueName\":\"search_term_string\"}}],\"inLanguage\":\"pt-BR\"},{\"@type\":\"Organization\",\"@id\":\"https:\/\/i-nextia.com\/pt-br\/#organization\",\"name\":\"I-Nextia\",\"url\":\"https:\/\/i-nextia.com\/pt-br\/\",\"logo\":{\"@type\":\"ImageObject\",\"inLanguage\":\"pt-BR\",\"@id\":\"https:\/\/i-nextia.com\/pt-br\/#\/schema\/logo\/image\/\",\"url\":\"https:\/\/files.i-nextia.com\/wp-content\/uploads\/2021\/02\/06063029\/logo-380px.png\",\"contentUrl\":\"https:\/\/files.i-nextia.com\/wp-content\/uploads\/2021\/02\/06063029\/logo-380px.png\",\"width\":380,\"height\":114,\"caption\":\"I-Nextia\"},\"image\":{\"@id\":\"https:\/\/i-nextia.com\/pt-br\/#\/schema\/logo\/image\/\"}}]}<\/script>\n<!-- \/ Yoast SEO plugin. -->","yoast_head_json":{"title":"ZTE Libero Flip 5G- i-Nextia","robots":{"index":"index","follow":"follow","max-snippet":"max-snippet:-1","max-image-preview":"max-image-preview:large","max-video-preview":"max-video-preview:-1"},"canonical":"https:\/\/i-nextia.com\/pt-br\/shop\/zte-libero-flip-5g\/","og_locale":"pt_BR","og_type":"article","og_title":"ZTE Libero Flip 5G- i-Nextia","og_description":"Tela: AMOLED FHD+ de 6,9\" (principal) e tela externa de 1,43\u2033  Mem\u00f3ria: 128 GB | 6 GB RAM  C\u00e2mera Frontal: 16 MP  C\u00e2mera Traseira: 50 MP (principal) + 2 MP (profundidade)  Bateria: Li-Po 4310 mAh, n\u00e3o remov\u00edvel       VOLTAGEM Autom\u00e1tica 110-220   DESBLOQUEADO Para uso mundial","og_url":"https:\/\/i-nextia.com\/pt-br\/shop\/zte-libero-flip-5g\/","og_site_name":"i-Nextia","article_modified_time":"2025-11-11T03:30:54+00:00","og_image":[{"width":1080,"height":1080,"url":"https:\/\/files.i-nextia.com\/wp-content\/uploads\/2024\/05\/14142539\/Capa-6.jpg","type":"image\/jpeg"}],"twitter_card":"summary_large_image","twitter_misc":{"Est. tempo de leitura":"1 minuto"},"schema":{"@context":"https:\/\/schema.org","@graph":[{"@type":"WebPage","@id":"https:\/\/i-nextia.com\/pt-br\/shop\/zte-libero-flip-5g\/","url":"https:\/\/i-nextia.com\/pt-br\/shop\/zte-libero-flip-5g\/","name":"ZTE Libero Flip 5G- i-Nextia","isPartOf":{"@id":"https:\/\/i-nextia.com\/pt-br\/#website"},"primaryImageOfPage":{"@id":"https:\/\/i-nextia.com\/pt-br\/shop\/zte-libero-flip-5g\/#primaryimage"},"image":{"@id":"https:\/\/i-nextia.com\/pt-br\/shop\/zte-libero-flip-5g\/#primaryimage"},"thumbnailUrl":"https:\/\/files.i-nextia.com\/wp-content\/uploads\/2024\/05\/14142539\/Capa-6.jpg","datePublished":"2025-11-11T03:21:33+00:00","dateModified":"2025-11-11T03:30:54+00:00","breadcrumb":{"@id":"https:\/\/i-nextia.com\/pt-br\/shop\/zte-libero-flip-5g\/#breadcrumb"},"inLanguage":"pt-BR","potentialAction":[{"@type":"ReadAction","target":["https:\/\/i-nextia.com\/pt-br\/shop\/zte-libero-flip-5g\/"]}]},{"@type":"ImageObject","inLanguage":"pt-BR","@id":"https:\/\/i-nextia.com\/pt-br\/shop\/zte-libero-flip-5g\/#primaryimage","url":"https:\/\/files.i-nextia.com\/wp-content\/uploads\/2024\/05\/14142539\/Capa-6.jpg","contentUrl":"https:\/\/files.i-nextia.com\/wp-content\/uploads\/2024\/05\/14142539\/Capa-6.jpg","width":1080,"height":1080,"caption":"ZTE Libero Flip 5G"},{"@type":"BreadcrumbList","@id":"https:\/\/i-nextia.com\/pt-br\/shop\/zte-libero-flip-5g\/#breadcrumb","itemListElement":[{"@type":"ListItem","position":1,"name":"Home","item":"https:\/\/i-nextia.com\/pt-br\/"},{"@type":"ListItem","position":2,"name":"Shop","item":"https:\/\/i-nextia.com\/en\/shop\/"},{"@type":"ListItem","position":3,"name":"ZTE Libero Flip 5G-"}]},{"@type":"WebSite","@id":"https:\/\/i-nextia.com\/pt-br\/#website","url":"https:\/\/i-nextia.com\/pt-br\/","name":"i-Nextia","description":"i-Nextia Internet Services","publisher":{"@id":"https:\/\/i-nextia.com\/pt-br\/#organization"},"potentialAction":[{"@type":"SearchAction","target":{"@type":"EntryPoint","urlTemplate":"https:\/\/i-nextia.com\/pt-br\/?s={search_term_string}"},"query-input":{"@type":"PropertyValueSpecification","valueRequired":true,"valueName":"search_term_string"}}],"inLanguage":"pt-BR"},{"@type":"Organization","@id":"https:\/\/i-nextia.com\/pt-br\/#organization","name":"I-Nextia","url":"https:\/\/i-nextia.com\/pt-br\/","logo":{"@type":"ImageObject","inLanguage":"pt-BR","@id":"https:\/\/i-nextia.com\/pt-br\/#\/schema\/logo\/image\/","url":"https:\/\/files.i-nextia.com\/wp-content\/uploads\/2021\/02\/06063029\/logo-380px.png","contentUrl":"https:\/\/files.i-nextia.com\/wp-content\/uploads\/2021\/02\/06063029\/logo-380px.png","width":380,"height":114,"caption":"I-Nextia"},"image":{"@id":"https:\/\/i-nextia.com\/pt-br\/#\/schema\/logo\/image\/"}}]}},"_links":{"self":[{"href":"https:\/\/i-nextia.com\/pt-br\/wp-json\/wp\/v2\/product\/17929","targetHints":{"allow":["GET"]}}],"collection":[{"href":"https:\/\/i-nextia.com\/pt-br\/wp-json\/wp\/v2\/product"}],"about":[{"href":"https:\/\/i-nextia.com\/pt-br\/wp-json\/wp\/v2\/types\/product"}],"wp:featuredmedia":[{"embeddable":true,"href":"https:\/\/i-nextia.com\/pt-br\/wp-json\/wp\/v2\/media\/17741"}],"wp:attachment":[{"href":"https:\/\/i-nextia.com\/pt-br\/wp-json\/wp\/v2\/media?parent=17929"}],"wp:term":[{"taxonomy":"product_brand","embeddable":true,"href":"https:\/\/i-nextia.com\/pt-br\/wp-json\/wp\/v2\/product_brand?post=17929"},{"taxonomy":"product_cat","embeddable":true,"href":"https:\/\/i-nextia.com\/pt-br\/wp-json\/wp\/v2\/product_cat?post=17929"},{"taxonomy":"product_tag","embeddable":true,"href":"https:\/\/i-nextia.com\/pt-br\/wp-json\/wp\/v2\/product_tag?post=17929"}],"curies":[{"name":"wp","href":"https:\/\/api.w.org\/{rel}","templated":true}]}}