{"id":17757,"date":"2025-06-14T15:05:10","date_gmt":"2025-06-14T06:05:20","guid":{"rendered":"https:\/\/i-nextia.com\/?post_type=product&#038;p=17757"},"modified":"2025-06-14T15:17:50","modified_gmt":"2025-06-14T06:17:50","slug":"iphone-8-plus-64gb-copy","status":"publish","type":"product","link":"https:\/\/i-nextia.com\/pt-br\/shop\/iphone-8-plus-64gb-copy\/","title":{"rendered":"iPhone XR &#8211; 64GB"},"content":{"rendered":"[vc_row][vc_column][vc_column_text][\/vc_column_text][\/vc_column][\/vc_row][vc_row css=&#8221;.vc_custom_1557889439940{margin-top: -30px !important;margin-bottom: -47px !important;margin-left: 20px !important;}&#8221;][vc_column width=&#8221;2\/3&#8243;][vc_custom_heading text=&#8221;iPhone XR &#8211; 64GB&#8221; google_fonts=&#8221;font_family:Open%20Sans%3A300%2C300italic%2Cregular%2Citalic%2C600%2C600italic%2C700%2C700italic%2C800%2C800italic|font_style:600%20bold%20regular%3A600%3Anormal&#8221; t_supro_heading=&#8221;&#8221; m_supro_heading=&#8221;&#8221;]<div class=\"supro-empty-space \" style=\"\"><div class=\"supro_empty_space_lg\"  style=\"height: 35px\"><\/div><div class=\"supro_empty_space_md\"  style=\"height: 15px\"><\/div><div class=\"supro_empty_space_xs\"  style=\"height: 15px\"><\/div><\/div>[vc_video link=&#8221;https:\/\/youtu.be\/ANJ8Dsta8Vw&#8221; el_width=&#8221;90&#8243;]<div class=\"supro-empty-space \" style=\"\"><div class=\"supro_empty_space_lg\"  style=\"height: 25px\"><\/div><div class=\"supro_empty_space_md\"  style=\"height: 0px\"><\/div><div class=\"supro_empty_space_xs\"  style=\"height: 0px\"><\/div><\/div>[vc_custom_heading text=&#8221;Especifica\u00e7\u00f5es do produto&#8221; google_fonts=&#8221;font_family:Open%20Sans%3A300%2C300italic%2Cregular%2Citalic%2C600%2C600italic%2C700%2C700italic%2C800%2C800italic|font_style:600%20bold%20regular%3A600%3Anormal&#8221; t_supro_heading=&#8221;&#8221; m_supro_heading=&#8221;&#8221;]<div class=\"supro-empty-space \" style=\"\"><div class=\"supro_empty_space_lg\"  style=\"height: 15px\"><\/div><div class=\"supro_empty_space_md\"  style=\"height: 15px\"><\/div><div class=\"supro_empty_space_xs\"  style=\"height: 15px\"><\/div><\/div>[vc_column_text el_id=&#8221;TEMPORAL234&#8243;]\n<ul>\n<li><strong><b>Sistema: <\/b><\/strong>iOS 12, atualiz\u00e1vel at\u00e9 iOS 17<\/li>\n<li><strong><b>Processador: <\/b><\/strong>Apple A12 Bionic, Hexa-core (2 n\u00facleos Vortex + 4 n\u00facleos Tempest)<\/li>\n<li><strong>Mem\u00f3ria:<\/strong> 64GB | 3GB RAM<\/li>\n<li><strong>Tela:<\/strong> 6,1 polegadas Liquid Retina IPS LCD, 828 x 1792 pixels (propor\u00e7\u00e3o 19.5:9)<\/li>\n<li><strong>C\u00e2mera Frontal:<\/strong> 7 MP, f\/2.2<\/li>\n<li><strong>C\u00e2mera Traseira:<\/strong> 12 MP (f\/1.8 grande-angular), com estabiliza\u00e7\u00e3o \u00f3ptica de imagem (OIS)<\/li>\n<li><strong>Rede:<\/strong><br \/>\n    2G: GSM 850 \/ 900 \/ 1800 \/ 1900<br \/>\n    3G: HSDPA 850 \/ 900 \/ 1700 \/ 1900 \/ 2100<br \/>\n    4G LTE: Bandas 1, 2, 3, 4, 5, 7, 8, 12, 13, 17, 18, 19, 20, 25, 26, 28, 29, 30, 32, 34, 38, 39, 40, 41, 66\n  <\/li>\n<li><strong><b>Chip: <\/b><\/strong>Nano-SIM e eSIM (dual SIM com standby duplo)<\/li>\n<li><strong><b>Conectividade: <\/b><\/strong>Bluetooth 5.0, Wi-Fi 802.11 a\/b\/g\/n\/ac, NFC (Apple Pay)<\/li>\n<li><strong><b>Bateria: <\/b><\/strong>Li-Ion 2942 mAh n\u00e3o remov\u00edvel, carregamento r\u00e1pido de 15W, carregamento sem fio Qi<\/li>\n<li><strong>Peso:<\/strong>194g<\/li>\n<li><strong>Site do fabricante: <\/strong><a href=\"https:\/\/support.apple.com\/kb\/SP781?locale=pt_BR\" target=\"_blank\" rel=\"noopener\">https:\/\/support.apple.com\/kb\/SP781?locale=pt_BR<\/a><\/li>\n<\/ul>\n[\/vc_column_text][\/vc_column][vc_column width=&#8221;1\/3&#8243;][\/vc_column][\/vc_row][vc_row][vc_column][vc_column_text][\/vc_column_text][\/vc_column][\/vc_row]\n","protected":false},"excerpt":{"rendered":"<ul>\n<li>5,5 polegadas, 1080 x 1920 pixels (Retina IPS LCD)<\/li>\n<li>64GB, 3GB RAM<\/li>\n<li>7 MP (c\u00e2mera frontal)<\/li>\n<li>12 MP dupla (c\u00e2mera traseira)<\/li>\n<li>Li-Ion 2691 mAh, n\u00e3o remov\u00edvel<\/li>\n<\/ul>\n<table style=\"height: 140px;\" width=\"400\">\n<tbody>\n<tr>\n<td id=\"icon-network\">\n<h5>VOLTAJE<\/h5>\n<p>Autom\u00e1tico 110-220<\/td>\n<td id=\"icono-red\">\n<h5>DESBLOQUEADO<\/h5>\n<p>Para uso mundial<\/td>\n<\/tr>\n<\/tbody>\n<\/table>\n","protected":false},"featured_media":0,"template":"","meta":{"_acf_changed":false},"product_brand":[],"product_cat":[896,879],"product_tag":[],"class_list":{"0":"post-17757","1":"product","2":"type-product","3":"status-publish","5":"product_cat-apple-pt-br","6":"product_cat-smartphones-pt-br","7":"no-thumb","9":"first","10":"instock","11":"shipping-taxable","12":"purchasable","13":"product-type-variable"},"acf":[],"yoast_head":"<!-- This site is optimized with the Yoast SEO plugin v26.5 - https:\/\/yoast.com\/wordpress\/plugins\/seo\/ -->\n<title>iPhone XR - 64GB - i-Nextia<\/title>\n<meta name=\"robots\" content=\"index, follow, max-snippet:-1, max-image-preview:large, max-video-preview:-1\" \/>\n<link rel=\"canonical\" href=\"https:\/\/i-nextia.com\/pt-br\/shop\/iphone-8-plus-64gb-copy\/\" \/>\n<meta property=\"og:locale\" content=\"pt_BR\" \/>\n<meta property=\"og:type\" content=\"article\" \/>\n<meta property=\"og:title\" content=\"iPhone XR - 64GB - i-Nextia\" \/>\n<meta property=\"og:description\" content=\"5,5 polegadas, 1080 x 1920 pixels (Retina IPS LCD)  64GB, 3GB RAM  7 MP (c\u00e2mera frontal)  12 MP dupla (c\u00e2mera traseira)  Li-Ion 2691 mAh, n\u00e3o remov\u00edvel      VOLTAJE Autom\u00e1tico 110-220  DESBLOQUEADO Para uso mundial\" \/>\n<meta property=\"og:url\" content=\"https:\/\/i-nextia.com\/pt-br\/shop\/iphone-8-plus-64gb-copy\/\" \/>\n<meta property=\"og:site_name\" content=\"i-Nextia\" \/>\n<meta property=\"article:modified_time\" content=\"2025-06-14T06:17:50+00:00\" \/>\n<meta property=\"og:image\" content=\"https:\/\/files.i-nextia.com\/wp-content\/uploads\/2019\/10\/06064423\/we-inextia-img.jpg\" \/>\n\t<meta property=\"og:image:width\" content=\"325\" \/>\n\t<meta property=\"og:image:height\" content=\"325\" \/>\n\t<meta property=\"og:image:type\" content=\"image\/jpeg\" \/>\n<meta name=\"twitter:card\" content=\"summary_large_image\" \/>\n<meta name=\"twitter:label1\" content=\"Est. tempo de leitura\" \/>\n\t<meta name=\"twitter:data1\" content=\"1 minuto\" \/>\n<script type=\"application\/ld+json\" class=\"yoast-schema-graph\">{\"@context\":\"https:\/\/schema.org\",\"@graph\":[{\"@type\":\"WebPage\",\"@id\":\"https:\/\/i-nextia.com\/pt-br\/shop\/iphone-8-plus-64gb-copy\/\",\"url\":\"https:\/\/i-nextia.com\/pt-br\/shop\/iphone-8-plus-64gb-copy\/\",\"name\":\"iPhone XR - 64GB - i-Nextia\",\"isPartOf\":{\"@id\":\"https:\/\/i-nextia.com\/pt-br\/#website\"},\"datePublished\":\"2025-06-14T06:05:20+00:00\",\"dateModified\":\"2025-06-14T06:17:50+00:00\",\"breadcrumb\":{\"@id\":\"https:\/\/i-nextia.com\/pt-br\/shop\/iphone-8-plus-64gb-copy\/#breadcrumb\"},\"inLanguage\":\"pt-BR\",\"potentialAction\":[{\"@type\":\"ReadAction\",\"target\":[\"https:\/\/i-nextia.com\/pt-br\/shop\/iphone-8-plus-64gb-copy\/\"]}]},{\"@type\":\"BreadcrumbList\",\"@id\":\"https:\/\/i-nextia.com\/pt-br\/shop\/iphone-8-plus-64gb-copy\/#breadcrumb\",\"itemListElement\":[{\"@type\":\"ListItem\",\"position\":1,\"name\":\"Home\",\"item\":\"https:\/\/i-nextia.com\/pt-br\/\"},{\"@type\":\"ListItem\",\"position\":2,\"name\":\"Shop\",\"item\":\"https:\/\/i-nextia.com\/en\/shop\/\"},{\"@type\":\"ListItem\",\"position\":3,\"name\":\"iPhone XR &#8211; 64GB\"}]},{\"@type\":\"WebSite\",\"@id\":\"https:\/\/i-nextia.com\/pt-br\/#website\",\"url\":\"https:\/\/i-nextia.com\/pt-br\/\",\"name\":\"i-Nextia\",\"description\":\"i-Nextia Internet Services\",\"publisher\":{\"@id\":\"https:\/\/i-nextia.com\/pt-br\/#organization\"},\"potentialAction\":[{\"@type\":\"SearchAction\",\"target\":{\"@type\":\"EntryPoint\",\"urlTemplate\":\"https:\/\/i-nextia.com\/pt-br\/?s={search_term_string}\"},\"query-input\":{\"@type\":\"PropertyValueSpecification\",\"valueRequired\":true,\"valueName\":\"search_term_string\"}}],\"inLanguage\":\"pt-BR\"},{\"@type\":\"Organization\",\"@id\":\"https:\/\/i-nextia.com\/pt-br\/#organization\",\"name\":\"I-Nextia\",\"url\":\"https:\/\/i-nextia.com\/pt-br\/\",\"logo\":{\"@type\":\"ImageObject\",\"inLanguage\":\"pt-BR\",\"@id\":\"https:\/\/i-nextia.com\/pt-br\/#\/schema\/logo\/image\/\",\"url\":\"https:\/\/files.i-nextia.com\/wp-content\/uploads\/2021\/02\/06063029\/logo-380px.png\",\"contentUrl\":\"https:\/\/files.i-nextia.com\/wp-content\/uploads\/2021\/02\/06063029\/logo-380px.png\",\"width\":380,\"height\":114,\"caption\":\"I-Nextia\"},\"image\":{\"@id\":\"https:\/\/i-nextia.com\/pt-br\/#\/schema\/logo\/image\/\"}}]}<\/script>\n<!-- \/ Yoast SEO plugin. -->","yoast_head_json":{"title":"iPhone XR - 64GB - i-Nextia","robots":{"index":"index","follow":"follow","max-snippet":"max-snippet:-1","max-image-preview":"max-image-preview:large","max-video-preview":"max-video-preview:-1"},"canonical":"https:\/\/i-nextia.com\/pt-br\/shop\/iphone-8-plus-64gb-copy\/","og_locale":"pt_BR","og_type":"article","og_title":"iPhone XR - 64GB - i-Nextia","og_description":"5,5 polegadas, 1080 x 1920 pixels (Retina IPS LCD)  64GB, 3GB RAM  7 MP (c\u00e2mera frontal)  12 MP dupla (c\u00e2mera traseira)  Li-Ion 2691 mAh, n\u00e3o remov\u00edvel      VOLTAJE Autom\u00e1tico 110-220  DESBLOQUEADO Para uso mundial","og_url":"https:\/\/i-nextia.com\/pt-br\/shop\/iphone-8-plus-64gb-copy\/","og_site_name":"i-Nextia","article_modified_time":"2025-06-14T06:17:50+00:00","og_image":[{"width":325,"height":325,"url":"https:\/\/files.i-nextia.com\/wp-content\/uploads\/2019\/10\/06064423\/we-inextia-img.jpg","type":"image\/jpeg"}],"twitter_card":"summary_large_image","twitter_misc":{"Est. tempo de leitura":"1 minuto"},"schema":{"@context":"https:\/\/schema.org","@graph":[{"@type":"WebPage","@id":"https:\/\/i-nextia.com\/pt-br\/shop\/iphone-8-plus-64gb-copy\/","url":"https:\/\/i-nextia.com\/pt-br\/shop\/iphone-8-plus-64gb-copy\/","name":"iPhone XR - 64GB - i-Nextia","isPartOf":{"@id":"https:\/\/i-nextia.com\/pt-br\/#website"},"datePublished":"2025-06-14T06:05:20+00:00","dateModified":"2025-06-14T06:17:50+00:00","breadcrumb":{"@id":"https:\/\/i-nextia.com\/pt-br\/shop\/iphone-8-plus-64gb-copy\/#breadcrumb"},"inLanguage":"pt-BR","potentialAction":[{"@type":"ReadAction","target":["https:\/\/i-nextia.com\/pt-br\/shop\/iphone-8-plus-64gb-copy\/"]}]},{"@type":"BreadcrumbList","@id":"https:\/\/i-nextia.com\/pt-br\/shop\/iphone-8-plus-64gb-copy\/#breadcrumb","itemListElement":[{"@type":"ListItem","position":1,"name":"Home","item":"https:\/\/i-nextia.com\/pt-br\/"},{"@type":"ListItem","position":2,"name":"Shop","item":"https:\/\/i-nextia.com\/en\/shop\/"},{"@type":"ListItem","position":3,"name":"iPhone XR &#8211; 64GB"}]},{"@type":"WebSite","@id":"https:\/\/i-nextia.com\/pt-br\/#website","url":"https:\/\/i-nextia.com\/pt-br\/","name":"i-Nextia","description":"i-Nextia Internet Services","publisher":{"@id":"https:\/\/i-nextia.com\/pt-br\/#organization"},"potentialAction":[{"@type":"SearchAction","target":{"@type":"EntryPoint","urlTemplate":"https:\/\/i-nextia.com\/pt-br\/?s={search_term_string}"},"query-input":{"@type":"PropertyValueSpecification","valueRequired":true,"valueName":"search_term_string"}}],"inLanguage":"pt-BR"},{"@type":"Organization","@id":"https:\/\/i-nextia.com\/pt-br\/#organization","name":"I-Nextia","url":"https:\/\/i-nextia.com\/pt-br\/","logo":{"@type":"ImageObject","inLanguage":"pt-BR","@id":"https:\/\/i-nextia.com\/pt-br\/#\/schema\/logo\/image\/","url":"https:\/\/files.i-nextia.com\/wp-content\/uploads\/2021\/02\/06063029\/logo-380px.png","contentUrl":"https:\/\/files.i-nextia.com\/wp-content\/uploads\/2021\/02\/06063029\/logo-380px.png","width":380,"height":114,"caption":"I-Nextia"},"image":{"@id":"https:\/\/i-nextia.com\/pt-br\/#\/schema\/logo\/image\/"}}]}},"_links":{"self":[{"href":"https:\/\/i-nextia.com\/pt-br\/wp-json\/wp\/v2\/product\/17757","targetHints":{"allow":["GET"]}}],"collection":[{"href":"https:\/\/i-nextia.com\/pt-br\/wp-json\/wp\/v2\/product"}],"about":[{"href":"https:\/\/i-nextia.com\/pt-br\/wp-json\/wp\/v2\/types\/product"}],"wp:attachment":[{"href":"https:\/\/i-nextia.com\/pt-br\/wp-json\/wp\/v2\/media?parent=17757"}],"wp:term":[{"taxonomy":"product_brand","embeddable":true,"href":"https:\/\/i-nextia.com\/pt-br\/wp-json\/wp\/v2\/product_brand?post=17757"},{"taxonomy":"product_cat","embeddable":true,"href":"https:\/\/i-nextia.com\/pt-br\/wp-json\/wp\/v2\/product_cat?post=17757"},{"taxonomy":"product_tag","embeddable":true,"href":"https:\/\/i-nextia.com\/pt-br\/wp-json\/wp\/v2\/product_tag?post=17757"}],"curies":[{"name":"wp","href":"https:\/\/api.w.org\/{rel}","templated":true}]}}