{"id":16516,"date":"2025-06-12T15:38:59","date_gmt":"2023-10-13T06:38:59","guid":{"rendered":"https:\/\/i-nextia.com\/shop\/samsung-galaxy-a24\/"},"modified":"2025-06-13T15:02:16","modified_gmt":"2025-06-13T06:02:16","slug":"samsung-galaxy-a24","status":"publish","type":"product","link":"https:\/\/i-nextia.com\/pt-br\/shop\/samsung-galaxy-a24\/","title":{"rendered":"Samsung Galaxy A25"},"content":{"rendered":"[vc_row][vc_column][vc_column_text][\/vc_column_text][\/vc_column][\/vc_row][vc_row css=&#8221;.vc_custom_1557889439940{margin-top: -30px !important;margin-bottom: -47px !important;margin-left: 20px !important;}&#8221;][vc_column width=&#8221;2\/3&#8243;][vc_custom_heading text=&#8221;Samsung Galaxy A25&#8243; google_fonts=&#8221;font_family:Open%20Sans%3A300%2C300italic%2Cregular%2Citalic%2C600%2C600italic%2C700%2C700italic%2C800%2C800italic|font_style:600%20bold%20regular%3A600%3Anormal&#8221; t_supro_heading=&#8221;&#8221; m_supro_heading=&#8221;&#8221;]<div class=\"supro-empty-space \" style=\"\"><div class=\"supro_empty_space_lg\"  style=\"height: 35px\"><\/div><div class=\"supro_empty_space_md\"  style=\"height: 15px\"><\/div><div class=\"supro_empty_space_xs\"  style=\"height: 15px\"><\/div><\/div>[vc_video link=&#8221;https:\/\/youtu.be\/knVyDCqGc2Y&#8221; el_width=&#8221;90&#8243;]<div class=\"supro-empty-space \" style=\"\"><div class=\"supro_empty_space_lg\"  style=\"height: 25px\"><\/div><div class=\"supro_empty_space_md\"  style=\"height: 0px\"><\/div><div class=\"supro_empty_space_xs\"  style=\"height: 0px\"><\/div><\/div>[vc_custom_heading text=&#8221;Especifica\u00e7\u00f5es do produto&#8221; google_fonts=&#8221;font_family:Open%20Sans%3A300%2C300italic%2Cregular%2Citalic%2C600%2C600italic%2C700%2C700italic%2C800%2C800italic|font_style:600%20bold%20regular%3A600%3Anormal&#8221; t_supro_heading=&#8221;&#8221; m_supro_heading=&#8221;&#8221;]<div class=\"supro-empty-space \" style=\"\"><div class=\"supro_empty_space_lg\"  style=\"height: 15px\"><\/div><div class=\"supro_empty_space_md\"  style=\"height: 15px\"><\/div><div class=\"supro_empty_space_xs\"  style=\"height: 15px\"><\/div><\/div>[vc_column_text el_id=&#8221;TEMPORAL234&#8243;]\n<ul>\n<li><strong><b>Sistema: <\/b><\/strong>Android 15<\/li>\n<li><strong><b>Processador: <\/b><\/strong>Octa-core (2&#215;2,4 GHz Cortex-A78 e 6&#215;2,0 GHz Cortex-A55)<\/li>\n<li><strong>Mem\u00f3ria:<\/strong> 64GB | 4GB RAM<\/li>\n<li><strong>Tela:<\/strong> 6,7 polegadas<\/li>\n<li><strong>C\u00e2mera frontal:<\/strong> 13 MP<\/li>\n<li><strong>C\u00e2mera traseira:<\/strong> 50 MP<\/li>\n<li><strong>Rede: <\/strong>2G \/ 3G \/ 4G LTE \/ 5G NR<\/li>\n<li><strong><b>Cart\u00e3o SIM: <\/b><\/strong>Nano-SIM<\/li>\n<li><strong><b>Conectividade sem fio: <\/b><\/strong>Bluetooth 5.3<\/li>\n<li><strong><b>Bateria: <\/b><\/strong>L\u00edtio \u00cdon 5000 mAh (n\u00e3o remov\u00edvel)<\/li>\n<li><strong>Peso:<\/strong>210g<\/li>\n<li><strong>Site do Fabricante: <\/strong><a href=\"https:\/\/www.samsung.com\/jp\/smartphones\/galaxy-a\/galaxy-a25-5g-light-blue-64gb-sm-a253qlbasjp\/buy\/?srsltid=AfmBOop3HRJczr-h4eELyubTkzc-_GdkHpgh_EKch5jpSH1Ueili4keQ&#038;utm_source=chatgpt.com\">https:\/\/www.samsung.com\/jp\/smartphones\/galaxy-a\/galaxy-a25-5g-light-blue-64gb-sm-a253qlbasjp<\/a><\/li>\n<\/ul>\n[\/vc_column_text][\/vc_column][vc_column width=&#8221;1\/3&#8243;][\/vc_column][\/vc_row][vc_row][vc_column][vc_column_text][\/vc_column_text][\/vc_column][\/vc_row]\n","protected":false},"excerpt":{"rendered":"<ul>\n<li>6.7 inches 1\u202f600\u202f\u00d7\u202f720 px<\/li>\n<li>64GB, 4GB RAM<\/li>\n<li>13 MP<\/li>\n<li>50 MP<\/li>\n<li>Li-Po 5000 mAh, non-removable<\/li>\n<\/ul>\n<table style=\"height: 140px;\" width=\"400\">\n<tbody>\n<tr>\n<td id=\"icon-power\">\n<h5>VOLTAJE<\/h5>\n<p>Automatic 110-220<\/td>\n<td id=\"icon-network\">\n<h5>DESBLOQUEADO<\/h5>\n<p>Para uso mundial<\/td>\n<\/tr>\n<\/tbody>\n<\/table>\n","protected":false},"featured_media":0,"template":"","meta":{"_acf_changed":false},"product_brand":[],"product_cat":[885,879],"product_tag":[],"class_list":{"0":"post-16516","1":"product","2":"type-product","3":"status-publish","5":"product_cat-samsung-pt-br","6":"product_cat-smartphones-pt-br","7":"no-thumb","9":"first","10":"instock","11":"shipping-taxable","12":"purchasable","13":"product-type-variable"},"acf":[],"yoast_head":"<!-- This site is optimized with the Yoast SEO plugin v26.5 - https:\/\/yoast.com\/wordpress\/plugins\/seo\/ -->\n<title>Samsung Galaxy A25 - i-Nextia<\/title>\n<meta name=\"robots\" content=\"index, follow, max-snippet:-1, max-image-preview:large, max-video-preview:-1\" \/>\n<link rel=\"canonical\" href=\"https:\/\/i-nextia.com\/pt-br\/shop\/samsung-galaxy-a24\/\" \/>\n<meta property=\"og:locale\" content=\"pt_BR\" \/>\n<meta property=\"og:type\" content=\"article\" \/>\n<meta property=\"og:title\" content=\"Samsung Galaxy A25 - i-Nextia\" \/>\n<meta property=\"og:description\" content=\"6.7 inches 1\u202f600\u202f\u00d7\u202f720 px 64GB, 4GB RAM 13 MP 50 MP Li-Po 5000 mAh, non-removable      VOLTAJE Automatic 110-220  DESBLOQUEADO Para uso mundial\" \/>\n<meta property=\"og:url\" content=\"https:\/\/i-nextia.com\/pt-br\/shop\/samsung-galaxy-a24\/\" \/>\n<meta property=\"og:site_name\" content=\"i-Nextia\" \/>\n<meta property=\"article:modified_time\" content=\"2025-06-13T06:02:16+00:00\" \/>\n<meta property=\"og:image\" content=\"https:\/\/files.i-nextia.com\/wp-content\/uploads\/2019\/10\/06064423\/we-inextia-img.jpg\" \/>\n\t<meta property=\"og:image:width\" content=\"325\" \/>\n\t<meta property=\"og:image:height\" content=\"325\" \/>\n\t<meta property=\"og:image:type\" content=\"image\/jpeg\" \/>\n<meta name=\"twitter:card\" content=\"summary_large_image\" \/>\n<meta name=\"twitter:label1\" content=\"Est. tempo de leitura\" \/>\n\t<meta name=\"twitter:data1\" content=\"1 minuto\" \/>\n<script type=\"application\/ld+json\" class=\"yoast-schema-graph\">{\"@context\":\"https:\/\/schema.org\",\"@graph\":[{\"@type\":\"WebPage\",\"@id\":\"https:\/\/i-nextia.com\/pt-br\/shop\/samsung-galaxy-a24\/\",\"url\":\"https:\/\/i-nextia.com\/pt-br\/shop\/samsung-galaxy-a24\/\",\"name\":\"Samsung Galaxy A25 - i-Nextia\",\"isPartOf\":{\"@id\":\"https:\/\/i-nextia.com\/pt-br\/#website\"},\"datePublished\":\"2023-10-13T06:38:59+00:00\",\"dateModified\":\"2025-06-13T06:02:16+00:00\",\"breadcrumb\":{\"@id\":\"https:\/\/i-nextia.com\/pt-br\/shop\/samsung-galaxy-a24\/#breadcrumb\"},\"inLanguage\":\"pt-BR\",\"potentialAction\":[{\"@type\":\"ReadAction\",\"target\":[\"https:\/\/i-nextia.com\/pt-br\/shop\/samsung-galaxy-a24\/\"]}]},{\"@type\":\"BreadcrumbList\",\"@id\":\"https:\/\/i-nextia.com\/pt-br\/shop\/samsung-galaxy-a24\/#breadcrumb\",\"itemListElement\":[{\"@type\":\"ListItem\",\"position\":1,\"name\":\"Home\",\"item\":\"https:\/\/i-nextia.com\/pt-br\/\"},{\"@type\":\"ListItem\",\"position\":2,\"name\":\"Shop\",\"item\":\"https:\/\/i-nextia.com\/en\/shop\/\"},{\"@type\":\"ListItem\",\"position\":3,\"name\":\"Samsung Galaxy A25\"}]},{\"@type\":\"WebSite\",\"@id\":\"https:\/\/i-nextia.com\/pt-br\/#website\",\"url\":\"https:\/\/i-nextia.com\/pt-br\/\",\"name\":\"i-Nextia\",\"description\":\"i-Nextia Internet Services\",\"publisher\":{\"@id\":\"https:\/\/i-nextia.com\/pt-br\/#organization\"},\"potentialAction\":[{\"@type\":\"SearchAction\",\"target\":{\"@type\":\"EntryPoint\",\"urlTemplate\":\"https:\/\/i-nextia.com\/pt-br\/?s={search_term_string}\"},\"query-input\":{\"@type\":\"PropertyValueSpecification\",\"valueRequired\":true,\"valueName\":\"search_term_string\"}}],\"inLanguage\":\"pt-BR\"},{\"@type\":\"Organization\",\"@id\":\"https:\/\/i-nextia.com\/pt-br\/#organization\",\"name\":\"I-Nextia\",\"url\":\"https:\/\/i-nextia.com\/pt-br\/\",\"logo\":{\"@type\":\"ImageObject\",\"inLanguage\":\"pt-BR\",\"@id\":\"https:\/\/i-nextia.com\/pt-br\/#\/schema\/logo\/image\/\",\"url\":\"https:\/\/files.i-nextia.com\/wp-content\/uploads\/2021\/02\/06063029\/logo-380px.png\",\"contentUrl\":\"https:\/\/files.i-nextia.com\/wp-content\/uploads\/2021\/02\/06063029\/logo-380px.png\",\"width\":380,\"height\":114,\"caption\":\"I-Nextia\"},\"image\":{\"@id\":\"https:\/\/i-nextia.com\/pt-br\/#\/schema\/logo\/image\/\"}}]}<\/script>\n<!-- \/ Yoast SEO plugin. -->","yoast_head_json":{"title":"Samsung Galaxy A25 - i-Nextia","robots":{"index":"index","follow":"follow","max-snippet":"max-snippet:-1","max-image-preview":"max-image-preview:large","max-video-preview":"max-video-preview:-1"},"canonical":"https:\/\/i-nextia.com\/pt-br\/shop\/samsung-galaxy-a24\/","og_locale":"pt_BR","og_type":"article","og_title":"Samsung Galaxy A25 - i-Nextia","og_description":"6.7 inches 1\u202f600\u202f\u00d7\u202f720 px 64GB, 4GB RAM 13 MP 50 MP Li-Po 5000 mAh, non-removable      VOLTAJE Automatic 110-220  DESBLOQUEADO Para uso mundial","og_url":"https:\/\/i-nextia.com\/pt-br\/shop\/samsung-galaxy-a24\/","og_site_name":"i-Nextia","article_modified_time":"2025-06-13T06:02:16+00:00","og_image":[{"width":325,"height":325,"url":"https:\/\/files.i-nextia.com\/wp-content\/uploads\/2019\/10\/06064423\/we-inextia-img.jpg","type":"image\/jpeg"}],"twitter_card":"summary_large_image","twitter_misc":{"Est. tempo de leitura":"1 minuto"},"schema":{"@context":"https:\/\/schema.org","@graph":[{"@type":"WebPage","@id":"https:\/\/i-nextia.com\/pt-br\/shop\/samsung-galaxy-a24\/","url":"https:\/\/i-nextia.com\/pt-br\/shop\/samsung-galaxy-a24\/","name":"Samsung Galaxy A25 - i-Nextia","isPartOf":{"@id":"https:\/\/i-nextia.com\/pt-br\/#website"},"datePublished":"2023-10-13T06:38:59+00:00","dateModified":"2025-06-13T06:02:16+00:00","breadcrumb":{"@id":"https:\/\/i-nextia.com\/pt-br\/shop\/samsung-galaxy-a24\/#breadcrumb"},"inLanguage":"pt-BR","potentialAction":[{"@type":"ReadAction","target":["https:\/\/i-nextia.com\/pt-br\/shop\/samsung-galaxy-a24\/"]}]},{"@type":"BreadcrumbList","@id":"https:\/\/i-nextia.com\/pt-br\/shop\/samsung-galaxy-a24\/#breadcrumb","itemListElement":[{"@type":"ListItem","position":1,"name":"Home","item":"https:\/\/i-nextia.com\/pt-br\/"},{"@type":"ListItem","position":2,"name":"Shop","item":"https:\/\/i-nextia.com\/en\/shop\/"},{"@type":"ListItem","position":3,"name":"Samsung Galaxy A25"}]},{"@type":"WebSite","@id":"https:\/\/i-nextia.com\/pt-br\/#website","url":"https:\/\/i-nextia.com\/pt-br\/","name":"i-Nextia","description":"i-Nextia Internet Services","publisher":{"@id":"https:\/\/i-nextia.com\/pt-br\/#organization"},"potentialAction":[{"@type":"SearchAction","target":{"@type":"EntryPoint","urlTemplate":"https:\/\/i-nextia.com\/pt-br\/?s={search_term_string}"},"query-input":{"@type":"PropertyValueSpecification","valueRequired":true,"valueName":"search_term_string"}}],"inLanguage":"pt-BR"},{"@type":"Organization","@id":"https:\/\/i-nextia.com\/pt-br\/#organization","name":"I-Nextia","url":"https:\/\/i-nextia.com\/pt-br\/","logo":{"@type":"ImageObject","inLanguage":"pt-BR","@id":"https:\/\/i-nextia.com\/pt-br\/#\/schema\/logo\/image\/","url":"https:\/\/files.i-nextia.com\/wp-content\/uploads\/2021\/02\/06063029\/logo-380px.png","contentUrl":"https:\/\/files.i-nextia.com\/wp-content\/uploads\/2021\/02\/06063029\/logo-380px.png","width":380,"height":114,"caption":"I-Nextia"},"image":{"@id":"https:\/\/i-nextia.com\/pt-br\/#\/schema\/logo\/image\/"}}]}},"_links":{"self":[{"href":"https:\/\/i-nextia.com\/pt-br\/wp-json\/wp\/v2\/product\/16516","targetHints":{"allow":["GET"]}}],"collection":[{"href":"https:\/\/i-nextia.com\/pt-br\/wp-json\/wp\/v2\/product"}],"about":[{"href":"https:\/\/i-nextia.com\/pt-br\/wp-json\/wp\/v2\/types\/product"}],"wp:attachment":[{"href":"https:\/\/i-nextia.com\/pt-br\/wp-json\/wp\/v2\/media?parent=16516"}],"wp:term":[{"taxonomy":"product_brand","embeddable":true,"href":"https:\/\/i-nextia.com\/pt-br\/wp-json\/wp\/v2\/product_brand?post=16516"},{"taxonomy":"product_cat","embeddable":true,"href":"https:\/\/i-nextia.com\/pt-br\/wp-json\/wp\/v2\/product_cat?post=16516"},{"taxonomy":"product_tag","embeddable":true,"href":"https:\/\/i-nextia.com\/pt-br\/wp-json\/wp\/v2\/product_tag?post=16516"}],"curies":[{"name":"wp","href":"https:\/\/api.w.org\/{rel}","templated":true}]}}