{"id":15613,"date":"2022-03-23T13:52:40","date_gmt":"2022-03-23T04:52:40","guid":{"rendered":"https:\/\/i-nextia.com\/shop\/mobile-wireless-karaoke-speaker\/"},"modified":"2022-03-25T11:28:33","modified_gmt":"2022-03-25T02:28:33","slug":"mobile-wireless-karaoke-speaker","status":"publish","type":"product","link":"https:\/\/i-nextia.com\/pt-br\/shop\/mobile-wireless-karaoke-speaker\/","title":{"rendered":"Mobile Wireless Karaoke Speaker"},"content":{"rendered":"[vc_row][vc_column][vc_column_text][\/vc_column_text][\/vc_column][\/vc_row][vc_row css=&#8221;.vc_custom_1557889439940{margin-top: -30px !important;margin-bottom: -47px !important;margin-left: 20px !important;}&#8221;][vc_column width=&#8221;2\/3&#8243;][vc_custom_heading text=&#8221;Mobile Wireless Karaoke Speaker&#8221; google_fonts=&#8221;font_family:Open%20Sans%3A300%2C300italic%2Cregular%2Citalic%2C600%2C600italic%2C700%2C700italic%2C800%2C800italic|font_style:600%20bold%20regular%3A600%3Anormal&#8221; t_supro_heading=&#8221;&#8221; m_supro_heading=&#8221;&#8221;]<div class=\"supro-empty-space \" style=\"\"><div class=\"supro_empty_space_lg\"  style=\"height: 35px\"><\/div><div class=\"supro_empty_space_md\"  style=\"height: 15px\"><\/div><div class=\"supro_empty_space_xs\"  style=\"height: 15px\"><\/div><\/div>[vc_custom_heading text=&#8221;Especifica\u00e7\u00f5es do produto&#8221; google_fonts=&#8221;font_family:Open%20Sans%3A300%2C300italic%2Cregular%2Citalic%2C600%2C600italic%2C700%2C700italic%2C800%2C800italic|font_style:600%20bold%20regular%3A600%3Anormal&#8221; t_supro_heading=&#8221;&#8221; m_supro_heading=&#8221;&#8221;]<div class=\"supro-empty-space \" style=\"\"><div class=\"supro_empty_space_lg\"  style=\"height: 15px\"><\/div><div class=\"supro_empty_space_md\"  style=\"height: 15px\"><\/div><div class=\"supro_empty_space_xs\"  style=\"height: 15px\"><\/div><\/div>[vc_column_text el_id=&#8221;TEMPORAL234&#8243;]\n<ul>\n<li><strong><b>Fun\u00e7\u00e3o: <\/b><\/strong>Tocar m\u00fasica<\/li>\n<li><strong><b>Bateria: <\/b><\/strong>SIM<\/li>\n<li><strong>Canal:<\/strong> 2 (2,0)<\/li>\n<li><strong>Energia:<\/strong>Bateria, CA<\/li>\n<li><strong>Pot\u00eancia de sa\u00edda: <\/strong>20w<\/li>\n<li><strong>Faixa de frequ\u00eancia: <\/strong>55hz-20khz<\/li>\n<li><strong><b>Smp: <\/b><\/strong>20 watts<\/li>\n<li><strong><b>Audio Crossover: <\/b><\/strong>Bidirecional<\/li>\n<li><strong><b>Modelo: <\/b><\/strong>SD306<\/li>\n<li><strong>Tipo de alto-falante:<\/strong> celular<\/li>\n<\/ul>\n[\/vc_column_text][\/vc_column][vc_column width=&#8221;1\/3&#8243;][\/vc_column][\/vc_row][vc_row][vc_column][vc_column_text][\/vc_column_text][\/vc_column][\/vc_row]\n","protected":false},"excerpt":{"rendered":"<p>Suporte para som surround 3D est\u00e9reo, dois microfones sem fio<br \/>\nMesmo bons tons podem ser removidos<br \/>\nChame Echo, Fun\u00e7\u00e3o de cancelamento de ru\u00eddo <br \/>\nReproduza cart\u00e3o micro SD via Bluetooth, entrada de 3,5 mm, cart\u00e3o de mem\u00f3ria USB ou sem fio.<br \/>\nBateria de l\u00edtio embutida, 7,4 v \/ 1800 mah<br \/>\nSa\u00edda de \u00e1udio super potente de 20 watts.<br \/>\nTamanho: 290 * 135 * 145 mm<\/p>\n","protected":false},"featured_media":0,"template":"","meta":{"_acf_changed":false},"product_brand":[],"product_cat":[892,879],"product_tag":[],"class_list":{"0":"post-15613","1":"product","2":"type-product","3":"status-publish","5":"product_cat-karaoke-pt-br","6":"product_cat-smartphones-pt-br","7":"no-thumb","9":"first","10":"instock","11":"shipping-taxable","12":"purchasable","13":"product-type-variable"},"acf":[],"yoast_head":"<!-- This site is optimized with the Yoast SEO plugin v26.5 - https:\/\/yoast.com\/wordpress\/plugins\/seo\/ -->\n<title>Mobile Wireless Karaoke Speaker - i-Nextia<\/title>\n<meta name=\"robots\" content=\"index, follow, max-snippet:-1, max-image-preview:large, max-video-preview:-1\" \/>\n<link rel=\"canonical\" href=\"https:\/\/i-nextia.com\/pt-br\/shop\/mobile-wireless-karaoke-speaker\/\" \/>\n<meta property=\"og:locale\" content=\"pt_BR\" \/>\n<meta property=\"og:type\" content=\"article\" \/>\n<meta property=\"og:title\" content=\"Mobile Wireless Karaoke Speaker - i-Nextia\" \/>\n<meta property=\"og:description\" content=\"Suporte para som surround 3D est\u00e9reo, dois microfones sem fio Mesmo bons tons podem ser removidos Chame Echo, Fun\u00e7\u00e3o de cancelamento de ru\u00eddo  Reproduza cart\u00e3o micro SD via Bluetooth, entrada de 3,5 mm, cart\u00e3o de mem\u00f3ria USB ou sem fio. Bateria de l\u00edtio embutida, 7,4 v \/ 1800 mah Sa\u00edda de \u00e1udio super potente de 20 watts. Tamanho: 290 * 135 * 145 mm\" \/>\n<meta property=\"og:url\" content=\"https:\/\/i-nextia.com\/pt-br\/shop\/mobile-wireless-karaoke-speaker\/\" \/>\n<meta property=\"og:site_name\" content=\"i-Nextia\" \/>\n<meta property=\"article:modified_time\" content=\"2022-03-25T02:28:33+00:00\" \/>\n<meta property=\"og:image\" content=\"https:\/\/files.i-nextia.com\/wp-content\/uploads\/2019\/10\/06064423\/we-inextia-img.jpg\" \/>\n\t<meta property=\"og:image:width\" content=\"325\" \/>\n\t<meta property=\"og:image:height\" content=\"325\" \/>\n\t<meta property=\"og:image:type\" content=\"image\/jpeg\" \/>\n<meta name=\"twitter:card\" content=\"summary_large_image\" \/>\n<meta name=\"twitter:label1\" content=\"Est. tempo de leitura\" \/>\n\t<meta name=\"twitter:data1\" content=\"1 minuto\" \/>\n<script type=\"application\/ld+json\" class=\"yoast-schema-graph\">{\"@context\":\"https:\/\/schema.org\",\"@graph\":[{\"@type\":\"WebPage\",\"@id\":\"https:\/\/i-nextia.com\/pt-br\/shop\/mobile-wireless-karaoke-speaker\/\",\"url\":\"https:\/\/i-nextia.com\/pt-br\/shop\/mobile-wireless-karaoke-speaker\/\",\"name\":\"Mobile Wireless Karaoke Speaker - i-Nextia\",\"isPartOf\":{\"@id\":\"https:\/\/i-nextia.com\/pt-br\/#website\"},\"datePublished\":\"2022-03-23T04:52:40+00:00\",\"dateModified\":\"2022-03-25T02:28:33+00:00\",\"breadcrumb\":{\"@id\":\"https:\/\/i-nextia.com\/pt-br\/shop\/mobile-wireless-karaoke-speaker\/#breadcrumb\"},\"inLanguage\":\"pt-BR\",\"potentialAction\":[{\"@type\":\"ReadAction\",\"target\":[\"https:\/\/i-nextia.com\/pt-br\/shop\/mobile-wireless-karaoke-speaker\/\"]}]},{\"@type\":\"BreadcrumbList\",\"@id\":\"https:\/\/i-nextia.com\/pt-br\/shop\/mobile-wireless-karaoke-speaker\/#breadcrumb\",\"itemListElement\":[{\"@type\":\"ListItem\",\"position\":1,\"name\":\"Home\",\"item\":\"https:\/\/i-nextia.com\/pt-br\/\"},{\"@type\":\"ListItem\",\"position\":2,\"name\":\"Shop\",\"item\":\"https:\/\/i-nextia.com\/en\/shop\/\"},{\"@type\":\"ListItem\",\"position\":3,\"name\":\"Mobile Wireless Karaoke Speaker\"}]},{\"@type\":\"WebSite\",\"@id\":\"https:\/\/i-nextia.com\/pt-br\/#website\",\"url\":\"https:\/\/i-nextia.com\/pt-br\/\",\"name\":\"i-Nextia\",\"description\":\"i-Nextia Internet Services\",\"publisher\":{\"@id\":\"https:\/\/i-nextia.com\/pt-br\/#organization\"},\"potentialAction\":[{\"@type\":\"SearchAction\",\"target\":{\"@type\":\"EntryPoint\",\"urlTemplate\":\"https:\/\/i-nextia.com\/pt-br\/?s={search_term_string}\"},\"query-input\":{\"@type\":\"PropertyValueSpecification\",\"valueRequired\":true,\"valueName\":\"search_term_string\"}}],\"inLanguage\":\"pt-BR\"},{\"@type\":\"Organization\",\"@id\":\"https:\/\/i-nextia.com\/pt-br\/#organization\",\"name\":\"I-Nextia\",\"url\":\"https:\/\/i-nextia.com\/pt-br\/\",\"logo\":{\"@type\":\"ImageObject\",\"inLanguage\":\"pt-BR\",\"@id\":\"https:\/\/i-nextia.com\/pt-br\/#\/schema\/logo\/image\/\",\"url\":\"https:\/\/files.i-nextia.com\/wp-content\/uploads\/2021\/02\/06063029\/logo-380px.png\",\"contentUrl\":\"https:\/\/files.i-nextia.com\/wp-content\/uploads\/2021\/02\/06063029\/logo-380px.png\",\"width\":380,\"height\":114,\"caption\":\"I-Nextia\"},\"image\":{\"@id\":\"https:\/\/i-nextia.com\/pt-br\/#\/schema\/logo\/image\/\"}}]}<\/script>\n<!-- \/ Yoast SEO plugin. -->","yoast_head_json":{"title":"Mobile Wireless Karaoke Speaker - i-Nextia","robots":{"index":"index","follow":"follow","max-snippet":"max-snippet:-1","max-image-preview":"max-image-preview:large","max-video-preview":"max-video-preview:-1"},"canonical":"https:\/\/i-nextia.com\/pt-br\/shop\/mobile-wireless-karaoke-speaker\/","og_locale":"pt_BR","og_type":"article","og_title":"Mobile Wireless Karaoke Speaker - i-Nextia","og_description":"Suporte para som surround 3D est\u00e9reo, dois microfones sem fio Mesmo bons tons podem ser removidos Chame Echo, Fun\u00e7\u00e3o de cancelamento de ru\u00eddo  Reproduza cart\u00e3o micro SD via Bluetooth, entrada de 3,5 mm, cart\u00e3o de mem\u00f3ria USB ou sem fio. Bateria de l\u00edtio embutida, 7,4 v \/ 1800 mah Sa\u00edda de \u00e1udio super potente de 20 watts. Tamanho: 290 * 135 * 145 mm","og_url":"https:\/\/i-nextia.com\/pt-br\/shop\/mobile-wireless-karaoke-speaker\/","og_site_name":"i-Nextia","article_modified_time":"2022-03-25T02:28:33+00:00","og_image":[{"width":325,"height":325,"url":"https:\/\/files.i-nextia.com\/wp-content\/uploads\/2019\/10\/06064423\/we-inextia-img.jpg","type":"image\/jpeg"}],"twitter_card":"summary_large_image","twitter_misc":{"Est. tempo de leitura":"1 minuto"},"schema":{"@context":"https:\/\/schema.org","@graph":[{"@type":"WebPage","@id":"https:\/\/i-nextia.com\/pt-br\/shop\/mobile-wireless-karaoke-speaker\/","url":"https:\/\/i-nextia.com\/pt-br\/shop\/mobile-wireless-karaoke-speaker\/","name":"Mobile Wireless Karaoke Speaker - i-Nextia","isPartOf":{"@id":"https:\/\/i-nextia.com\/pt-br\/#website"},"datePublished":"2022-03-23T04:52:40+00:00","dateModified":"2022-03-25T02:28:33+00:00","breadcrumb":{"@id":"https:\/\/i-nextia.com\/pt-br\/shop\/mobile-wireless-karaoke-speaker\/#breadcrumb"},"inLanguage":"pt-BR","potentialAction":[{"@type":"ReadAction","target":["https:\/\/i-nextia.com\/pt-br\/shop\/mobile-wireless-karaoke-speaker\/"]}]},{"@type":"BreadcrumbList","@id":"https:\/\/i-nextia.com\/pt-br\/shop\/mobile-wireless-karaoke-speaker\/#breadcrumb","itemListElement":[{"@type":"ListItem","position":1,"name":"Home","item":"https:\/\/i-nextia.com\/pt-br\/"},{"@type":"ListItem","position":2,"name":"Shop","item":"https:\/\/i-nextia.com\/en\/shop\/"},{"@type":"ListItem","position":3,"name":"Mobile Wireless Karaoke Speaker"}]},{"@type":"WebSite","@id":"https:\/\/i-nextia.com\/pt-br\/#website","url":"https:\/\/i-nextia.com\/pt-br\/","name":"i-Nextia","description":"i-Nextia Internet Services","publisher":{"@id":"https:\/\/i-nextia.com\/pt-br\/#organization"},"potentialAction":[{"@type":"SearchAction","target":{"@type":"EntryPoint","urlTemplate":"https:\/\/i-nextia.com\/pt-br\/?s={search_term_string}"},"query-input":{"@type":"PropertyValueSpecification","valueRequired":true,"valueName":"search_term_string"}}],"inLanguage":"pt-BR"},{"@type":"Organization","@id":"https:\/\/i-nextia.com\/pt-br\/#organization","name":"I-Nextia","url":"https:\/\/i-nextia.com\/pt-br\/","logo":{"@type":"ImageObject","inLanguage":"pt-BR","@id":"https:\/\/i-nextia.com\/pt-br\/#\/schema\/logo\/image\/","url":"https:\/\/files.i-nextia.com\/wp-content\/uploads\/2021\/02\/06063029\/logo-380px.png","contentUrl":"https:\/\/files.i-nextia.com\/wp-content\/uploads\/2021\/02\/06063029\/logo-380px.png","width":380,"height":114,"caption":"I-Nextia"},"image":{"@id":"https:\/\/i-nextia.com\/pt-br\/#\/schema\/logo\/image\/"}}]}},"_links":{"self":[{"href":"https:\/\/i-nextia.com\/pt-br\/wp-json\/wp\/v2\/product\/15613","targetHints":{"allow":["GET"]}}],"collection":[{"href":"https:\/\/i-nextia.com\/pt-br\/wp-json\/wp\/v2\/product"}],"about":[{"href":"https:\/\/i-nextia.com\/pt-br\/wp-json\/wp\/v2\/types\/product"}],"wp:attachment":[{"href":"https:\/\/i-nextia.com\/pt-br\/wp-json\/wp\/v2\/media?parent=15613"}],"wp:term":[{"taxonomy":"product_brand","embeddable":true,"href":"https:\/\/i-nextia.com\/pt-br\/wp-json\/wp\/v2\/product_brand?post=15613"},{"taxonomy":"product_cat","embeddable":true,"href":"https:\/\/i-nextia.com\/pt-br\/wp-json\/wp\/v2\/product_cat?post=15613"},{"taxonomy":"product_tag","embeddable":true,"href":"https:\/\/i-nextia.com\/pt-br\/wp-json\/wp\/v2\/product_tag?post=15613"}],"curies":[{"name":"wp","href":"https:\/\/api.w.org\/{rel}","templated":true}]}}