{"id":13194,"date":"2021-03-04T05:19:59","date_gmt":"2021-03-03T20:20:53","guid":{"rendered":"https:\/\/i-nextia.com\/?post_type=product&#038;p=13194"},"modified":"2021-08-09T22:04:54","modified_gmt":"2021-08-09T13:04:54","slug":"softbank-1gb-with-phone","status":"publish","type":"product","link":"https:\/\/i-nextia.com\/pt-br\/shop\/softbank-1gb-with-phone\/","title":{"rendered":"SOFTBANK 1GB COM TELEFONE"},"content":{"rendered":"[vc_row css=&#8221;.vc_custom_1614913707144{padding-bottom: 35px !important;background-color: #f8f8f8 !important;}&#8221;][vc_column][vc_custom_heading text=&#8221;O VALOR A SER PAGO NA ENTREGA VAI DEPENDER DO MODELO DE TELEFONE ESCOLHIDO&#8221; font_container=&#8221;tag:h3|text_align:center|color:%23286e8a&#8221; google_fonts=&#8221;font_family:Raleway%3A100%2C200%2C300%2Cregular%2C500%2C600%2C700%2C800%2C900|font_style:600%20bold%20regular%3A600%3Anormal&#8221; t_supro_heading=&#8221;&#8221; m_supro_heading=&#8221;&#8221;]<div class=\"supro-empty-space \" style=\"\"><div class=\"supro_empty_space_lg\"  style=\"height: 35px\"><\/div><div class=\"supro_empty_space_md\"  style=\"height: 20px\"><\/div><div class=\"supro_empty_space_xs\"  style=\"height: 20px\"><\/div><\/div>[vc_row_inner equal_height=&#8221;yes&#8221; gap=&#8221;15&#8243; css=&#8221;.vc_custom_1614750549355{margin-right: 25px !important;margin-left: 15px !important;}&#8221;][vc_column_inner width=&#8221;1\/5&#8243; css=&#8221;.vc_custom_1614912579008{padding-right: 10px !important;padding-left: 10px !important;border-radius: 10px !important;}&#8221;][vc_single_image image=&#8221;13362&#8243; alignment=&#8221;center&#8221;][vc_column_text]\n<p style=\"text-align: center;\">Contrato de 1 ano cancelamento antes desse prazo tem multa de \u00a5 11000<\/p>\n[\/vc_column_text][\/vc_column_inner][vc_column_inner width=&#8221;1\/5&#8243; css=&#8221;.vc_custom_1614912589760{padding-right: 10px !important;padding-left: 10px !important;border-radius: 10px !important;}&#8221;][vc_single_image image=&#8221;13361&#8243; alignment=&#8221;center&#8221;][vc_column_text]\n<p style=\"text-align: center;\">Primeiro de uso Gr\u00e1tis independente do plano escolhido.<\/p>\n[\/vc_column_text][\/vc_column_inner][vc_column_inner width=&#8221;1\/5&#8243;][vc_single_image image=&#8221;13358&#8243; alignment=&#8221;center&#8221;][vc_column_text]\n<p style=\"text-align: center;\">Os iPhones s\u00e3o seminovos em perfeito estado e n\u00e3o inclui acess\u00f3rios<\/p>\n[\/vc_column_text][\/vc_column_inner][vc_column_inner width=&#8221;1\/5&#8243;][vc_single_image image=&#8221;13359&#8243; alignment=&#8221;center&#8221;][vc_column_text]\n<p style=\"text-align: center;\">Os modelos Android s\u00e3o novos, na caixa.\/p><\/p>\n[\/vc_column_text][\/vc_column_inner][vc_column_inner width=&#8221;1\/5&#8243;][vc_single_image image=&#8221;13362&#8243; alignment=&#8221;center&#8221;][vc_column_text]\n<p style=\"text-align: center;\">Antes de fazer o envio do seu pedido informaremos as cores dispon\u00edvel.<\/p>\n[\/vc_column_text][\/vc_column_inner][\/vc_row_inner]<div class=\"supro-empty-space \" style=\"\"><div class=\"supro_empty_space_lg\"  style=\"height: 35px\"><\/div><div class=\"supro_empty_space_md\"  style=\"height: 20px\"><\/div><div class=\"supro_empty_space_xs\"  style=\"height: 20px\"><\/div><\/div>[vc_row_inner equal_height=&#8221;yes&#8221; gap=&#8221;15&#8243; css=&#8221;.vc_custom_1614750549355{margin-right: 25px !important;margin-left: 15px !important;}&#8221;][vc_column_inner width=&#8221;1\/2&#8243; css=&#8221;.vc_custom_1614912671320{padding-right: 10px !important;padding-left: 10px !important;background-color: #ffffff !important;border-radius: 10px !important;}&#8221;][vc_column_text]\n<p style=\"text-align: center;\">Tamb\u00e9m pode escutar este \u00e1udio explicativo.<\/p>\n[\/vc_column_text]<div class=\"supro-empty-space \" style=\"\"><div class=\"supro_empty_space_lg\"  style=\"height: 10px\"><\/div><div class=\"supro_empty_space_md\"  style=\"height: 10px\"><\/div><div class=\"supro_empty_space_xs\"  style=\"height: 10px\"><\/div><\/div>[vc_btn title=&#8221;Audio Explicativo&#8221; color=&#8221;warning&#8221; align=&#8221;center&#8221; link=&#8221;url:https%3A%2F%2Fbit.ly%2F3sO5T5l|target:%20_blank|&#8221;][\/vc_column_inner][vc_column_inner width=&#8221;1\/2&#8243; css=&#8221;.vc_custom_1614912684000{padding-right: 10px !important;padding-left: 10px !important;background-color: #ffffff !important;border-radius: 10px !important;}&#8221;][vc_column_text]Caso voc\u00ea j\u00e1 tenha uma aparelho DESBLOQUEADO e deseje pedir somente o chip clique neste link para ver os planos.[\/vc_column_text]<div class=\"supro-empty-space \" style=\"\"><div class=\"supro_empty_space_lg\"  style=\"height: 10px\"><\/div><div class=\"supro_empty_space_md\"  style=\"height: 10px\"><\/div><div class=\"supro_empty_space_xs\"  style=\"height: 10px\"><\/div><\/div>[vc_btn title=&#8221;Pedir somente Chip&#8221; color=&#8221;primary&#8221; align=&#8221;center&#8221; link=&#8221;url:https%3A%2F%2Fi-nextia.com%2Fpt-br%2Fchip-prepaid-service%2F|target:%20_blank|&#8221;][\/vc_column_inner][\/vc_row_inner][\/vc_column][\/vc_row]\n","protected":false},"excerpt":{"rendered":"<p>[vc_row css=&#8221;.vc_custom_1614913707144{padding-bottom: 35px !important;background-color: #f8f8f8 !important;}&#8221;][vc_column][vc_custom_heading text=&#8221;O VALOR A SER PAGO NA ENTREGA VAI DEPENDER DO MODELO DE TELEFONE ESCOLHIDO&#8221; font_container=&#8221;tag:h3|text_align:center|color:%23286e8a&#8221; google_fonts=&#8221;font_family:Raleway%3A100%2C200%2C300%2Cregular%2C500%2C600%2C700%2C800%2C900|font_style:600%20bold%20regular%3A600%3Anormal&#8221; t_supro_heading=&#8221;&#8221; m_supro_heading=&#8221;&#8221;][vc_row_inner equal_height=&#8221;yes&#8221; gap=&#8221;15&#8243; css=&#8221;.vc_custom_1614750549355{margin-right: 25px !important;margin-left: 15px !important;}&#8221;][vc_column_inner width=&#8221;1\/5&#8243; css=&#8221;.vc_custom_1614912579008{padding-right: 10px !important;padding-left: 10px !important;border-radius: 10px !important;}&#8221;][vc_single_image image=&#8221;13362&#8243; alignment=&#8221;center&#8221;][vc_column_text] Contrato de 1 ano cancelamento antes desse prazo tem multa de \u00a5 11000 [\/vc_column_text][\/vc_column_inner][vc_column_inner [&hellip;]<\/p>\n","protected":false},"featured_media":0,"template":"","meta":{"_acf_changed":false},"product_brand":[],"product_cat":[1003],"product_tag":[],"class_list":{"0":"post-13194","1":"product","2":"type-product","3":"status-publish","5":"product_cat-chip-pt-br","6":"no-thumb","8":"first","9":"instock","10":"shipping-taxable","11":"purchasable","12":"product-type-variable"},"acf":[],"yoast_head":"<!-- This site is optimized with the Yoast SEO plugin v26.5 - https:\/\/yoast.com\/wordpress\/plugins\/seo\/ -->\n<title>SOFTBANK 1GB COM TELEFONE - i-Nextia<\/title>\n<meta name=\"robots\" content=\"index, follow, max-snippet:-1, max-image-preview:large, max-video-preview:-1\" \/>\n<link rel=\"canonical\" href=\"https:\/\/i-nextia.com\/pt-br\/shop\/softbank-1gb-with-phone\/\" \/>\n<meta property=\"og:locale\" content=\"pt_BR\" \/>\n<meta property=\"og:type\" content=\"article\" \/>\n<meta property=\"og:title\" content=\"SOFTBANK 1GB COM TELEFONE - i-Nextia\" \/>\n<meta property=\"og:description\" content=\"[vc_row css=&#8221;.vc_custom_1614913707144{padding-bottom: 35px !important;background-color: #f8f8f8 !important;}&#8221;][vc_column][vc_custom_heading text=&#8221;O VALOR A SER PAGO NA ENTREGA VAI DEPENDER DO MODELO DE TELEFONE ESCOLHIDO&#8221; font_container=&#8221;tag:h3|text_align:center|color:%23286e8a&#8221; google_fonts=&#8221;font_family:Raleway%3A100%2C200%2C300%2Cregular%2C500%2C600%2C700%2C800%2C900|font_style:600%20bold%20regular%3A600%3Anormal&#8221; t_supro_heading=&#8221;&#8221; m_supro_heading=&#8221;&#8221;][vc_row_inner equal_height=&#8221;yes&#8221; gap=&#8221;15&#8243; css=&#8221;.vc_custom_1614750549355{margin-right: 25px !important;margin-left: 15px !important;}&#8221;][vc_column_inner width=&#8221;1\/5&#8243; css=&#8221;.vc_custom_1614912579008{padding-right: 10px !important;padding-left: 10px !important;border-radius: 10px !important;}&#8221;][vc_single_image image=&#8221;13362&#8243; alignment=&#8221;center&#8221;][vc_column_text] Contrato de 1 ano cancelamento antes desse prazo tem multa de \u00a5 11000 [\/vc_column_text][\/vc_column_inner][vc_column_inner [&hellip;]\" \/>\n<meta property=\"og:url\" content=\"https:\/\/i-nextia.com\/pt-br\/shop\/softbank-1gb-with-phone\/\" \/>\n<meta property=\"og:site_name\" content=\"i-Nextia\" \/>\n<meta property=\"article:modified_time\" content=\"2021-08-09T13:04:54+00:00\" \/>\n<meta property=\"og:image\" content=\"https:\/\/files.i-nextia.com\/wp-content\/uploads\/2021\/02\/06062856\/CHIP-01GB.png\" \/>\n\t<meta property=\"og:image:width\" content=\"1080\" \/>\n\t<meta property=\"og:image:height\" content=\"1080\" \/>\n\t<meta property=\"og:image:type\" content=\"image\/png\" \/>\n<meta name=\"twitter:card\" content=\"summary_large_image\" \/>\n<meta name=\"twitter:label1\" content=\"Est. tempo de leitura\" \/>\n\t<meta name=\"twitter:data1\" content=\"1 minuto\" \/>\n<script type=\"application\/ld+json\" class=\"yoast-schema-graph\">{\"@context\":\"https:\/\/schema.org\",\"@graph\":[{\"@type\":\"WebPage\",\"@id\":\"https:\/\/i-nextia.com\/pt-br\/shop\/softbank-1gb-with-phone\/\",\"url\":\"https:\/\/i-nextia.com\/pt-br\/shop\/softbank-1gb-with-phone\/\",\"name\":\"SOFTBANK 1GB COM TELEFONE - i-Nextia\",\"isPartOf\":{\"@id\":\"https:\/\/i-nextia.com\/pt-br\/#website\"},\"datePublished\":\"2021-03-03T20:20:53+00:00\",\"dateModified\":\"2021-08-09T13:04:54+00:00\",\"breadcrumb\":{\"@id\":\"https:\/\/i-nextia.com\/pt-br\/shop\/softbank-1gb-with-phone\/#breadcrumb\"},\"inLanguage\":\"pt-BR\",\"potentialAction\":[{\"@type\":\"ReadAction\",\"target\":[\"https:\/\/i-nextia.com\/pt-br\/shop\/softbank-1gb-with-phone\/\"]}]},{\"@type\":\"BreadcrumbList\",\"@id\":\"https:\/\/i-nextia.com\/pt-br\/shop\/softbank-1gb-with-phone\/#breadcrumb\",\"itemListElement\":[{\"@type\":\"ListItem\",\"position\":1,\"name\":\"Home\",\"item\":\"https:\/\/i-nextia.com\/pt-br\/\"},{\"@type\":\"ListItem\",\"position\":2,\"name\":\"Shop\",\"item\":\"https:\/\/i-nextia.com\/en\/shop\/\"},{\"@type\":\"ListItem\",\"position\":3,\"name\":\"SOFTBANK 1GB COM TELEFONE\"}]},{\"@type\":\"WebSite\",\"@id\":\"https:\/\/i-nextia.com\/pt-br\/#website\",\"url\":\"https:\/\/i-nextia.com\/pt-br\/\",\"name\":\"i-Nextia\",\"description\":\"i-Nextia Internet Services\",\"publisher\":{\"@id\":\"https:\/\/i-nextia.com\/pt-br\/#organization\"},\"potentialAction\":[{\"@type\":\"SearchAction\",\"target\":{\"@type\":\"EntryPoint\",\"urlTemplate\":\"https:\/\/i-nextia.com\/pt-br\/?s={search_term_string}\"},\"query-input\":{\"@type\":\"PropertyValueSpecification\",\"valueRequired\":true,\"valueName\":\"search_term_string\"}}],\"inLanguage\":\"pt-BR\"},{\"@type\":\"Organization\",\"@id\":\"https:\/\/i-nextia.com\/pt-br\/#organization\",\"name\":\"I-Nextia\",\"url\":\"https:\/\/i-nextia.com\/pt-br\/\",\"logo\":{\"@type\":\"ImageObject\",\"inLanguage\":\"pt-BR\",\"@id\":\"https:\/\/i-nextia.com\/pt-br\/#\/schema\/logo\/image\/\",\"url\":\"https:\/\/files.i-nextia.com\/wp-content\/uploads\/2021\/02\/06063029\/logo-380px.png\",\"contentUrl\":\"https:\/\/files.i-nextia.com\/wp-content\/uploads\/2021\/02\/06063029\/logo-380px.png\",\"width\":380,\"height\":114,\"caption\":\"I-Nextia\"},\"image\":{\"@id\":\"https:\/\/i-nextia.com\/pt-br\/#\/schema\/logo\/image\/\"}}]}<\/script>\n<!-- \/ Yoast SEO plugin. -->","yoast_head_json":{"title":"SOFTBANK 1GB COM TELEFONE - i-Nextia","robots":{"index":"index","follow":"follow","max-snippet":"max-snippet:-1","max-image-preview":"max-image-preview:large","max-video-preview":"max-video-preview:-1"},"canonical":"https:\/\/i-nextia.com\/pt-br\/shop\/softbank-1gb-with-phone\/","og_locale":"pt_BR","og_type":"article","og_title":"SOFTBANK 1GB COM TELEFONE - i-Nextia","og_description":"[vc_row css=&#8221;.vc_custom_1614913707144{padding-bottom: 35px !important;background-color: #f8f8f8 !important;}&#8221;][vc_column][vc_custom_heading text=&#8221;O VALOR A SER PAGO NA ENTREGA VAI DEPENDER DO MODELO DE TELEFONE ESCOLHIDO&#8221; font_container=&#8221;tag:h3|text_align:center|color:%23286e8a&#8221; google_fonts=&#8221;font_family:Raleway%3A100%2C200%2C300%2Cregular%2C500%2C600%2C700%2C800%2C900|font_style:600%20bold%20regular%3A600%3Anormal&#8221; t_supro_heading=&#8221;&#8221; m_supro_heading=&#8221;&#8221;][vc_row_inner equal_height=&#8221;yes&#8221; gap=&#8221;15&#8243; css=&#8221;.vc_custom_1614750549355{margin-right: 25px !important;margin-left: 15px !important;}&#8221;][vc_column_inner width=&#8221;1\/5&#8243; css=&#8221;.vc_custom_1614912579008{padding-right: 10px !important;padding-left: 10px !important;border-radius: 10px !important;}&#8221;][vc_single_image image=&#8221;13362&#8243; alignment=&#8221;center&#8221;][vc_column_text] Contrato de 1 ano cancelamento antes desse prazo tem multa de \u00a5 11000 [\/vc_column_text][\/vc_column_inner][vc_column_inner [&hellip;]","og_url":"https:\/\/i-nextia.com\/pt-br\/shop\/softbank-1gb-with-phone\/","og_site_name":"i-Nextia","article_modified_time":"2021-08-09T13:04:54+00:00","og_image":[{"width":1080,"height":1080,"url":"https:\/\/files.i-nextia.com\/wp-content\/uploads\/2021\/02\/06062856\/CHIP-01GB.png","type":"image\/png"}],"twitter_card":"summary_large_image","twitter_misc":{"Est. tempo de leitura":"1 minuto"},"schema":{"@context":"https:\/\/schema.org","@graph":[{"@type":"WebPage","@id":"https:\/\/i-nextia.com\/pt-br\/shop\/softbank-1gb-with-phone\/","url":"https:\/\/i-nextia.com\/pt-br\/shop\/softbank-1gb-with-phone\/","name":"SOFTBANK 1GB COM TELEFONE - i-Nextia","isPartOf":{"@id":"https:\/\/i-nextia.com\/pt-br\/#website"},"datePublished":"2021-03-03T20:20:53+00:00","dateModified":"2021-08-09T13:04:54+00:00","breadcrumb":{"@id":"https:\/\/i-nextia.com\/pt-br\/shop\/softbank-1gb-with-phone\/#breadcrumb"},"inLanguage":"pt-BR","potentialAction":[{"@type":"ReadAction","target":["https:\/\/i-nextia.com\/pt-br\/shop\/softbank-1gb-with-phone\/"]}]},{"@type":"BreadcrumbList","@id":"https:\/\/i-nextia.com\/pt-br\/shop\/softbank-1gb-with-phone\/#breadcrumb","itemListElement":[{"@type":"ListItem","position":1,"name":"Home","item":"https:\/\/i-nextia.com\/pt-br\/"},{"@type":"ListItem","position":2,"name":"Shop","item":"https:\/\/i-nextia.com\/en\/shop\/"},{"@type":"ListItem","position":3,"name":"SOFTBANK 1GB COM TELEFONE"}]},{"@type":"WebSite","@id":"https:\/\/i-nextia.com\/pt-br\/#website","url":"https:\/\/i-nextia.com\/pt-br\/","name":"i-Nextia","description":"i-Nextia Internet Services","publisher":{"@id":"https:\/\/i-nextia.com\/pt-br\/#organization"},"potentialAction":[{"@type":"SearchAction","target":{"@type":"EntryPoint","urlTemplate":"https:\/\/i-nextia.com\/pt-br\/?s={search_term_string}"},"query-input":{"@type":"PropertyValueSpecification","valueRequired":true,"valueName":"search_term_string"}}],"inLanguage":"pt-BR"},{"@type":"Organization","@id":"https:\/\/i-nextia.com\/pt-br\/#organization","name":"I-Nextia","url":"https:\/\/i-nextia.com\/pt-br\/","logo":{"@type":"ImageObject","inLanguage":"pt-BR","@id":"https:\/\/i-nextia.com\/pt-br\/#\/schema\/logo\/image\/","url":"https:\/\/files.i-nextia.com\/wp-content\/uploads\/2021\/02\/06063029\/logo-380px.png","contentUrl":"https:\/\/files.i-nextia.com\/wp-content\/uploads\/2021\/02\/06063029\/logo-380px.png","width":380,"height":114,"caption":"I-Nextia"},"image":{"@id":"https:\/\/i-nextia.com\/pt-br\/#\/schema\/logo\/image\/"}}]}},"_links":{"self":[{"href":"https:\/\/i-nextia.com\/pt-br\/wp-json\/wp\/v2\/product\/13194","targetHints":{"allow":["GET"]}}],"collection":[{"href":"https:\/\/i-nextia.com\/pt-br\/wp-json\/wp\/v2\/product"}],"about":[{"href":"https:\/\/i-nextia.com\/pt-br\/wp-json\/wp\/v2\/types\/product"}],"wp:attachment":[{"href":"https:\/\/i-nextia.com\/pt-br\/wp-json\/wp\/v2\/media?parent=13194"}],"wp:term":[{"taxonomy":"product_brand","embeddable":true,"href":"https:\/\/i-nextia.com\/pt-br\/wp-json\/wp\/v2\/product_brand?post=13194"},{"taxonomy":"product_cat","embeddable":true,"href":"https:\/\/i-nextia.com\/pt-br\/wp-json\/wp\/v2\/product_cat?post=13194"},{"taxonomy":"product_tag","embeddable":true,"href":"https:\/\/i-nextia.com\/pt-br\/wp-json\/wp\/v2\/product_tag?post=13194"}],"curies":[{"name":"wp","href":"https:\/\/api.w.org\/{rel}","templated":true}]}}