{"id":8129,"date":"2019-05-28T07:51:05","date_gmt":"2019-05-28T07:51:05","guid":{"rendered":"http:\/\/newstore.i-nextia.com\/?page_id=8129"},"modified":"2019-06-30T04:18:36","modified_gmt":"2019-06-29T19:18:36","slug":"quem-somos","status":"publish","type":"page","link":"https:\/\/i-nextia.com\/pt-br\/quem-somos\/","title":{"rendered":"Quem somos"},"content":{"rendered":"[vc_row][vc_column offset=&#8221;vc_hidden-xs&#8221;]<div class=\"supro-empty-space \" style=\"\"><div class=\"supro_empty_space_lg\"  style=\"height: 50px\"><\/div><div class=\"supro_empty_space_md\"  style=\"height: 20px\"><\/div><div class=\"supro_empty_space_xs\"  style=\"height: 10px\"><\/div><\/div>[vc_custom_heading text=&#8221;SOBRE N\u00d3S&#8221; font_container=&#8221;tag:h2|text_align:center&#8221; google_fonts=&#8221;font_family:Raleway%3A100%2C200%2C300%2Cregular%2C500%2C600%2C700%2C800%2C900|font_style:400%20regular%3A400%3Anormal&#8221; letter_spacing=&#8221;8px&#8221; t_supro_heading=&#8221;&#8221; m_supro_heading=&#8221;&#8221;]<div class=\"supro-empty-space \" style=\"\"><div class=\"supro_empty_space_lg\"  style=\"height: 10px\"><\/div><div class=\"supro_empty_space_md\"  style=\"height: 5px\"><\/div><div class=\"supro_empty_space_xs\"  style=\"height: 2px\"><\/div><\/div>[vc_custom_heading text=&#8221;i-Nextia \u00e9 uma empresa especializada em servi\u00e7os de internet para toda comunidade estrangeira que vive no Jap\u00e3o.&#8221; font_container=&#8221;tag:h2|font_size:24|text_align:center&#8221; google_fonts=&#8221;font_family:Open%20Sans%3A300%2C300italic%2Cregular%2Citalic%2C600%2C600italic%2C700%2C700italic%2C800%2C800italic|font_style:300%20light%20regular%3A300%3Anormal&#8221; t_supro_heading=&#8221;&#8221; m_supro_heading=&#8221;&#8221; css=&#8221;.vc_custom_1559015582383{margin-right: 50px !important;margin-left: 50px !important;}&#8221;]<div class=\"supro-empty-space \" style=\"\"><div class=\"supro_empty_space_lg\"  style=\"height: 50px\"><\/div><div class=\"supro_empty_space_md\"  style=\"height: 30px\"><\/div><div class=\"supro_empty_space_xs\"  style=\"height: 20px\"><\/div><\/div>[\/vc_column][\/vc_row][vc_row][vc_column offset=&#8221;vc_hidden-lg vc_hidden-md vc_hidden-sm&#8221;]<div class=\"supro-empty-space \" style=\"\"><div class=\"supro_empty_space_lg\"  style=\"height: 50px\"><\/div><div class=\"supro_empty_space_md\"  style=\"height: 20px\"><\/div><div class=\"supro_empty_space_xs\"  style=\"height: 10px\"><\/div><\/div>[vc_custom_heading text=&#8221;SOBRE N\u00d3S&#8221; font_container=&#8221;tag:h2|text_align:center&#8221; google_fonts=&#8221;font_family:Raleway%3A100%2C200%2C300%2Cregular%2C500%2C600%2C700%2C800%2C900|font_style:400%20regular%3A400%3Anormal&#8221; letter_spacing=&#8221;8px&#8221; t_supro_heading=&#8221;&#8221; m_supro_heading=&#8221;&#8221;]<div class=\"supro-empty-space \" style=\"\"><div class=\"supro_empty_space_lg\"  style=\"height: 10px\"><\/div><div class=\"supro_empty_space_md\"  style=\"height: 5px\"><\/div><div class=\"supro_empty_space_xs\"  style=\"height: 2px\"><\/div><\/div>[vc_custom_heading text=&#8221;i-Nextia \u00e9 uma empresa especializada em servi\u00e7os de internet para toda comunidade estrangeira que vive no Jap\u00e3o.&#8221; font_container=&#8221;tag:h2|font_size:24|text_align:center&#8221; google_fonts=&#8221;font_family:Open%20Sans%3A300%2C300italic%2Cregular%2Citalic%2C600%2C600italic%2C700%2C700italic%2C800%2C800italic|font_style:300%20light%20regular%3A300%3Anormal&#8221; t_supro_heading=&#8221;&#8221; m_supro_heading=&#8221;&#8221;]<div class=\"supro-empty-space \" style=\"\"><div class=\"supro_empty_space_lg\"  style=\"height: 50px\"><\/div><div class=\"supro_empty_space_md\"  style=\"height: 30px\"><\/div><div class=\"supro_empty_space_xs\"  style=\"height: 20px\"><\/div><\/div>[\/vc_column][\/vc_row][vc_row][vc_column][vc_single_image image=&#8221;4199&#8243; img_size=&#8221;full&#8221; alignment=&#8221;center&#8221;]<div class=\"supro-empty-space \" style=\"\"><div class=\"supro_empty_space_lg\"  style=\"height: 100px\"><\/div><div class=\"supro_empty_space_md\"  style=\"height: 50px\"><\/div><div class=\"supro_empty_space_xs\"  style=\"height: 30px\"><\/div><\/div>[\/vc_column][\/vc_row][vc_row][vc_column width=&#8221;1\/2&#8243; offset=&#8221;vc_hidden-xs&#8221;][vc_custom_heading text=&#8221;N\u00f3s somos l\u00edderes nesse mercado, posi\u00e7\u00e3o alcan\u00e7ada em grande parte por recomenda\u00e7\u00e3o dos nossos clientes.&#8221; font_container=&#8221;tag:h2|font_size:16|text_align:left|line_height:26px&#8221; google_fonts=&#8221;font_family:Open%20Sans%3A300%2C300italic%2Cregular%2Citalic%2C600%2C600italic%2C700%2C700italic%2C800%2C800italic|font_style:400%20regular%3A400%3Anormal&#8221; t_supro_heading=&#8221;&#8221; m_supro_heading=&#8221;&#8221; css=&#8221;.vc_custom_1559014691603{margin-right: 50px !important;margin-left: 50px !important;}&#8221;][vc_custom_heading text=&#8221;Por ser especialista em prestar servi\u00e7os a comunidade estrangeira, a maioria dos nossos servi\u00e7os s\u00e3o pensados para satisfazer as necessidades de cada cliente, e por causa disse n\u00f3s conseguimos encontrar planos exclusivo e personalizados assim como um excelente servi\u00e7o de assist\u00eancia p\u00f3s venda.&#8221; font_container=&#8221;tag:h2|font_size:16|text_align:left|line_height:28px&#8221; google_fonts=&#8221;font_family:Open%20Sans%3A300%2C300italic%2Cregular%2Citalic%2C600%2C600italic%2C700%2C700italic%2C800%2C800italic|font_style:400%20regular%3A400%3Anormal&#8221; t_supro_heading=&#8221;&#8221; m_supro_heading=&#8221;&#8221; css=&#8221;.vc_custom_1559014727508{margin-right: 50px !important;margin-left: 50px !important;}&#8221;]<div class=\"supro-empty-space \" style=\"\"><div class=\"supro_empty_space_lg\"  style=\"height: 20px\"><\/div><div class=\"supro_empty_space_md\"  style=\"height: 10px\"><\/div><div class=\"supro_empty_space_xs\"  style=\"height: 10px\"><\/div><\/div>[\/vc_column][vc_column width=&#8221;1\/2&#8243;][vc_single_image image=&#8221;4205&#8243; img_size=&#8221;large&#8221; alignment=&#8221;center&#8221;][\/vc_column][\/vc_row][vc_row][vc_column width=&#8221;1\/2&#8243; offset=&#8221;vc_hidden-lg vc_hidden-md vc_hidden-sm&#8221;][vc_custom_heading text=&#8221;N\u00f3s somos l\u00edderes nesse mercado, posi\u00e7\u00e3o alcan\u00e7ada em grande parte por recomenda\u00e7\u00e3o dos nossos clientes.&#8221; font_container=&#8221;tag:h2|font_size:16|text_align:center|line_height:26px&#8221; google_fonts=&#8221;font_family:Open%20Sans%3A300%2C300italic%2Cregular%2Citalic%2C600%2C600italic%2C700%2C700italic%2C800%2C800italic|font_style:400%20regular%3A400%3Anormal&#8221; t_supro_heading=&#8221;&#8221; m_supro_heading=&#8221;&#8221;][vc_custom_heading text=&#8221;Por ser especialista em prestar servi\u00e7os a comunidade estrangeira, a maioria dos nossos servi\u00e7os s\u00e3o pensados para satisfazer as necessidades de cada cliente, e por causa disse n\u00f3s conseguimos encontrar planos exclusivo e personalizados assim como um excelente servi\u00e7o de assist\u00eancia p\u00f3s venda.&#8221; font_container=&#8221;tag:h2|font_size:16|text_align:center|line_height:28px&#8221; google_fonts=&#8221;font_family:Open%20Sans%3A300%2C300italic%2Cregular%2Citalic%2C600%2C600italic%2C700%2C700italic%2C800%2C800italic|font_style:400%20regular%3A400%3Anormal&#8221; t_supro_heading=&#8221;&#8221; m_supro_heading=&#8221;&#8221;]<div class=\"supro-empty-space \" style=\"\"><div class=\"supro_empty_space_lg\"  style=\"height: 20px\"><\/div><div class=\"supro_empty_space_md\"  style=\"height: 10px\"><\/div><div class=\"supro_empty_space_xs\"  style=\"height: 10px\"><\/div><\/div>[\/vc_column][vc_column width=&#8221;1\/2&#8243;][\/vc_column][\/vc_row][vc_row][vc_column]<div class=\"supro-empty-space \" style=\"\"><div class=\"supro_empty_space_lg\"  style=\"height: 80px\"><\/div><div class=\"supro_empty_space_md\"  style=\"height: 40px\"><\/div><div class=\"supro_empty_space_xs\"  style=\"height: 40px\"><\/div><\/div>[vc_single_image image=&#8221;4193&#8243; img_size=&#8221;full&#8221; alignment=&#8221;center&#8221;][\/vc_column][\/vc_row][vc_row][vc_column offset=&#8221;vc_hidden-xs&#8221;]<div class=\"supro-empty-space \" style=\"\"><div class=\"supro_empty_space_lg\"  style=\"height: 50px\"><\/div><div class=\"supro_empty_space_md\"  style=\"height: 20px\"><\/div><div class=\"supro_empty_space_xs\"  style=\"height: 20px\"><\/div><\/div>[vc_custom_heading text=&#8221;Uma outra caracter\u00edstica da nossa empresa \u00e9 o foco em prover informa\u00e7\u00f5es claras e detalhadas a respeito do servi\u00e7o que eles precisam. N\u00f3s estamos aqui com para orienta-los para que eles encontrem o melhor plano que se encaixe perfeitamente com suas necessidades e or\u00e7amento.&#8221; font_container=&#8221;tag:h2|font_size:16|text_align:center|line_height:28px&#8221; google_fonts=&#8221;font_family:Open%20Sans%3A300%2C300italic%2Cregular%2Citalic%2C600%2C600italic%2C700%2C700italic%2C800%2C800italic|font_style:400%20regular%3A400%3Anormal&#8221; t_supro_heading=&#8221;&#8221; m_supro_heading=&#8221;&#8221; css=&#8221;.vc_custom_1559014908431{margin-right: 50px !important;margin-left: 50px !important;}&#8221;]<div class=\"supro-empty-space \" style=\"\"><div class=\"supro_empty_space_lg\"  style=\"height: 20px\"><\/div><div class=\"supro_empty_space_md\"  style=\"height: 20px\"><\/div><div class=\"supro_empty_space_xs\"  style=\"height: 30px\"><\/div><\/div>[\/vc_column][\/vc_row][vc_row][vc_column offset=&#8221;vc_hidden-lg vc_hidden-md vc_hidden-sm&#8221;]<div class=\"supro-empty-space \" style=\"\"><div class=\"supro_empty_space_lg\"  style=\"height: 50px\"><\/div><div class=\"supro_empty_space_md\"  style=\"height: 20px\"><\/div><div class=\"supro_empty_space_xs\"  style=\"height: 20px\"><\/div><\/div>[vc_custom_heading text=&#8221;Uma outra caracter\u00edstica da nossa empresa \u00e9 o foco em prover informa\u00e7\u00f5es claras e detalhadas a respeito do servi\u00e7o que eles precisam. N\u00f3s estamos aqui com para orienta-los para que eles encontrem o melhor plano que se encaixe perfeitamente com suas necessidades e or\u00e7amento.&#8221; font_container=&#8221;tag:h2|font_size:16|text_align:center|line_height:28px&#8221; google_fonts=&#8221;font_family:Open%20Sans%3A300%2C300italic%2Cregular%2Citalic%2C600%2C600italic%2C700%2C700italic%2C800%2C800italic|font_style:400%20regular%3A400%3Anormal&#8221; t_supro_heading=&#8221;&#8221; m_supro_heading=&#8221;&#8221;]<div class=\"supro-empty-space \" style=\"\"><div class=\"supro_empty_space_lg\"  style=\"height: 20px\"><\/div><div class=\"supro_empty_space_md\"  style=\"height: 20px\"><\/div><div class=\"supro_empty_space_xs\"  style=\"height: 30px\"><\/div><\/div>[\/vc_column][\/vc_row][vc_row][vc_column][vc_custom_heading text=&#8221;i-Nextia &#8220;Profissionais em servi\u00e7os de Internet&#8220;&#8221; font_container=&#8221;tag:h2|font_size:36|text_align:center&#8221; google_fonts=&#8221;font_family:Open%20Sans%3A300%2C300italic%2Cregular%2Citalic%2C600%2C600italic%2C700%2C700italic%2C800%2C800italic|font_style:700%20bold%20regular%3A700%3Anormal&#8221; t_supro_heading=&#8221;&#8221; m_supro_heading=&#8221;&#8221;]<div class=\"supro-empty-space \" style=\"\"><div class=\"supro_empty_space_lg\"  style=\"height: 20px\"><\/div><div class=\"supro_empty_space_md\"  style=\"height: 20px\"><\/div><div class=\"supro_empty_space_xs\"  style=\"height: 30px\"><\/div><\/div>[\/vc_column][\/vc_row]\n","protected":false},"excerpt":{"rendered":"<p>[vc_row][vc_column offset=&#8221;vc_hidden-xs&#8221;][vc_custom_heading text=&#8221;SOBRE N\u00d3S&#8221; font_container=&#8221;tag:h2|text_align:center&#8221; google_fonts=&#8221;font_family:Raleway%3A100%2C200%2C300%2Cregular%2C500%2C600%2C700%2C800%2C900|font_style:400%20regular%3A400%3Anormal&#8221; letter_spacing=&#8221;8px&#8221; t_supro_heading=&#8221;&#8221; m_supro_heading=&#8221;&#8221;][vc_custom_heading text=&#8221;i-Nextia \u00e9 uma empresa especializada em servi\u00e7os de internet para toda comunidade estrangeira que vive no Jap\u00e3o.&#8221; font_container=&#8221;tag:h2|font_size:24|text_align:center&#8221; google_fonts=&#8221;font_family:Open%20Sans%3A300%2C300italic%2Cregular%2Citalic%2C600%2C600italic%2C700%2C700italic%2C800%2C800italic|font_style:300%20light%20regular%3A300%3Anormal&#8221; t_supro_heading=&#8221;&#8221; m_supro_heading=&#8221;&#8221; css=&#8221;.vc_custom_1559015582383{margin-right: 50px !important;margin-left: 50px !important;}&#8221;][\/vc_column][\/vc_row][vc_row][vc_column offset=&#8221;vc_hidden-lg vc_hidden-md vc_hidden-sm&#8221;][vc_custom_heading text=&#8221;SOBRE N\u00d3S&#8221; font_container=&#8221;tag:h2|text_align:center&#8221; google_fonts=&#8221;font_family:Raleway%3A100%2C200%2C300%2Cregular%2C500%2C600%2C700%2C800%2C900|font_style:400%20regular%3A400%3Anormal&#8221; letter_spacing=&#8221;8px&#8221; t_supro_heading=&#8221;&#8221; m_supro_heading=&#8221;&#8221;][vc_custom_heading text=&#8221;i-Nextia \u00e9 uma empresa especializada em servi\u00e7os de internet para [&hellip;]<\/p>\n","protected":false},"author":15,"featured_media":0,"parent":0,"menu_order":0,"comment_status":"closed","ping_status":"closed","template":"","meta":{"_acf_changed":false,"footnotes":""},"class_list":["post-8129","page","type-page","status-publish","hentry","no-thumb"],"acf":[],"yoast_head":"<!-- This site is optimized with the Yoast SEO plugin v26.5 - https:\/\/yoast.com\/wordpress\/plugins\/seo\/ -->\n<title>Quem somos - i-Nextia<\/title>\n<meta name=\"description\" content=\"i-Nextia \u00e9 uma empresa especializada em servi\u00e7os de internet para toda comunidade estrangeira que vive no Jap\u00e3o. N\u00f3s somos l\u00edderes nesse mercado\" \/>\n<meta name=\"robots\" content=\"index, follow, max-snippet:-1, max-image-preview:large, max-video-preview:-1\" \/>\n<link rel=\"canonical\" href=\"https:\/\/i-nextia.com\/pt-br\/quem-somos\/\" \/>\n<meta property=\"og:locale\" content=\"pt_BR\" \/>\n<meta property=\"og:type\" content=\"article\" \/>\n<meta property=\"og:title\" content=\"Quem somos - i-Nextia\" \/>\n<meta property=\"og:description\" content=\"i-Nextia \u00e9 uma empresa especializada em servi\u00e7os de internet para toda comunidade estrangeira que vive no Jap\u00e3o. N\u00f3s somos l\u00edderes nesse mercado\" \/>\n<meta property=\"og:url\" content=\"https:\/\/i-nextia.com\/pt-br\/quem-somos\/\" \/>\n<meta property=\"og:site_name\" content=\"i-Nextia\" \/>\n<meta property=\"article:modified_time\" content=\"2019-06-29T19:18:36+00:00\" \/>\n<meta property=\"og:image\" content=\"https:\/\/files.i-nextia.com\/wp-content\/uploads\/2019\/10\/06064423\/we-inextia-img.jpg\" \/>\n\t<meta property=\"og:image:width\" content=\"325\" \/>\n\t<meta property=\"og:image:height\" content=\"325\" \/>\n\t<meta property=\"og:image:type\" content=\"image\/jpeg\" \/>\n<meta name=\"twitter:card\" content=\"summary_large_image\" \/>\n<meta name=\"twitter:label1\" content=\"Est. tempo de leitura\" \/>\n\t<meta name=\"twitter:data1\" content=\"6 minutos\" \/>\n<script type=\"application\/ld+json\" class=\"yoast-schema-graph\">{\"@context\":\"https:\/\/schema.org\",\"@graph\":[{\"@type\":\"WebPage\",\"@id\":\"https:\/\/i-nextia.com\/pt-br\/quem-somos\/\",\"url\":\"https:\/\/i-nextia.com\/pt-br\/quem-somos\/\",\"name\":\"Quem somos - i-Nextia\",\"isPartOf\":{\"@id\":\"https:\/\/i-nextia.com\/pt-br\/#website\"},\"datePublished\":\"2019-05-28T07:51:05+00:00\",\"dateModified\":\"2019-06-29T19:18:36+00:00\",\"description\":\"i-Nextia \u00e9 uma empresa especializada em servi\u00e7os de internet para toda comunidade estrangeira que vive no Jap\u00e3o. N\u00f3s somos l\u00edderes nesse mercado\",\"breadcrumb\":{\"@id\":\"https:\/\/i-nextia.com\/pt-br\/quem-somos\/#breadcrumb\"},\"inLanguage\":\"pt-BR\",\"potentialAction\":[{\"@type\":\"ReadAction\",\"target\":[\"https:\/\/i-nextia.com\/pt-br\/quem-somos\/\"]}]},{\"@type\":\"BreadcrumbList\",\"@id\":\"https:\/\/i-nextia.com\/pt-br\/quem-somos\/#breadcrumb\",\"itemListElement\":[{\"@type\":\"ListItem\",\"position\":1,\"name\":\"Home\",\"item\":\"https:\/\/i-nextia.com\/pt-br\/\"},{\"@type\":\"ListItem\",\"position\":2,\"name\":\"Quem somos\"}]},{\"@type\":\"WebSite\",\"@id\":\"https:\/\/i-nextia.com\/pt-br\/#website\",\"url\":\"https:\/\/i-nextia.com\/pt-br\/\",\"name\":\"i-Nextia\",\"description\":\"i-Nextia Internet Services\",\"publisher\":{\"@id\":\"https:\/\/i-nextia.com\/pt-br\/#organization\"},\"potentialAction\":[{\"@type\":\"SearchAction\",\"target\":{\"@type\":\"EntryPoint\",\"urlTemplate\":\"https:\/\/i-nextia.com\/pt-br\/?s={search_term_string}\"},\"query-input\":{\"@type\":\"PropertyValueSpecification\",\"valueRequired\":true,\"valueName\":\"search_term_string\"}}],\"inLanguage\":\"pt-BR\"},{\"@type\":\"Organization\",\"@id\":\"https:\/\/i-nextia.com\/pt-br\/#organization\",\"name\":\"I-Nextia\",\"url\":\"https:\/\/i-nextia.com\/pt-br\/\",\"logo\":{\"@type\":\"ImageObject\",\"inLanguage\":\"pt-BR\",\"@id\":\"https:\/\/i-nextia.com\/pt-br\/#\/schema\/logo\/image\/\",\"url\":\"https:\/\/files.i-nextia.com\/wp-content\/uploads\/2021\/02\/06063029\/logo-380px.png\",\"contentUrl\":\"https:\/\/files.i-nextia.com\/wp-content\/uploads\/2021\/02\/06063029\/logo-380px.png\",\"width\":380,\"height\":114,\"caption\":\"I-Nextia\"},\"image\":{\"@id\":\"https:\/\/i-nextia.com\/pt-br\/#\/schema\/logo\/image\/\"}}]}<\/script>\n<!-- \/ Yoast SEO plugin. -->","yoast_head_json":{"title":"Quem somos - i-Nextia","description":"i-Nextia \u00e9 uma empresa especializada em servi\u00e7os de internet para toda comunidade estrangeira que vive no Jap\u00e3o. N\u00f3s somos l\u00edderes nesse mercado","robots":{"index":"index","follow":"follow","max-snippet":"max-snippet:-1","max-image-preview":"max-image-preview:large","max-video-preview":"max-video-preview:-1"},"canonical":"https:\/\/i-nextia.com\/pt-br\/quem-somos\/","og_locale":"pt_BR","og_type":"article","og_title":"Quem somos - i-Nextia","og_description":"i-Nextia \u00e9 uma empresa especializada em servi\u00e7os de internet para toda comunidade estrangeira que vive no Jap\u00e3o. N\u00f3s somos l\u00edderes nesse mercado","og_url":"https:\/\/i-nextia.com\/pt-br\/quem-somos\/","og_site_name":"i-Nextia","article_modified_time":"2019-06-29T19:18:36+00:00","og_image":[{"width":325,"height":325,"url":"https:\/\/files.i-nextia.com\/wp-content\/uploads\/2019\/10\/06064423\/we-inextia-img.jpg","type":"image\/jpeg"}],"twitter_card":"summary_large_image","twitter_misc":{"Est. tempo de leitura":"6 minutos"},"schema":{"@context":"https:\/\/schema.org","@graph":[{"@type":"WebPage","@id":"https:\/\/i-nextia.com\/pt-br\/quem-somos\/","url":"https:\/\/i-nextia.com\/pt-br\/quem-somos\/","name":"Quem somos - i-Nextia","isPartOf":{"@id":"https:\/\/i-nextia.com\/pt-br\/#website"},"datePublished":"2019-05-28T07:51:05+00:00","dateModified":"2019-06-29T19:18:36+00:00","description":"i-Nextia \u00e9 uma empresa especializada em servi\u00e7os de internet para toda comunidade estrangeira que vive no Jap\u00e3o. N\u00f3s somos l\u00edderes nesse mercado","breadcrumb":{"@id":"https:\/\/i-nextia.com\/pt-br\/quem-somos\/#breadcrumb"},"inLanguage":"pt-BR","potentialAction":[{"@type":"ReadAction","target":["https:\/\/i-nextia.com\/pt-br\/quem-somos\/"]}]},{"@type":"BreadcrumbList","@id":"https:\/\/i-nextia.com\/pt-br\/quem-somos\/#breadcrumb","itemListElement":[{"@type":"ListItem","position":1,"name":"Home","item":"https:\/\/i-nextia.com\/pt-br\/"},{"@type":"ListItem","position":2,"name":"Quem somos"}]},{"@type":"WebSite","@id":"https:\/\/i-nextia.com\/pt-br\/#website","url":"https:\/\/i-nextia.com\/pt-br\/","name":"i-Nextia","description":"i-Nextia Internet Services","publisher":{"@id":"https:\/\/i-nextia.com\/pt-br\/#organization"},"potentialAction":[{"@type":"SearchAction","target":{"@type":"EntryPoint","urlTemplate":"https:\/\/i-nextia.com\/pt-br\/?s={search_term_string}"},"query-input":{"@type":"PropertyValueSpecification","valueRequired":true,"valueName":"search_term_string"}}],"inLanguage":"pt-BR"},{"@type":"Organization","@id":"https:\/\/i-nextia.com\/pt-br\/#organization","name":"I-Nextia","url":"https:\/\/i-nextia.com\/pt-br\/","logo":{"@type":"ImageObject","inLanguage":"pt-BR","@id":"https:\/\/i-nextia.com\/pt-br\/#\/schema\/logo\/image\/","url":"https:\/\/files.i-nextia.com\/wp-content\/uploads\/2021\/02\/06063029\/logo-380px.png","contentUrl":"https:\/\/files.i-nextia.com\/wp-content\/uploads\/2021\/02\/06063029\/logo-380px.png","width":380,"height":114,"caption":"I-Nextia"},"image":{"@id":"https:\/\/i-nextia.com\/pt-br\/#\/schema\/logo\/image\/"}}]}},"_links":{"self":[{"href":"https:\/\/i-nextia.com\/pt-br\/wp-json\/wp\/v2\/pages\/8129","targetHints":{"allow":["GET"]}}],"collection":[{"href":"https:\/\/i-nextia.com\/pt-br\/wp-json\/wp\/v2\/pages"}],"about":[{"href":"https:\/\/i-nextia.com\/pt-br\/wp-json\/wp\/v2\/types\/page"}],"author":[{"embeddable":true,"href":"https:\/\/i-nextia.com\/pt-br\/wp-json\/wp\/v2\/users\/15"}],"replies":[{"embeddable":true,"href":"https:\/\/i-nextia.com\/pt-br\/wp-json\/wp\/v2\/comments?post=8129"}],"version-history":[{"count":0,"href":"https:\/\/i-nextia.com\/pt-br\/wp-json\/wp\/v2\/pages\/8129\/revisions"}],"wp:attachment":[{"href":"https:\/\/i-nextia.com\/pt-br\/wp-json\/wp\/v2\/media?parent=8129"}],"curies":[{"name":"wp","href":"https:\/\/api.w.org\/{rel}","templated":true}]}}