{"id":8058,"date":"2019-05-28T05:44:37","date_gmt":"2019-05-28T05:44:37","guid":{"rendered":"http:\/\/newstore.i-nextia.com\/?page_id=8058"},"modified":"2026-02-03T14:49:53","modified_gmt":"2026-02-03T05:49:53","slug":"home","status":"publish","type":"page","link":"https:\/\/i-nextia.com\/pt-br\/","title":{"rendered":"Home"},"content":{"rendered":"[vc_row full_width=&#8221;stretch_row_content_no_spaces&#8221;][vc_column][rev_slider_vc alias=&#8221;news-gallery-port&#8221;][\/vc_column][\/vc_row][vc_row full_width=&#8221;stretch_row&#8221; content_placement=&#8221;bottom&#8221; el_class=&#8221;supro-no-margin&#8221; css=&#8221;.vc_custom_1540445242361{margin-top: -35px !important;}&#8221;][vc_column css_animation=&#8221;appear&#8221; width=&#8221;1\/3&#8243; offset=&#8221;vc_col-sm-offset-0&#8243;][\/vc_column][vc_column css_animation=&#8221;appear&#8221; width=&#8221;1\/3&#8243; offset=&#8221;vc_col-sm-offset-0&#8243;]<div class=\"supro-empty-space \" style=\"\"><div class=\"supro_empty_space_lg\"  style=\"height: 80px\"><\/div><div class=\"supro_empty_space_md\"  style=\"height: 30px\"><\/div><div class=\"supro_empty_space_xs\"  style=\"height: 15px\"><\/div><\/div>[vc_column_text]\n<h1 style=\"text-align: center;\">Nossos Servi\u00e7os<\/h1>\n[\/vc_column_text][\/vc_column][vc_column css_animation=&#8221;appear&#8221; width=&#8221;1\/3&#8243;][\/vc_column][\/vc_row][vc_row][vc_column]<div class=\"supro-empty-space \" style=\"\"><div class=\"supro_empty_space_lg\"  style=\"height: 95px\"><\/div><div class=\"supro_empty_space_md\"  style=\"height: 60px\"><\/div><div class=\"supro_empty_space_xs\"  style=\"height: 30px\"><\/div><\/div>[\/vc_column][\/vc_row][vc_row gap=&#8221;35&#8243;][vc_column width=&#8221;1\/3&#8243; css=&#8221;.vc_custom_1547268674937{margin-right: 10px !important;margin-left: 0px !important;}&#8221;][vc_single_image image=&#8221;16355&#8243; img_size=&#8221;full&#8221; alignment=&#8221;center&#8221;][vc_custom_heading text=&#8221;Chip Pr\u00e9-pago&#8221; font_container=&#8221;tag:h2|text_align:center&#8221; use_theme_fonts=&#8221;yes&#8221; t_supro_heading=&#8221;&#8221; m_supro_heading=&#8221;&#8221;][vc_column_text]\n<p style=\"text-align: center;\">Chamadas Ilimitadas e Internet<\/p>\n[\/vc_column_text]<div class=\"supro-empty-space \" style=\"\"><div class=\"supro_empty_space_lg\"  style=\"height: 15px\"><\/div><div class=\"supro_empty_space_md\"  style=\"height: 15px\"><\/div><div class=\"supro_empty_space_xs\"  style=\"height: 15px\"><\/div><\/div>[vc_btn title=&#8221;VER MAIS&#8221; color=&#8221;warning&#8221; align=&#8221;center&#8221; link=&#8221;url:https%3A%2F%2Fi-nextia.com%2Fpt-br%2Fchip-prepaid-service%2F|title:VER%20MAIS||&#8221;][\/vc_column][vc_column width=&#8221;1\/3&#8243;][vc_single_image image=&#8221;16356&#8243; img_size=&#8221;full&#8221; alignment=&#8221;center&#8221;][vc_custom_heading text=&#8221;Smartphones&#8221; font_container=&#8221;tag:h2|text_align:center&#8221; use_theme_fonts=&#8221;yes&#8221; t_supro_heading=&#8221;&#8221; m_supro_heading=&#8221;&#8221;][vc_column_text]\n<p style=\"text-align: center;\">Aparelhos telef\u00f4nicos desbloqueados de f\u00e1brica<\/p>\n[\/vc_column_text]<div class=\"supro-empty-space \" style=\"\"><div class=\"supro_empty_space_lg\"  style=\"height: 15px\"><\/div><div class=\"supro_empty_space_md\"  style=\"height: 15px\"><\/div><div class=\"supro_empty_space_xs\"  style=\"height: 15px\"><\/div><\/div>[vc_btn title=&#8221;VER MAIS&#8221; color=&#8221;warning&#8221; align=&#8221;center&#8221; link=&#8221;url:https%3A%2F%2Fi-nextia.com%2Fpt-br%2Fsmartphones-desbloqueados-2%2F|title:VER%20MAIS||&#8221;][\/vc_column][vc_column width=&#8221;1\/3&#8243; el_class=&#8221;text-right&#8221; css=&#8221;.vc_custom_1547268544546{margin-right: 10px !important;margin-left: 0px !important;}&#8221;][vc_single_image image=&#8221;16353&#8243; img_size=&#8221;full&#8221; alignment=&#8221;center&#8221;][vc_custom_heading text=&#8221;Internet M\u00f3vel&#8221; font_container=&#8221;tag:h2|text_align:center&#8221; use_theme_fonts=&#8221;yes&#8221; t_supro_heading=&#8221;&#8221; m_supro_heading=&#8221;&#8221;][vc_column_text]\n<p style=\"text-align: center;\">Internet em Qualquer Lugar<\/p>\n[\/vc_column_text]<div class=\"supro-empty-space \" style=\"\"><div class=\"supro_empty_space_lg\"  style=\"height: 15px\"><\/div><div class=\"supro_empty_space_md\"  style=\"height: 15px\"><\/div><div class=\"supro_empty_space_xs\"  style=\"height: 15px\"><\/div><\/div>[vc_btn title=&#8221;VER MAIS&#8221; color=&#8221;warning&#8221; align=&#8221;center&#8221; link=&#8221;url:https%3A%2F%2Fi-nextia.com%2Fpt-br%2Fservico-internet-movel%2F|title:VER%20MAIS||&#8221;][\/vc_column][\/vc_row][vc_row][vc_column]<div class=\"supro-empty-space \" style=\"\"><div class=\"supro_empty_space_lg\"  style=\"height: 60px\"><\/div><div class=\"supro_empty_space_md\"  style=\"height: 60px\"><\/div><div class=\"supro_empty_space_xs\"  style=\"height: 30px\"><\/div><\/div>[\/vc_column][\/vc_row][vc_row full_width=&#8221;stretch_row&#8221; content_placement=&#8221;bottom&#8221; el_class=&#8221;supro-no-margin&#8221; css=&#8221;.vc_custom_1540445242361{margin-top: -35px !important;}&#8221;][vc_column css_animation=&#8221;appear&#8221; width=&#8221;1\/3&#8243; offset=&#8221;vc_col-sm-offset-0&#8243;][\/vc_column][vc_column css_animation=&#8221;appear&#8221; width=&#8221;1\/3&#8243; offset=&#8221;vc_col-sm-offset-0&#8243;][vc_column_text]\n<h1 style=\"text-align: center;\">Celulares Desbloqueados<\/h1>\n<p><span style=\"display: inline-block; width: 0px; overflow: hidden; line-height: 0;\" data-mce-type=\"bookmark\" class=\"mce_SELRES_start\">\ufeff<\/span>[\/vc_column_text][\/vc_column][vc_column css_animation=&#8221;appear&#8221; width=&#8221;1\/3&#8243;][\/vc_column][\/vc_row][vc_row gap=&#8221;35&#8243; disable_element=&#8221;yes&#8221;][vc_column el_class=&#8221;text-right&#8221; css=&#8221;.vc_custom_1547268699835{margin-right: 10px !important;margin-left: 0px !important;}&#8221;]<div class=\"supro-product-banner   odd-banner-finished\"><div class=\"banner-group clearfix\"><a href=\"http:\/\/13.114.64.156\/internet-residencial\/\" class=\"banner-url odd-banner\"><img loading=\"lazy\" decoding=\"async\" class=\"\" src=\"https:\/\/files.i-nextia.com\/wp-content\/uploads\/2018\/10\/06072535\/residencial-ok-01-547x450.jpg\" width=\"547\" height=\"450\" alt=\"residencial-ok-01\" title=\"residencial-ok-01\" \/><span class=\"banner-content\"><span class=\"title\">Home Internet<\/span><span class=\"price\">Super Fast!<\/span><span class=\"banner-btn\">SEE MORE<\/span><\/span><\/a><\/div><\/div>[\/vc_column][\/vc_row][vc_row][vc_column][vc_row_inner][vc_column_inner width=&#8221;1\/3&#8243;][vc_single_image image=&#8221;18110&#8243; img_size=&#8221;full&#8221; alignment=&#8221;center&#8221;][\/vc_column_inner][vc_column_inner width=&#8221;1\/3&#8243;][vc_single_image image=&#8221;18107&#8243; img_size=&#8221;full&#8221; alignment=&#8221;center&#8221;][\/vc_column_inner][vc_column_inner width=&#8221;1\/3&#8243;][vc_single_image image=&#8221;18152&#8243; img_size=&#8221;full&#8221; alignment=&#8221;center&#8221;][\/vc_column_inner][\/vc_row_inner]<div class=\"supro-empty-space \" style=\"\"><div class=\"supro_empty_space_lg\"  style=\"height: 70px\"><\/div><div class=\"supro_empty_space_md\"  style=\"height: 70px\"><\/div><div class=\"supro_empty_space_xs\"  style=\"height: 70px\"><\/div><\/div>[vc_btn title=&#8221;VER MAIS&#8221; color=&#8221;warning&#8221; align=&#8221;center&#8221; link=&#8221;url:https%3A%2F%2Fi-nextia.com%2Fpt-br%2Fsmartphones-desbloqueados-2%2F|title:VER%20MAIS||&#8221;]<div class=\"supro-empty-space \" style=\"\"><div class=\"supro_empty_space_lg\"  style=\"height: 70px\"><\/div><div class=\"supro_empty_space_md\"  style=\"height: 70px\"><\/div><div class=\"supro_empty_space_xs\"  style=\"height: 70px\"><\/div><\/div>[\/vc_column][\/vc_row]\n","protected":false},"excerpt":{"rendered":"<p>[vc_row full_width=&#8221;stretch_row_content_no_spaces&#8221;][vc_column][rev_slider_vc alias=&#8221;news-gallery-port&#8221;][\/vc_column][\/vc_row][vc_row full_width=&#8221;stretch_row&#8221; content_placement=&#8221;bottom&#8221; el_class=&#8221;supro-no-margin&#8221; css=&#8221;.vc_custom_1540445242361{margin-top: -35px !important;}&#8221;][vc_column css_animation=&#8221;appear&#8221; width=&#8221;1\/3&#8243; offset=&#8221;vc_col-sm-offset-0&#8243;][\/vc_column][vc_column css_animation=&#8221;appear&#8221; width=&#8221;1\/3&#8243; offset=&#8221;vc_col-sm-offset-0&#8243;][vc_column_text] Nossos Servi\u00e7os [\/vc_column_text][\/vc_column][vc_column css_animation=&#8221;appear&#8221; width=&#8221;1\/3&#8243;][\/vc_column][\/vc_row][vc_row][vc_column][\/vc_column][\/vc_row][vc_row gap=&#8221;35&#8243;][vc_column width=&#8221;1\/3&#8243; css=&#8221;.vc_custom_1547268674937{margin-right: 10px !important;margin-left: 0px !important;}&#8221;][vc_single_image image=&#8221;16355&#8243; img_size=&#8221;full&#8221; alignment=&#8221;center&#8221;][vc_custom_heading text=&#8221;Chip Pr\u00e9-pago&#8221; font_container=&#8221;tag:h2|text_align:center&#8221; use_theme_fonts=&#8221;yes&#8221; t_supro_heading=&#8221;&#8221; m_supro_heading=&#8221;&#8221;][vc_column_text] Chamadas Ilimitadas e Internet [\/vc_column_text][vc_btn title=&#8221;VER MAIS&#8221; color=&#8221;warning&#8221; align=&#8221;center&#8221; link=&#8221;url:https%3A%2F%2Fi-nextia.com%2Fpt-br%2Fchip-prepaid-service%2F|title:VER%20MAIS||&#8221;][\/vc_column][vc_column width=&#8221;1\/3&#8243;][vc_single_image image=&#8221;16356&#8243; img_size=&#8221;full&#8221; alignment=&#8221;center&#8221;][vc_custom_heading text=&#8221;Smartphones&#8221; font_container=&#8221;tag:h2|text_align:center&#8221; use_theme_fonts=&#8221;yes&#8221; t_supro_heading=&#8221;&#8221; m_supro_heading=&#8221;&#8221;][vc_column_text] [&hellip;]<\/p>\n","protected":false},"author":15,"featured_media":0,"parent":0,"menu_order":0,"comment_status":"closed","ping_status":"closed","template":"template-homepage.php","meta":{"_acf_changed":false,"footnotes":""},"class_list":["post-8058","page","type-page","status-publish","hentry","no-thumb"],"acf":[],"yoast_head":"<!-- This site is optimized with the Yoast SEO plugin v26.5 - https:\/\/yoast.com\/wordpress\/plugins\/seo\/ -->\n<title>i-Nextia - Servi\u00e7os da Internet- M\u00f3veis Residenciais<\/title>\n<meta name=\"description\" content=\"Servi\u00e7os de Internet para estrangeiros hospedados no Jap\u00e3o sem contratos ou multas. (M\u00f3vel WiFi, residencial ou plano de chamadas ilimitada para smartphone)\" \/>\n<meta name=\"robots\" content=\"index, follow, max-snippet:-1, max-image-preview:large, max-video-preview:-1\" \/>\n<link rel=\"canonical\" href=\"https:\/\/i-nextia.com\/pt-br\/\" \/>\n<meta property=\"og:locale\" content=\"pt_BR\" \/>\n<meta property=\"og:type\" content=\"article\" \/>\n<meta property=\"og:title\" content=\"i-Nextia - Servi\u00e7os da Internet- M\u00f3veis Residenciais\" \/>\n<meta property=\"og:description\" content=\"Servi\u00e7os de Internet para estrangeiros hospedados no Jap\u00e3o sem contratos ou multas. (M\u00f3vel WiFi, residencial ou plano de chamadas ilimitada para smartphone)\" \/>\n<meta property=\"og:url\" content=\"https:\/\/i-nextia.com\/pt-br\/\" \/>\n<meta property=\"og:site_name\" content=\"i-Nextia\" \/>\n<meta property=\"article:modified_time\" content=\"2026-02-03T05:49:53+00:00\" \/>\n<meta property=\"og:image\" content=\"https:\/\/files.i-nextia.com\/wp-content\/uploads\/2019\/10\/06064423\/we-inextia-img.jpg\" \/>\n\t<meta property=\"og:image:width\" content=\"325\" \/>\n\t<meta property=\"og:image:height\" content=\"325\" \/>\n\t<meta property=\"og:image:type\" content=\"image\/jpeg\" \/>\n<meta name=\"twitter:card\" content=\"summary_large_image\" \/>\n<meta name=\"twitter:label1\" content=\"Est. tempo de leitura\" \/>\n\t<meta name=\"twitter:data1\" content=\"1 minuto\" \/>\n<script type=\"application\/ld+json\" class=\"yoast-schema-graph\">{\"@context\":\"https:\/\/schema.org\",\"@graph\":[{\"@type\":\"WebPage\",\"@id\":\"https:\/\/i-nextia.com\/pt-br\/\",\"url\":\"https:\/\/i-nextia.com\/pt-br\/\",\"name\":\"i-Nextia - Servi\u00e7os da Internet- M\u00f3veis Residenciais\",\"isPartOf\":{\"@id\":\"https:\/\/i-nextia.com\/pt-br\/#website\"},\"datePublished\":\"2019-05-28T05:44:37+00:00\",\"dateModified\":\"2026-02-03T05:49:53+00:00\",\"description\":\"Servi\u00e7os de Internet para estrangeiros hospedados no Jap\u00e3o sem contratos ou multas. (M\u00f3vel WiFi, residencial ou plano de chamadas ilimitada para smartphone)\",\"breadcrumb\":{\"@id\":\"https:\/\/i-nextia.com\/pt-br\/#breadcrumb\"},\"inLanguage\":\"pt-BR\",\"potentialAction\":[{\"@type\":\"ReadAction\",\"target\":[\"https:\/\/i-nextia.com\/pt-br\/\"]}]},{\"@type\":\"BreadcrumbList\",\"@id\":\"https:\/\/i-nextia.com\/pt-br\/#breadcrumb\",\"itemListElement\":[{\"@type\":\"ListItem\",\"position\":1,\"name\":\"Home\",\"item\":\"https:\/\/i-nextia.com\/pt-br\/\"},{\"@type\":\"ListItem\",\"position\":2,\"name\":\"Home\"}]},{\"@type\":\"WebSite\",\"@id\":\"https:\/\/i-nextia.com\/pt-br\/#website\",\"url\":\"https:\/\/i-nextia.com\/pt-br\/\",\"name\":\"i-Nextia\",\"description\":\"i-Nextia Internet Services\",\"publisher\":{\"@id\":\"https:\/\/i-nextia.com\/pt-br\/#organization\"},\"potentialAction\":[{\"@type\":\"SearchAction\",\"target\":{\"@type\":\"EntryPoint\",\"urlTemplate\":\"https:\/\/i-nextia.com\/pt-br\/?s={search_term_string}\"},\"query-input\":{\"@type\":\"PropertyValueSpecification\",\"valueRequired\":true,\"valueName\":\"search_term_string\"}}],\"inLanguage\":\"pt-BR\"},{\"@type\":\"Organization\",\"@id\":\"https:\/\/i-nextia.com\/pt-br\/#organization\",\"name\":\"I-Nextia\",\"url\":\"https:\/\/i-nextia.com\/pt-br\/\",\"logo\":{\"@type\":\"ImageObject\",\"inLanguage\":\"pt-BR\",\"@id\":\"https:\/\/i-nextia.com\/pt-br\/#\/schema\/logo\/image\/\",\"url\":\"https:\/\/files.i-nextia.com\/wp-content\/uploads\/2021\/02\/06063029\/logo-380px.png\",\"contentUrl\":\"https:\/\/files.i-nextia.com\/wp-content\/uploads\/2021\/02\/06063029\/logo-380px.png\",\"width\":380,\"height\":114,\"caption\":\"I-Nextia\"},\"image\":{\"@id\":\"https:\/\/i-nextia.com\/pt-br\/#\/schema\/logo\/image\/\"}}]}<\/script>\n<!-- \/ Yoast SEO plugin. -->","yoast_head_json":{"title":"i-Nextia - Servi\u00e7os da Internet- M\u00f3veis Residenciais","description":"Servi\u00e7os de Internet para estrangeiros hospedados no Jap\u00e3o sem contratos ou multas. (M\u00f3vel WiFi, residencial ou plano de chamadas ilimitada para smartphone)","robots":{"index":"index","follow":"follow","max-snippet":"max-snippet:-1","max-image-preview":"max-image-preview:large","max-video-preview":"max-video-preview:-1"},"canonical":"https:\/\/i-nextia.com\/pt-br\/","og_locale":"pt_BR","og_type":"article","og_title":"i-Nextia - Servi\u00e7os da Internet- M\u00f3veis Residenciais","og_description":"Servi\u00e7os de Internet para estrangeiros hospedados no Jap\u00e3o sem contratos ou multas. (M\u00f3vel WiFi, residencial ou plano de chamadas ilimitada para smartphone)","og_url":"https:\/\/i-nextia.com\/pt-br\/","og_site_name":"i-Nextia","article_modified_time":"2026-02-03T05:49:53+00:00","og_image":[{"width":325,"height":325,"url":"https:\/\/files.i-nextia.com\/wp-content\/uploads\/2019\/10\/06064423\/we-inextia-img.jpg","type":"image\/jpeg"}],"twitter_card":"summary_large_image","twitter_misc":{"Est. tempo de leitura":"1 minuto"},"schema":{"@context":"https:\/\/schema.org","@graph":[{"@type":"WebPage","@id":"https:\/\/i-nextia.com\/pt-br\/","url":"https:\/\/i-nextia.com\/pt-br\/","name":"i-Nextia - Servi\u00e7os da Internet- M\u00f3veis Residenciais","isPartOf":{"@id":"https:\/\/i-nextia.com\/pt-br\/#website"},"datePublished":"2019-05-28T05:44:37+00:00","dateModified":"2026-02-03T05:49:53+00:00","description":"Servi\u00e7os de Internet para estrangeiros hospedados no Jap\u00e3o sem contratos ou multas. (M\u00f3vel WiFi, residencial ou plano de chamadas ilimitada para smartphone)","breadcrumb":{"@id":"https:\/\/i-nextia.com\/pt-br\/#breadcrumb"},"inLanguage":"pt-BR","potentialAction":[{"@type":"ReadAction","target":["https:\/\/i-nextia.com\/pt-br\/"]}]},{"@type":"BreadcrumbList","@id":"https:\/\/i-nextia.com\/pt-br\/#breadcrumb","itemListElement":[{"@type":"ListItem","position":1,"name":"Home","item":"https:\/\/i-nextia.com\/pt-br\/"},{"@type":"ListItem","position":2,"name":"Home"}]},{"@type":"WebSite","@id":"https:\/\/i-nextia.com\/pt-br\/#website","url":"https:\/\/i-nextia.com\/pt-br\/","name":"i-Nextia","description":"i-Nextia Internet Services","publisher":{"@id":"https:\/\/i-nextia.com\/pt-br\/#organization"},"potentialAction":[{"@type":"SearchAction","target":{"@type":"EntryPoint","urlTemplate":"https:\/\/i-nextia.com\/pt-br\/?s={search_term_string}"},"query-input":{"@type":"PropertyValueSpecification","valueRequired":true,"valueName":"search_term_string"}}],"inLanguage":"pt-BR"},{"@type":"Organization","@id":"https:\/\/i-nextia.com\/pt-br\/#organization","name":"I-Nextia","url":"https:\/\/i-nextia.com\/pt-br\/","logo":{"@type":"ImageObject","inLanguage":"pt-BR","@id":"https:\/\/i-nextia.com\/pt-br\/#\/schema\/logo\/image\/","url":"https:\/\/files.i-nextia.com\/wp-content\/uploads\/2021\/02\/06063029\/logo-380px.png","contentUrl":"https:\/\/files.i-nextia.com\/wp-content\/uploads\/2021\/02\/06063029\/logo-380px.png","width":380,"height":114,"caption":"I-Nextia"},"image":{"@id":"https:\/\/i-nextia.com\/pt-br\/#\/schema\/logo\/image\/"}}]}},"_links":{"self":[{"href":"https:\/\/i-nextia.com\/pt-br\/wp-json\/wp\/v2\/pages\/8058","targetHints":{"allow":["GET"]}}],"collection":[{"href":"https:\/\/i-nextia.com\/pt-br\/wp-json\/wp\/v2\/pages"}],"about":[{"href":"https:\/\/i-nextia.com\/pt-br\/wp-json\/wp\/v2\/types\/page"}],"author":[{"embeddable":true,"href":"https:\/\/i-nextia.com\/pt-br\/wp-json\/wp\/v2\/users\/15"}],"replies":[{"embeddable":true,"href":"https:\/\/i-nextia.com\/pt-br\/wp-json\/wp\/v2\/comments?post=8058"}],"version-history":[{"count":4,"href":"https:\/\/i-nextia.com\/pt-br\/wp-json\/wp\/v2\/pages\/8058\/revisions"}],"predecessor-version":[{"id":18250,"href":"https:\/\/i-nextia.com\/pt-br\/wp-json\/wp\/v2\/pages\/8058\/revisions\/18250"}],"wp:attachment":[{"href":"https:\/\/i-nextia.com\/pt-br\/wp-json\/wp\/v2\/media?parent=8058"}],"curies":[{"name":"wp","href":"https:\/\/api.w.org\/{rel}","templated":true}]}}