{"id":6839,"date":"2019-05-14T05:03:06","date_gmt":"2019-05-14T05:03:06","guid":{"rendered":"http:\/\/newstore.i-nextia.com\/condicoes-de-uso\/"},"modified":"2019-05-30T18:02:32","modified_gmt":"2019-05-30T09:02:32","slug":"condicoes-de-uso","status":"publish","type":"page","link":"https:\/\/i-nextia.com\/pt-br\/condicoes-de-uso\/","title":{"rendered":"CONDI\u00c7\u00d5ES DE USO"},"content":{"rendered":"[vc_row 0=&#8221;&#8221; full_width=&#8221;stretch_row&#8221; css=&#8221;.vc_custom_1557461818176{background-color: #ffffff !important;}&#8221;][vc_column css=&#8221;.vc_custom_1557469696944{padding-top: 35px !important;padding-right: 25px !important;padding-bottom: 35px !important;padding-left: 25px !important;background-color: #ffffff !important;}&#8221;][vc_custom_heading text=&#8221;CONDI\u00c7\u00d5ES DE USO&#8221; font_container=&#8221;tag:h4|font_size:28|text_align:center|color:%23000000|line_height:1.2&#8243; google_fonts=&#8221;font_family:Raleway%3A100%2C200%2C300%2Cregular%2C500%2C600%2C700%2C800%2C900|font_style:400%20regular%3A400%3Anormal&#8221; letter_spacing=&#8221;4px&#8221; t_supro_heading=&#8221;&#8221; m_supro_heading=&#8221;&#8221; m_font_size=&#8221;28&#8243;]<div class=\"supro-empty-space \" style=\"\"><div class=\"supro_empty_space_lg\"  style=\"height: 20px\"><\/div><div class=\"supro_empty_space_md\"  style=\"height: 15px\"><\/div><div class=\"supro_empty_space_xs\"  style=\"height: 10px\"><\/div><\/div>[vc_row_inner][vc_column_inner width=&#8221;1\/6&#8243;][\/vc_column_inner][vc_column_inner width=&#8221;2\/3&#8243;][vc_column_text]\n<ul>\n<li>Os pagamentos s\u00e3o feito pelo sistema smart pit entre os dias 20 a 25 de cada m\u00eas. Caso o cliente n\u00e3o efetue o pagamento dentro do prazo o servi\u00e7o ser\u00e1 suspenso dentro de 48 horas. Quando o cliente tem seu servi\u00e7o suspenso ser\u00e1 poss\u00edvel fazer o pagamento at\u00e9 o dia 10 do m\u00eas seguinte, depois disso seu servi\u00e7o ser\u00e1 suspenso definitivamente. Pagamentos feitos depois da data pr\u00e9-estabelecida tem um acr\u00e9scimo de \u00a52,000 e o servi\u00e7o demora de 24 a 48 horas (sem contar s\u00e1bados, domingos e feriados) para ser restabelecido.<\/li>\n<\/ul>\n<ul>\n<li>Caso o cliente n\u00e3o v\u00e1 mais utilizar o servi\u00e7o \u00e9 obrigat\u00f3rio a devolu\u00e7\u00e3o do aparelho no m\u00e1ximo at\u00e9 o dia 15 do m\u00eas seguinte, a n\u00e3o devolu\u00e7\u00e3o do aparelho tem como consequ\u00eancia uma multa de \u00a510,800 e pode acarretar problemas como o nome do cliente ser colocado na lista de inadimplentes, \u00a0(lista negra) dificultando assim obter cr\u00e9dito em outras empresas ou fazer financiamentos, assim como servi\u00e7os de telefonia. <strong><a href=\"https:\/\/www.i-nextia.com\/pt-br\/blacklist\/\">Clique aqui<\/a><\/strong> para ficar por dentro da lei japonesas e evitar problemas futuros envolvendo seu nome em entidades financeiras no pa\u00eds. <a href=\"https:\/\/www.i-nextia.com\/pt-br\/blacklist\/\"><strong>Blacklist<\/strong><\/a><\/li>\n<\/ul>\n<ul>\n<li>O cliente tem 48 horas para testar o servi\u00e7o, caso o cliente tenha algum problema (falta de sinal por exemplo) \u00e9 poss\u00edvel fazer a devolu\u00e7\u00e3o e receber o reembolso do dinheiro pago inicialmente, s\u00f3 \u00e9 descontado o envio e a taxa de transfer\u00eancia banc\u00e1ria. No caso da devolu\u00e7\u00e3o dentro do prazo de teste (48 horas) \u00e9 necess\u00e1rio que o cliente entre em contato com a nossa central de atendimento por telefone e por escrito (WhatsApp, Facebook etc..), uma vez que n\u00e3o haja comunica\u00e7\u00e3o nesse sentido passa a valer o contrato.<\/li>\n<\/ul>\n<ul>\n<li>\u00c9 poss\u00edvel efetuar a troca do aparelho nessas situa\u00e7\u00f5es<\/li>\n<\/ul>\n<ul>\n<li style=\"list-style-type: none;\">\n<ol>\n<li>Em caso de defeito do aparelho ser\u00e1 enviada a pe\u00e7a para troca, e a empresa arca com as despesas de envio (ida e volta). O cliente tem at\u00e9 10 dias para encaminhar a pe\u00e7a com defeito para o nosso escrit\u00f3rio, caso isso n\u00e3o aconte\u00e7a o servi\u00e7o em uso ser\u00e1 automaticamente interrompido.<\/li>\n<li>No caso de troca de plano, \u00e9 necess\u00e1rio que o aparelho em uso seja devolvido ao nosso escrit\u00f3rio para que assim o novo Pocket com o plano solicitado seja enviado para o cliente.<\/li>\n<\/ol>\n<\/li>\n<\/ul>\n<ol>\n<li style=\"list-style-type: none;\"><\/li>\n<\/ol>\n<ul>\n<li>Quando o cliente j\u00e1 n\u00e3o mais quiser usar o servi\u00e7o \u00e9 necess\u00e1rio entrar em contato conosco (facebook ou WhatsApp) nos avisando e para que sua garant\u00eda* seja devolvida (menos a taxa banc\u00e1ria) integralmente, \u00e9 necess\u00e1rio que o aparelho chegue ao nosso escrit\u00f3rio at\u00e9 o \u00faltimo dia do m\u00eas e \u00e9 necess\u00e1rio enviar junto uma c\u00f3pia da sua caderneta banc\u00e1ria (capa e contra-capa). Cada dia de atraso \u00e9 descontado \u00a5500 da garantia (* Esse norma se aplica para aqueles que pagaram a garantia)<\/li>\n<\/ul>\n<ul>\n<li>Os dep\u00f3sitos s\u00e3o feitos uma vez por semana as quartas-feiras, e somente para aparelhos que chegaram no m\u00e1ximo at\u00e9 s\u00e1bado da semana anterior.<\/li>\n<\/ul>\n<ul>\n<li>Sendo um sistema de aluguel os servi\u00e7os est\u00e3o sujeitos a mudan\u00e7as sem aviso pr\u00e9vio.<\/li>\n<\/ul>\n[\/vc_column_text][\/vc_column_inner][vc_column_inner width=&#8221;1\/6&#8243;][\/vc_column_inner][\/vc_row_inner][\/vc_column][\/vc_row]\n","protected":false},"excerpt":{"rendered":"<p>[vc_row 0=&#8221;&#8221; full_width=&#8221;stretch_row&#8221; css=&#8221;.vc_custom_1557461818176{background-color: #ffffff !important;}&#8221;][vc_column css=&#8221;.vc_custom_1557469696944{padding-top: 35px !important;padding-right: 25px !important;padding-bottom: 35px !important;padding-left: 25px !important;background-color: #ffffff !important;}&#8221;][vc_custom_heading text=&#8221;CONDI\u00c7\u00d5ES DE USO&#8221; font_container=&#8221;tag:h4|font_size:28|text_align:center|color:%23000000|line_height:1.2&#8243; google_fonts=&#8221;font_family:Raleway%3A100%2C200%2C300%2Cregular%2C500%2C600%2C700%2C800%2C900|font_style:400%20regular%3A400%3Anormal&#8221; letter_spacing=&#8221;4px&#8221; t_supro_heading=&#8221;&#8221; m_supro_heading=&#8221;&#8221; m_font_size=&#8221;28&#8243;][vc_row_inner][vc_column_inner width=&#8221;1\/6&#8243;][\/vc_column_inner][vc_column_inner width=&#8221;2\/3&#8243;][vc_column_text] Os pagamentos s\u00e3o feito pelo sistema smart pit entre os dias 20 a 25 de cada m\u00eas. Caso o cliente n\u00e3o efetue o pagamento dentro do prazo [&hellip;]<\/p>\n","protected":false},"author":15,"featured_media":0,"parent":0,"menu_order":0,"comment_status":"closed","ping_status":"closed","template":"","meta":{"_acf_changed":false,"footnotes":""},"class_list":["post-6839","page","type-page","status-publish","hentry","no-thumb"],"acf":[],"yoast_head":"<!-- This site is optimized with the Yoast SEO plugin v26.5 - https:\/\/yoast.com\/wordpress\/plugins\/seo\/ -->\n<title>CONDI\u00c7\u00d5ES DE USO - i-Nextia<\/title>\n<meta name=\"robots\" content=\"index, follow, max-snippet:-1, max-image-preview:large, max-video-preview:-1\" \/>\n<link rel=\"canonical\" href=\"https:\/\/i-nextia.com\/pt-br\/condicoes-de-uso\/\" \/>\n<meta property=\"og:locale\" content=\"pt_BR\" \/>\n<meta property=\"og:type\" content=\"article\" \/>\n<meta property=\"og:title\" content=\"CONDI\u00c7\u00d5ES DE USO - i-Nextia\" \/>\n<meta property=\"og:description\" content=\"[vc_row 0=&#8221;&#8221; full_width=&#8221;stretch_row&#8221; css=&#8221;.vc_custom_1557461818176{background-color: #ffffff !important;}&#8221;][vc_column css=&#8221;.vc_custom_1557469696944{padding-top: 35px !important;padding-right: 25px !important;padding-bottom: 35px !important;padding-left: 25px !important;background-color: #ffffff !important;}&#8221;][vc_custom_heading text=&#8221;CONDI\u00c7\u00d5ES DE USO&#8221; font_container=&#8221;tag:h4|font_size:28|text_align:center|color:%23000000|line_height:1.2&#8243; google_fonts=&#8221;font_family:Raleway%3A100%2C200%2C300%2Cregular%2C500%2C600%2C700%2C800%2C900|font_style:400%20regular%3A400%3Anormal&#8221; letter_spacing=&#8221;4px&#8221; t_supro_heading=&#8221;&#8221; m_supro_heading=&#8221;&#8221; m_font_size=&#8221;28&#8243;][vc_row_inner][vc_column_inner width=&#8221;1\/6&#8243;][\/vc_column_inner][vc_column_inner width=&#8221;2\/3&#8243;][vc_column_text] Os pagamentos s\u00e3o feito pelo sistema smart pit entre os dias 20 a 25 de cada m\u00eas. Caso o cliente n\u00e3o efetue o pagamento dentro do prazo [&hellip;]\" \/>\n<meta property=\"og:url\" content=\"https:\/\/i-nextia.com\/pt-br\/condicoes-de-uso\/\" \/>\n<meta property=\"og:site_name\" content=\"i-Nextia\" \/>\n<meta property=\"article:modified_time\" content=\"2019-05-30T09:02:32+00:00\" \/>\n<meta property=\"og:image\" content=\"https:\/\/files.i-nextia.com\/wp-content\/uploads\/2019\/10\/06064423\/we-inextia-img.jpg\" \/>\n\t<meta property=\"og:image:width\" content=\"325\" \/>\n\t<meta property=\"og:image:height\" content=\"325\" \/>\n\t<meta property=\"og:image:type\" content=\"image\/jpeg\" \/>\n<meta name=\"twitter:card\" content=\"summary_large_image\" \/>\n<meta name=\"twitter:label1\" content=\"Est. tempo de leitura\" \/>\n\t<meta name=\"twitter:data1\" content=\"3 minutos\" \/>\n<script type=\"application\/ld+json\" class=\"yoast-schema-graph\">{\"@context\":\"https:\/\/schema.org\",\"@graph\":[{\"@type\":\"WebPage\",\"@id\":\"https:\/\/i-nextia.com\/pt-br\/condicoes-de-uso\/\",\"url\":\"https:\/\/i-nextia.com\/pt-br\/condicoes-de-uso\/\",\"name\":\"CONDI\u00c7\u00d5ES DE USO - i-Nextia\",\"isPartOf\":{\"@id\":\"https:\/\/i-nextia.com\/pt-br\/#website\"},\"datePublished\":\"2019-05-14T05:03:06+00:00\",\"dateModified\":\"2019-05-30T09:02:32+00:00\",\"breadcrumb\":{\"@id\":\"https:\/\/i-nextia.com\/pt-br\/condicoes-de-uso\/#breadcrumb\"},\"inLanguage\":\"pt-BR\",\"potentialAction\":[{\"@type\":\"ReadAction\",\"target\":[\"https:\/\/i-nextia.com\/pt-br\/condicoes-de-uso\/\"]}]},{\"@type\":\"BreadcrumbList\",\"@id\":\"https:\/\/i-nextia.com\/pt-br\/condicoes-de-uso\/#breadcrumb\",\"itemListElement\":[{\"@type\":\"ListItem\",\"position\":1,\"name\":\"Home\",\"item\":\"https:\/\/i-nextia.com\/pt-br\/\"},{\"@type\":\"ListItem\",\"position\":2,\"name\":\"CONDI\u00c7\u00d5ES DE USO\"}]},{\"@type\":\"WebSite\",\"@id\":\"https:\/\/i-nextia.com\/pt-br\/#website\",\"url\":\"https:\/\/i-nextia.com\/pt-br\/\",\"name\":\"i-Nextia\",\"description\":\"i-Nextia Internet Services\",\"publisher\":{\"@id\":\"https:\/\/i-nextia.com\/pt-br\/#organization\"},\"potentialAction\":[{\"@type\":\"SearchAction\",\"target\":{\"@type\":\"EntryPoint\",\"urlTemplate\":\"https:\/\/i-nextia.com\/pt-br\/?s={search_term_string}\"},\"query-input\":{\"@type\":\"PropertyValueSpecification\",\"valueRequired\":true,\"valueName\":\"search_term_string\"}}],\"inLanguage\":\"pt-BR\"},{\"@type\":\"Organization\",\"@id\":\"https:\/\/i-nextia.com\/pt-br\/#organization\",\"name\":\"I-Nextia\",\"url\":\"https:\/\/i-nextia.com\/pt-br\/\",\"logo\":{\"@type\":\"ImageObject\",\"inLanguage\":\"pt-BR\",\"@id\":\"https:\/\/i-nextia.com\/pt-br\/#\/schema\/logo\/image\/\",\"url\":\"https:\/\/files.i-nextia.com\/wp-content\/uploads\/2021\/02\/06063029\/logo-380px.png\",\"contentUrl\":\"https:\/\/files.i-nextia.com\/wp-content\/uploads\/2021\/02\/06063029\/logo-380px.png\",\"width\":380,\"height\":114,\"caption\":\"I-Nextia\"},\"image\":{\"@id\":\"https:\/\/i-nextia.com\/pt-br\/#\/schema\/logo\/image\/\"}}]}<\/script>\n<!-- \/ Yoast SEO plugin. -->","yoast_head_json":{"title":"CONDI\u00c7\u00d5ES DE USO - i-Nextia","robots":{"index":"index","follow":"follow","max-snippet":"max-snippet:-1","max-image-preview":"max-image-preview:large","max-video-preview":"max-video-preview:-1"},"canonical":"https:\/\/i-nextia.com\/pt-br\/condicoes-de-uso\/","og_locale":"pt_BR","og_type":"article","og_title":"CONDI\u00c7\u00d5ES DE USO - i-Nextia","og_description":"[vc_row 0=&#8221;&#8221; full_width=&#8221;stretch_row&#8221; css=&#8221;.vc_custom_1557461818176{background-color: #ffffff !important;}&#8221;][vc_column css=&#8221;.vc_custom_1557469696944{padding-top: 35px !important;padding-right: 25px !important;padding-bottom: 35px !important;padding-left: 25px !important;background-color: #ffffff !important;}&#8221;][vc_custom_heading text=&#8221;CONDI\u00c7\u00d5ES DE USO&#8221; font_container=&#8221;tag:h4|font_size:28|text_align:center|color:%23000000|line_height:1.2&#8243; google_fonts=&#8221;font_family:Raleway%3A100%2C200%2C300%2Cregular%2C500%2C600%2C700%2C800%2C900|font_style:400%20regular%3A400%3Anormal&#8221; letter_spacing=&#8221;4px&#8221; t_supro_heading=&#8221;&#8221; m_supro_heading=&#8221;&#8221; m_font_size=&#8221;28&#8243;][vc_row_inner][vc_column_inner width=&#8221;1\/6&#8243;][\/vc_column_inner][vc_column_inner width=&#8221;2\/3&#8243;][vc_column_text] Os pagamentos s\u00e3o feito pelo sistema smart pit entre os dias 20 a 25 de cada m\u00eas. Caso o cliente n\u00e3o efetue o pagamento dentro do prazo [&hellip;]","og_url":"https:\/\/i-nextia.com\/pt-br\/condicoes-de-uso\/","og_site_name":"i-Nextia","article_modified_time":"2019-05-30T09:02:32+00:00","og_image":[{"width":325,"height":325,"url":"https:\/\/files.i-nextia.com\/wp-content\/uploads\/2019\/10\/06064423\/we-inextia-img.jpg","type":"image\/jpeg"}],"twitter_card":"summary_large_image","twitter_misc":{"Est. tempo de leitura":"3 minutos"},"schema":{"@context":"https:\/\/schema.org","@graph":[{"@type":"WebPage","@id":"https:\/\/i-nextia.com\/pt-br\/condicoes-de-uso\/","url":"https:\/\/i-nextia.com\/pt-br\/condicoes-de-uso\/","name":"CONDI\u00c7\u00d5ES DE USO - i-Nextia","isPartOf":{"@id":"https:\/\/i-nextia.com\/pt-br\/#website"},"datePublished":"2019-05-14T05:03:06+00:00","dateModified":"2019-05-30T09:02:32+00:00","breadcrumb":{"@id":"https:\/\/i-nextia.com\/pt-br\/condicoes-de-uso\/#breadcrumb"},"inLanguage":"pt-BR","potentialAction":[{"@type":"ReadAction","target":["https:\/\/i-nextia.com\/pt-br\/condicoes-de-uso\/"]}]},{"@type":"BreadcrumbList","@id":"https:\/\/i-nextia.com\/pt-br\/condicoes-de-uso\/#breadcrumb","itemListElement":[{"@type":"ListItem","position":1,"name":"Home","item":"https:\/\/i-nextia.com\/pt-br\/"},{"@type":"ListItem","position":2,"name":"CONDI\u00c7\u00d5ES DE USO"}]},{"@type":"WebSite","@id":"https:\/\/i-nextia.com\/pt-br\/#website","url":"https:\/\/i-nextia.com\/pt-br\/","name":"i-Nextia","description":"i-Nextia Internet Services","publisher":{"@id":"https:\/\/i-nextia.com\/pt-br\/#organization"},"potentialAction":[{"@type":"SearchAction","target":{"@type":"EntryPoint","urlTemplate":"https:\/\/i-nextia.com\/pt-br\/?s={search_term_string}"},"query-input":{"@type":"PropertyValueSpecification","valueRequired":true,"valueName":"search_term_string"}}],"inLanguage":"pt-BR"},{"@type":"Organization","@id":"https:\/\/i-nextia.com\/pt-br\/#organization","name":"I-Nextia","url":"https:\/\/i-nextia.com\/pt-br\/","logo":{"@type":"ImageObject","inLanguage":"pt-BR","@id":"https:\/\/i-nextia.com\/pt-br\/#\/schema\/logo\/image\/","url":"https:\/\/files.i-nextia.com\/wp-content\/uploads\/2021\/02\/06063029\/logo-380px.png","contentUrl":"https:\/\/files.i-nextia.com\/wp-content\/uploads\/2021\/02\/06063029\/logo-380px.png","width":380,"height":114,"caption":"I-Nextia"},"image":{"@id":"https:\/\/i-nextia.com\/pt-br\/#\/schema\/logo\/image\/"}}]}},"_links":{"self":[{"href":"https:\/\/i-nextia.com\/pt-br\/wp-json\/wp\/v2\/pages\/6839","targetHints":{"allow":["GET"]}}],"collection":[{"href":"https:\/\/i-nextia.com\/pt-br\/wp-json\/wp\/v2\/pages"}],"about":[{"href":"https:\/\/i-nextia.com\/pt-br\/wp-json\/wp\/v2\/types\/page"}],"author":[{"embeddable":true,"href":"https:\/\/i-nextia.com\/pt-br\/wp-json\/wp\/v2\/users\/15"}],"replies":[{"embeddable":true,"href":"https:\/\/i-nextia.com\/pt-br\/wp-json\/wp\/v2\/comments?post=6839"}],"version-history":[{"count":0,"href":"https:\/\/i-nextia.com\/pt-br\/wp-json\/wp\/v2\/pages\/6839\/revisions"}],"wp:attachment":[{"href":"https:\/\/i-nextia.com\/pt-br\/wp-json\/wp\/v2\/media?parent=6839"}],"curies":[{"name":"wp","href":"https:\/\/api.w.org\/{rel}","templated":true}]}}