{"id":5225,"date":"2019-04-26T04:42:41","date_gmt":"2019-04-26T04:42:41","guid":{"rendered":"http:\/\/newstore.i-nextia.com\/lista-negra-2\/"},"modified":"2019-10-10T14:38:17","modified_gmt":"2019-10-10T05:38:17","slug":"blacklist","status":"publish","type":"page","link":"https:\/\/i-nextia.com\/pt-br\/blacklist\/","title":{"rendered":"Lista Negra"},"content":{"rendered":"[vc_row 0=&#8221;&#8221; full_width=&#8221;stretch_row&#8221; css=&#8221;.vc_custom_1556166679382{background-color: #ededed !important;}&#8221;][vc_column css=&#8221;.vc_custom_1556169604579{margin-top: 40px !important;margin-right: 40px !important;margin-bottom: 40px !important;border-top-width: 2px !important;border-right-width: 2px !important;border-bottom-width: 2px !important;border-left-width: 2px !important;padding-top: 35px !important;padding-right: 35px !important;padding-bottom: 35px !important;padding-left: 35px !important;background-color: #ffffff !important;border-left-color: #ededed !important;border-left-style: dashed !important;border-right-color: #ededed !important;border-right-style: dashed !important;border-top-color: #ededed !important;border-top-style: dashed !important;border-bottom-color: #ededed !important;border-bottom-style: dashed !important;}&#8221;][vc_single_image image=&#8221;5068&#8243; img_size=&#8221;full&#8221; alignment=&#8221;center&#8221;]<div class=\"supro-empty-space \" style=\"\"><div class=\"supro_empty_space_lg\"  style=\"height: 10px\"><\/div><div class=\"supro_empty_space_md\"  style=\"height: 10px\"><\/div><div class=\"supro_empty_space_xs\"  style=\"height: 10px\"><\/div><\/div>[vc_custom_heading text=&#8221;Jap\u00e3o: saiba se voc\u00ea est\u00e1 com o nome sujo e como evitar a \u201clista negra\u201d&#8221; font_container=&#8221;tag:h3|font_size:34|text_align:center|color:%231e73be|line_height:1.2&#8243; google_fonts=&#8221;font_family:Open%20Sans%3A300%2C300italic%2Cregular%2Citalic%2C600%2C600italic%2C700%2C700italic%2C800%2C800italic|font_style:600%20bold%20regular%3A600%3Anormal&#8221; t_supro_heading=&#8221;&#8221; m_supro_heading=&#8221;&#8221; m_font_size=&#8221;28&#8243;]<div class=\"supro-empty-space \" style=\"\"><div class=\"supro_empty_space_lg\"  style=\"height: 10px\"><\/div><div class=\"supro_empty_space_md\"  style=\"height: 10px\"><\/div><div class=\"supro_empty_space_xs\"  style=\"height: 10px\"><\/div><\/div>[vc_column_text]\n<p style=\"text-align: center;\">Problemas comuns como atrasos no pagamento da conta do celular podem negativar o usu\u00e1rio.<\/p>\n<p style=\"text-align: center;\">Os tr\u00e2mites para negativar algu\u00e9m no Jap\u00e3o n\u00e3o s\u00e3o muito diferentes dos procedimentos no Brasil. Em terras nip\u00f4nicas, h\u00e1 tr\u00eas principais institui\u00e7\u00f5es de cr\u00e9dito que guardam os dados dos indiv\u00edduos que possuem cart\u00e3o de cr\u00e9dito, pediram algum empr\u00e9stimo banc\u00e1rio ou fizeram um financiamento.<\/p>\n<p style=\"text-align: center;\">Quando as contas acumulam sem pagamento, as informa\u00e7\u00f5es negativas s\u00e3o registradas nestas institui\u00e7\u00f5es. Ao p\u00e9 da letra, este processo \u00e9 chamado de informa\u00e7\u00f5es acidentais (Jiko Jouhou \/ \u4e8b\u6545\u60c5\u5831) que s\u00e3o inseridas entre as informa\u00e7\u00f5es de confian\u00e7a (Shinyou Jouhou\/\u4fe1\u7528\u60c5\u5831) do usu\u00e1rio.<\/p>\n<p style=\"text-align: center;\">A lista negra \u00e9 como um po\u00e7o profundo, em que voc\u00ea poder\u00e1 cair por algum acidente ou escorreg\u00e3o, mas n\u00e3o sair\u00e1 de l\u00e1 t\u00e3o f\u00e1cil. Diferente do Brasil, onde \u00e9 poss\u00edvel limpar o nome em poucos dias ap\u00f3s o acerto da d\u00edvida, as empresas de informa\u00e7\u00f5es de cr\u00e9dito no Jap\u00e3o n\u00e3o facilitam tanto a vida do endividado.<\/p>\n<p style=\"text-align: center;\">Na maioria dos casos, voc\u00ea pode procurar um advogado, negociar a d\u00edvida e acert\u00e1-la em poucos meses ou anos. Por\u00e9m, mesmo ap\u00f3s a quita\u00e7\u00e3o completa dos valores, as informa\u00e7\u00f5es negativas continuam registradas por pelo menos cinco anos. Ou seja, se voc\u00ea quitar o pagamento em tr\u00eas anos, ainda ficar\u00e1 com o nome sujo por mais dois anos.<\/p>\n[\/vc_column_text]<div class=\"supro-empty-space \" style=\"\"><div class=\"supro_empty_space_lg\"  style=\"height: 25px\"><\/div><div class=\"supro_empty_space_md\"  style=\"height: 25px\"><\/div><div class=\"supro_empty_space_xs\"  style=\"height: 25px\"><\/div><\/div>[vc_single_image image=&#8221;5180&#8243; img_size=&#8221;full&#8221; alignment=&#8221;center&#8221;]<div class=\"supro-empty-space \" style=\"\"><div class=\"supro_empty_space_lg\"  style=\"height: 35px\"><\/div><div class=\"supro_empty_space_md\"  style=\"height: 35px\"><\/div><div class=\"supro_empty_space_xs\"  style=\"height: 35px\"><\/div><\/div>[vc_column_text]\n<p style=\"text-align: center;\">Apenas no caso de empr\u00e9stimos financeiros h\u00e1 a possibilidade de limpar o nome mais cedo. Se voc\u00ea acertar o que deve poder\u00e1 ter as informa\u00e7\u00f5es negativas retiradas do seu registro ap\u00f3s um ano da finaliza\u00e7\u00e3o do pagamento. Por\u00e9m, se a d\u00edvida for de cart\u00e3o de cr\u00e9dito, esque\u00e7a: o seu nome continuar\u00e1 sujo nos pr\u00f3ximos cinco anos ou mais, dependendo do caso.<\/p>\n[\/vc_column_text]<div class=\"supro-empty-space \" style=\"\"><div class=\"supro_empty_space_lg\"  style=\"height: 25px\"><\/div><div class=\"supro_empty_space_md\"  style=\"height: 25px\"><\/div><div class=\"supro_empty_space_xs\"  style=\"height: 25px\"><\/div><\/div>[vc_custom_heading text=&#8221;N\u00e3o h\u00e1 um sistema unificado para que o usu\u00e1rio possa verificar as pr\u00f3prias informa\u00e7\u00f5es de cr\u00e9dito. H\u00e1 tr\u00eas institui\u00e7\u00f5es que devem ser consultadas por quem deseja saber se est\u00e1 ou n\u00e3o com o nome sujo. O JBA (Associa\u00e7\u00e3o Banc\u00e1ria do Jap\u00e3o), o CIC (Centro de Informa\u00e7\u00e3o de Cr\u00e9dito) e o JICC (Centro de Refer\u00eancia de Informa\u00e7\u00f5es de Cr\u00e9dito do Jap\u00e3o) guardam os dados detalhados de quem deve na pra\u00e7a.&#8221; font_container=&#8221;tag:p|font_size:18|text_align:center|color:%23000000&#8243; google_fonts=&#8221;font_family:Open%20Sans%3A300%2C300italic%2Cregular%2Citalic%2C600%2C600italic%2C700%2C700italic%2C800%2C800italic|font_style:400%20regular%3A400%3Anormal&#8221; t_supro_heading=&#8221;&#8221; m_supro_heading=&#8221;&#8221; css=&#8221;.vc_custom_1556251656702{border-bottom-width: 2px !important;padding-top: 20px !important;padding-right: 20px !important;padding-bottom: 20px !important;padding-left: 20px !important;background-color: #f9f9f9 !important;}&#8221;]<div class=\"supro-empty-space \" style=\"\"><div class=\"supro_empty_space_lg\"  style=\"height: 15px\"><\/div><div class=\"supro_empty_space_md\"  style=\"height: 15px\"><\/div><div class=\"supro_empty_space_xs\"  style=\"height: 15px\"><\/div><\/div>[vc_column_text]\n<p style=\"text-align: center;\">Cada \u00f3rg\u00e3o permite que o pr\u00f3prio usu\u00e1rio consulte suas informa\u00e7\u00f5es, mas o processo n\u00e3o \u00e9 f\u00e1cil. \u00c9 preciso fazer um cadastro, provar que voc\u00ea vai acessar as pr\u00f3prias informa\u00e7\u00f5es e ainda pagar uma taxa na faixa de \u00a51 mil. Os procedimentos variam de acordo com a institui\u00e7\u00e3o e na maioria dos casos \u00e9 poss\u00edvel seguir todos os passos de forma online.<\/p>\n<p style=\"text-align: center;\">Por\u00e9m, \u00e9 poss\u00edvel ter uma ideia da pr\u00f3pria situa\u00e7\u00e3o sem precisar verificar nenhum cadastro. Se voc\u00ea estiver com o nome sujo, ficar\u00e1 impossibilitado de pedir empr\u00e9stimos, emitir um novo cart\u00e3o de cr\u00e9dito ou fazer qualquer tipo de financiamento. Se qualquer procedimento banc\u00e1rio for negado desconfie, principalmente se voc\u00ea souber que deixou de pagar alguma conta.<\/p>\n[\/vc_column_text]<div class=\"supro-empty-space \" style=\"\"><div class=\"supro_empty_space_lg\"  style=\"height: 25px\"><\/div><div class=\"supro_empty_space_md\"  style=\"height: 25px\"><\/div><div class=\"supro_empty_space_xs\"  style=\"height: 25px\"><\/div><\/div>[vc_custom_heading text=&#8221;Aten\u00e7\u00e3o aos celulares<br \/>\nSe voc\u00ea quase n\u00e3o usa o cart\u00e3o de cr\u00e9dito e n\u00e3o fez nenhum empr\u00e9stimo ou financiamento, \u00e9 comum que pense que h\u00e1 poucas chances de acabar na lista negra. No entanto, pequenos descuidos podem n\u00e3o ser perdoados e ter o nome sujo no Jap\u00e3o \u00e9 mais f\u00e1cil do que muitas pessoas imaginam.&#8221; font_container=&#8221;tag:p|font_size:18|text_align:center|color:%23ffffff&#8221; google_fonts=&#8221;font_family:Open%20Sans%3A300%2C300italic%2Cregular%2Citalic%2C600%2C600italic%2C700%2C700italic%2C800%2C800italic|font_style:400%20regular%3A400%3Anormal&#8221; t_supro_heading=&#8221;&#8221; m_supro_heading=&#8221;&#8221; css=&#8221;.vc_custom_1556251743980{padding-top: 40px !important;padding-right: 20px !important;padding-bottom: 40px !important;padding-left: 20px !important;background-color: #1e73be !important;}&#8221;]<div class=\"supro-empty-space \" style=\"\"><div class=\"supro_empty_space_lg\"  style=\"height: 15px\"><\/div><div class=\"supro_empty_space_md\"  style=\"height: 15px\"><\/div><div class=\"supro_empty_space_xs\"  style=\"height: 15px\"><\/div><\/div>[vc_column_text]\n<p style=\"text-align: center;\">Em 2010, o n\u00famero de usu\u00e1rios de celulares que acabaram negativados subiu de 210 mil pessoas para 1,4 milh\u00e3o. O motivo? Atraso no pagamento das parcelas do aparelho. A possibilidade de pagar o celular \u00e0 presta\u00e7\u00e3o atraiu milhares de pessoas para este modelo de compra, mas tamb\u00e9m facilitou o endividamento.<\/p>\n<p style=\"text-align: center;\">Para quem n\u00e3o quer ou n\u00e3o pode pagar \u00e0 vista, as operadoras fecham o contrato do aparelho e entregam o celular nas m\u00e3os do cliente a pre\u00e7os baixos. Entretanto, o valor do smartphone \u00e9 cobrado mensalmente, junto com os custos referentes ao plano escolhido. Ao atrasar o pagamento por tr\u00eas meses, o cliente \u00e9 negativado e nenhum \u00f3rg\u00e3o informa sobre isto.<\/p>\n[\/vc_column_text][\/vc_column][\/vc_row]\n","protected":false},"excerpt":{"rendered":"<p>[vc_row 0=&#8221;&#8221; full_width=&#8221;stretch_row&#8221; css=&#8221;.vc_custom_1556166679382{background-color: #ededed !important;}&#8221;][vc_column css=&#8221;.vc_custom_1556169604579{margin-top: 40px !important;margin-right: 40px !important;margin-bottom: 40px !important;border-top-width: 2px !important;border-right-width: 2px !important;border-bottom-width: 2px !important;border-left-width: 2px !important;padding-top: 35px !important;padding-right: 35px !important;padding-bottom: 35px !important;padding-left: 35px !important;background-color: #ffffff !important;border-left-color: #ededed !important;border-left-style: dashed !important;border-right-color: #ededed !important;border-right-style: dashed !important;border-top-color: #ededed !important;border-top-style: dashed !important;border-bottom-color: #ededed !important;border-bottom-style: dashed !important;}&#8221;][vc_single_image image=&#8221;5068&#8243; img_size=&#8221;full&#8221; alignment=&#8221;center&#8221;][vc_custom_heading text=&#8221;Jap\u00e3o: saiba se voc\u00ea est\u00e1 [&hellip;]<\/p>\n","protected":false},"author":15,"featured_media":9829,"parent":0,"menu_order":0,"comment_status":"closed","ping_status":"closed","template":"","meta":{"_acf_changed":false,"footnotes":""},"class_list":["post-5225","page","type-page","status-publish","has-post-thumbnail","hentry",""],"acf":[],"yoast_head":"<!-- This site is optimized with the Yoast SEO plugin v26.5 - https:\/\/yoast.com\/wordpress\/plugins\/seo\/ -->\n<title>Lista Negra - i-Nextia<\/title>\n<meta name=\"robots\" content=\"index, follow, max-snippet:-1, max-image-preview:large, max-video-preview:-1\" \/>\n<link rel=\"canonical\" href=\"https:\/\/i-nextia.com\/pt-br\/blacklist\/\" \/>\n<meta property=\"og:locale\" content=\"pt_BR\" \/>\n<meta property=\"og:type\" content=\"article\" \/>\n<meta property=\"og:title\" content=\"Lista Negra - i-Nextia\" \/>\n<meta property=\"og:description\" content=\"[vc_row 0=&#8221;&#8221; full_width=&#8221;stretch_row&#8221; css=&#8221;.vc_custom_1556166679382{background-color: #ededed !important;}&#8221;][vc_column css=&#8221;.vc_custom_1556169604579{margin-top: 40px !important;margin-right: 40px !important;margin-bottom: 40px !important;border-top-width: 2px !important;border-right-width: 2px !important;border-bottom-width: 2px !important;border-left-width: 2px !important;padding-top: 35px !important;padding-right: 35px !important;padding-bottom: 35px !important;padding-left: 35px !important;background-color: #ffffff !important;border-left-color: #ededed !important;border-left-style: dashed !important;border-right-color: #ededed !important;border-right-style: dashed !important;border-top-color: #ededed !important;border-top-style: dashed !important;border-bottom-color: #ededed !important;border-bottom-style: dashed !important;}&#8221;][vc_single_image image=&#8221;5068&#8243; img_size=&#8221;full&#8221; alignment=&#8221;center&#8221;][vc_custom_heading text=&#8221;Jap\u00e3o: saiba se voc\u00ea est\u00e1 [&hellip;]\" \/>\n<meta property=\"og:url\" content=\"https:\/\/i-nextia.com\/pt-br\/blacklist\/\" \/>\n<meta property=\"og:site_name\" content=\"i-Nextia\" \/>\n<meta property=\"article:modified_time\" content=\"2019-10-10T05:38:17+00:00\" \/>\n<meta property=\"og:image\" content=\"https:\/\/files.i-nextia.com\/wp-content\/uploads\/2019\/10\/06064422\/visa-img.jpg\" \/>\n\t<meta property=\"og:image:width\" content=\"200\" \/>\n\t<meta property=\"og:image:height\" content=\"200\" \/>\n\t<meta property=\"og:image:type\" content=\"image\/jpeg\" \/>\n<meta name=\"twitter:card\" content=\"summary_large_image\" \/>\n<meta name=\"twitter:label1\" content=\"Est. tempo de leitura\" \/>\n\t<meta name=\"twitter:data1\" content=\"5 minutos\" \/>\n<script type=\"application\/ld+json\" class=\"yoast-schema-graph\">{\"@context\":\"https:\/\/schema.org\",\"@graph\":[{\"@type\":\"WebPage\",\"@id\":\"https:\/\/i-nextia.com\/pt-br\/blacklist\/\",\"url\":\"https:\/\/i-nextia.com\/pt-br\/blacklist\/\",\"name\":\"Lista Negra - i-Nextia\",\"isPartOf\":{\"@id\":\"https:\/\/i-nextia.com\/pt-br\/#website\"},\"primaryImageOfPage\":{\"@id\":\"https:\/\/i-nextia.com\/pt-br\/blacklist\/#primaryimage\"},\"image\":{\"@id\":\"https:\/\/i-nextia.com\/pt-br\/blacklist\/#primaryimage\"},\"thumbnailUrl\":\"https:\/\/files.i-nextia.com\/wp-content\/uploads\/2019\/10\/06064422\/visa-img.jpg\",\"datePublished\":\"2019-04-26T04:42:41+00:00\",\"dateModified\":\"2019-10-10T05:38:17+00:00\",\"breadcrumb\":{\"@id\":\"https:\/\/i-nextia.com\/pt-br\/blacklist\/#breadcrumb\"},\"inLanguage\":\"pt-BR\",\"potentialAction\":[{\"@type\":\"ReadAction\",\"target\":[\"https:\/\/i-nextia.com\/pt-br\/blacklist\/\"]}]},{\"@type\":\"ImageObject\",\"inLanguage\":\"pt-BR\",\"@id\":\"https:\/\/i-nextia.com\/pt-br\/blacklist\/#primaryimage\",\"url\":\"https:\/\/files.i-nextia.com\/wp-content\/uploads\/2019\/10\/06064422\/visa-img.jpg\",\"contentUrl\":\"https:\/\/files.i-nextia.com\/wp-content\/uploads\/2019\/10\/06064422\/visa-img.jpg\",\"width\":200,\"height\":200},{\"@type\":\"BreadcrumbList\",\"@id\":\"https:\/\/i-nextia.com\/pt-br\/blacklist\/#breadcrumb\",\"itemListElement\":[{\"@type\":\"ListItem\",\"position\":1,\"name\":\"Home\",\"item\":\"https:\/\/i-nextia.com\/pt-br\/\"},{\"@type\":\"ListItem\",\"position\":2,\"name\":\"Lista Negra\"}]},{\"@type\":\"WebSite\",\"@id\":\"https:\/\/i-nextia.com\/pt-br\/#website\",\"url\":\"https:\/\/i-nextia.com\/pt-br\/\",\"name\":\"i-Nextia\",\"description\":\"i-Nextia Internet Services\",\"publisher\":{\"@id\":\"https:\/\/i-nextia.com\/pt-br\/#organization\"},\"potentialAction\":[{\"@type\":\"SearchAction\",\"target\":{\"@type\":\"EntryPoint\",\"urlTemplate\":\"https:\/\/i-nextia.com\/pt-br\/?s={search_term_string}\"},\"query-input\":{\"@type\":\"PropertyValueSpecification\",\"valueRequired\":true,\"valueName\":\"search_term_string\"}}],\"inLanguage\":\"pt-BR\"},{\"@type\":\"Organization\",\"@id\":\"https:\/\/i-nextia.com\/pt-br\/#organization\",\"name\":\"I-Nextia\",\"url\":\"https:\/\/i-nextia.com\/pt-br\/\",\"logo\":{\"@type\":\"ImageObject\",\"inLanguage\":\"pt-BR\",\"@id\":\"https:\/\/i-nextia.com\/pt-br\/#\/schema\/logo\/image\/\",\"url\":\"https:\/\/files.i-nextia.com\/wp-content\/uploads\/2021\/02\/06063029\/logo-380px.png\",\"contentUrl\":\"https:\/\/files.i-nextia.com\/wp-content\/uploads\/2021\/02\/06063029\/logo-380px.png\",\"width\":380,\"height\":114,\"caption\":\"I-Nextia\"},\"image\":{\"@id\":\"https:\/\/i-nextia.com\/pt-br\/#\/schema\/logo\/image\/\"}}]}<\/script>\n<!-- \/ Yoast SEO plugin. -->","yoast_head_json":{"title":"Lista Negra - i-Nextia","robots":{"index":"index","follow":"follow","max-snippet":"max-snippet:-1","max-image-preview":"max-image-preview:large","max-video-preview":"max-video-preview:-1"},"canonical":"https:\/\/i-nextia.com\/pt-br\/blacklist\/","og_locale":"pt_BR","og_type":"article","og_title":"Lista Negra - i-Nextia","og_description":"[vc_row 0=&#8221;&#8221; full_width=&#8221;stretch_row&#8221; css=&#8221;.vc_custom_1556166679382{background-color: #ededed !important;}&#8221;][vc_column css=&#8221;.vc_custom_1556169604579{margin-top: 40px !important;margin-right: 40px !important;margin-bottom: 40px !important;border-top-width: 2px !important;border-right-width: 2px !important;border-bottom-width: 2px !important;border-left-width: 2px !important;padding-top: 35px !important;padding-right: 35px !important;padding-bottom: 35px !important;padding-left: 35px !important;background-color: #ffffff !important;border-left-color: #ededed !important;border-left-style: dashed !important;border-right-color: #ededed !important;border-right-style: dashed !important;border-top-color: #ededed !important;border-top-style: dashed !important;border-bottom-color: #ededed !important;border-bottom-style: dashed !important;}&#8221;][vc_single_image image=&#8221;5068&#8243; img_size=&#8221;full&#8221; alignment=&#8221;center&#8221;][vc_custom_heading text=&#8221;Jap\u00e3o: saiba se voc\u00ea est\u00e1 [&hellip;]","og_url":"https:\/\/i-nextia.com\/pt-br\/blacklist\/","og_site_name":"i-Nextia","article_modified_time":"2019-10-10T05:38:17+00:00","og_image":[{"width":200,"height":200,"url":"https:\/\/files.i-nextia.com\/wp-content\/uploads\/2019\/10\/06064422\/visa-img.jpg","type":"image\/jpeg"}],"twitter_card":"summary_large_image","twitter_misc":{"Est. tempo de leitura":"5 minutos"},"schema":{"@context":"https:\/\/schema.org","@graph":[{"@type":"WebPage","@id":"https:\/\/i-nextia.com\/pt-br\/blacklist\/","url":"https:\/\/i-nextia.com\/pt-br\/blacklist\/","name":"Lista Negra - i-Nextia","isPartOf":{"@id":"https:\/\/i-nextia.com\/pt-br\/#website"},"primaryImageOfPage":{"@id":"https:\/\/i-nextia.com\/pt-br\/blacklist\/#primaryimage"},"image":{"@id":"https:\/\/i-nextia.com\/pt-br\/blacklist\/#primaryimage"},"thumbnailUrl":"https:\/\/files.i-nextia.com\/wp-content\/uploads\/2019\/10\/06064422\/visa-img.jpg","datePublished":"2019-04-26T04:42:41+00:00","dateModified":"2019-10-10T05:38:17+00:00","breadcrumb":{"@id":"https:\/\/i-nextia.com\/pt-br\/blacklist\/#breadcrumb"},"inLanguage":"pt-BR","potentialAction":[{"@type":"ReadAction","target":["https:\/\/i-nextia.com\/pt-br\/blacklist\/"]}]},{"@type":"ImageObject","inLanguage":"pt-BR","@id":"https:\/\/i-nextia.com\/pt-br\/blacklist\/#primaryimage","url":"https:\/\/files.i-nextia.com\/wp-content\/uploads\/2019\/10\/06064422\/visa-img.jpg","contentUrl":"https:\/\/files.i-nextia.com\/wp-content\/uploads\/2019\/10\/06064422\/visa-img.jpg","width":200,"height":200},{"@type":"BreadcrumbList","@id":"https:\/\/i-nextia.com\/pt-br\/blacklist\/#breadcrumb","itemListElement":[{"@type":"ListItem","position":1,"name":"Home","item":"https:\/\/i-nextia.com\/pt-br\/"},{"@type":"ListItem","position":2,"name":"Lista Negra"}]},{"@type":"WebSite","@id":"https:\/\/i-nextia.com\/pt-br\/#website","url":"https:\/\/i-nextia.com\/pt-br\/","name":"i-Nextia","description":"i-Nextia Internet Services","publisher":{"@id":"https:\/\/i-nextia.com\/pt-br\/#organization"},"potentialAction":[{"@type":"SearchAction","target":{"@type":"EntryPoint","urlTemplate":"https:\/\/i-nextia.com\/pt-br\/?s={search_term_string}"},"query-input":{"@type":"PropertyValueSpecification","valueRequired":true,"valueName":"search_term_string"}}],"inLanguage":"pt-BR"},{"@type":"Organization","@id":"https:\/\/i-nextia.com\/pt-br\/#organization","name":"I-Nextia","url":"https:\/\/i-nextia.com\/pt-br\/","logo":{"@type":"ImageObject","inLanguage":"pt-BR","@id":"https:\/\/i-nextia.com\/pt-br\/#\/schema\/logo\/image\/","url":"https:\/\/files.i-nextia.com\/wp-content\/uploads\/2021\/02\/06063029\/logo-380px.png","contentUrl":"https:\/\/files.i-nextia.com\/wp-content\/uploads\/2021\/02\/06063029\/logo-380px.png","width":380,"height":114,"caption":"I-Nextia"},"image":{"@id":"https:\/\/i-nextia.com\/pt-br\/#\/schema\/logo\/image\/"}}]}},"_links":{"self":[{"href":"https:\/\/i-nextia.com\/pt-br\/wp-json\/wp\/v2\/pages\/5225","targetHints":{"allow":["GET"]}}],"collection":[{"href":"https:\/\/i-nextia.com\/pt-br\/wp-json\/wp\/v2\/pages"}],"about":[{"href":"https:\/\/i-nextia.com\/pt-br\/wp-json\/wp\/v2\/types\/page"}],"author":[{"embeddable":true,"href":"https:\/\/i-nextia.com\/pt-br\/wp-json\/wp\/v2\/users\/15"}],"replies":[{"embeddable":true,"href":"https:\/\/i-nextia.com\/pt-br\/wp-json\/wp\/v2\/comments?post=5225"}],"version-history":[{"count":0,"href":"https:\/\/i-nextia.com\/pt-br\/wp-json\/wp\/v2\/pages\/5225\/revisions"}],"wp:featuredmedia":[{"embeddable":true,"href":"https:\/\/i-nextia.com\/pt-br\/wp-json\/wp\/v2\/media\/9829"}],"wp:attachment":[{"href":"https:\/\/i-nextia.com\/pt-br\/wp-json\/wp\/v2\/media?parent=5225"}],"curies":[{"name":"wp","href":"https:\/\/api.w.org\/{rel}","templated":true}]}}