{"id":17282,"date":"2024-08-10T13:07:48","date_gmt":"2024-08-10T04:07:48","guid":{"rendered":"https:\/\/i-nextia.com\/?page_id=17282"},"modified":"2024-08-10T13:47:59","modified_gmt":"2024-08-10T04:47:59","slug":"internet","status":"publish","type":"page","link":"https:\/\/i-nextia.com\/pt-br\/internet\/","title":{"rendered":"SOFTBANK"},"content":{"rendered":"[vc_row 0=&#8221;&#8221; full_width=&#8221;stretch_row&#8221; css=&#8221;.vc_custom_1721884898892{background-color: #ffffff !important;}&#8221;][vc_column css=&#8221;.vc_custom_1720841961260{padding-top: 35px !important;padding-right: 25px !important;padding-left: 25px !important;}&#8221;][vc_single_image image=&#8221;17392&#8243; img_size=&#8221;full&#8221; alignment=&#8221;center&#8221;]<div class=\"supro-empty-space \" style=\"\"><div class=\"supro_empty_space_lg\"  style=\"height: 20px\"><\/div><div class=\"supro_empty_space_md\"  style=\"height: 15px\"><\/div><div class=\"supro_empty_space_xs\"  style=\"height: 10px\"><\/div><\/div>[vc_column_text]\n<p><center>Seleciona seu idioma:<\/center><\/p>\n[\/vc_column_text][vc_row_inner content_placement=&#8221;middle&#8221;][vc_column_inner width=&#8221;1\/5&#8243; offset=&#8221;vc_col-xs-1\/5&#8243;][\/vc_column_inner][vc_column_inner width=&#8221;1\/5&#8243; css=&#8221;.vc_custom_1722662792764{margin-bottom: 20px !important;}&#8221; offset=&#8221;vc_col-xs-1\/5&#8243;][vc_single_image image=&#8221;17270&#8243; alignment=&#8221;center&#8221; onclick=&#8221;custom_link&#8221; link=&#8221;https:\/\/i-nextia.com\/pt-br\/internet&#8221;][\/vc_column_inner][vc_column_inner width=&#8221;1\/5&#8243; css=&#8221;.vc_custom_1722662784074{margin-bottom: 20px !important;}&#8221; offset=&#8221;vc_col-xs-1\/5&#8243;][vc_single_image image=&#8221;17269&#8243; alignment=&#8221;center&#8221; onclick=&#8221;custom_link&#8221; link=&#8221;https:\/\/i-nextia.com\/en\/internet4\/&#8221;][\/vc_column_inner][vc_column_inner width=&#8221;1\/5&#8243; css=&#8221;.vc_custom_1722662777470{margin-bottom: 20px !important;}&#8221; offset=&#8221;vc_col-xs-1\/5&#8243;][vc_single_image image=&#8221;17268&#8243; alignment=&#8221;center&#8221; onclick=&#8221;custom_link&#8221; link=&#8221;https:\/\/i-nextia.com\/es\/internet&#8221;][\/vc_column_inner][vc_column_inner width=&#8221;1\/5&#8243; offset=&#8221;vc_col-xs-1\/5&#8243;][\/vc_column_inner][\/vc_row_inner]<div class=\"supro-empty-space \" style=\"\"><div class=\"supro_empty_space_lg\"  style=\"height: 20px\"><\/div><div class=\"supro_empty_space_md\"  style=\"height: 15px\"><\/div><div class=\"supro_empty_space_xs\"  style=\"height: 10px\"><\/div><\/div>[vc_column_text]\n<p><center><strong>SABEMOS O QUE VOC\u00ca QUER E TEMOS O QUE VOC\u00ca PRECISA<\/strong><\/center><\/p>\n[\/vc_column_text][vc_row_inner css=&#8221;.vc_custom_1722491146020{background-image: url(https:\/\/files.i-nextia.com\/wp-content\/uploads\/2024\/08\/01141020\/bgsofbank.jpg?id=17322) !important;background-position: center !important;background-repeat: no-repeat !important;background-size: cover !important;}&#8221;][vc_column_inner]<div class=\"supro-empty-space \" style=\"\"><div class=\"supro_empty_space_lg\"  style=\"height: 20px\"><\/div><div class=\"supro_empty_space_md\"  style=\"height: 20px\"><\/div><div class=\"supro_empty_space_xs\"  style=\"height: 20px\"><\/div><\/div><div class=\"supro-empty-space \" style=\"\"><div class=\"supro_empty_space_lg\"  style=\"height: 20px\"><\/div><div class=\"supro_empty_space_md\"  style=\"height: 20px\"><\/div><div class=\"supro_empty_space_xs\"  style=\"height: 20px\"><\/div><\/div><div class=\"supro-empty-space \" style=\"\"><div class=\"supro_empty_space_lg\"  style=\"height: 20px\"><\/div><div class=\"supro_empty_space_md\"  style=\"height: 20px\"><\/div><div class=\"supro_empty_space_xs\"  style=\"height: 20px\"><\/div><\/div><div class=\"supro-empty-space \" style=\"\"><div class=\"supro_empty_space_lg\"  style=\"height: 20px\"><\/div><div class=\"supro_empty_space_md\"  style=\"height: 20px\"><\/div><div class=\"supro_empty_space_xs\"  style=\"height: 20px\"><\/div><\/div><div class=\"supro-empty-space \" style=\"\"><div class=\"supro_empty_space_lg\"  style=\"height: 20px\"><\/div><div class=\"supro_empty_space_md\"  style=\"height: 20px\"><\/div><div class=\"supro_empty_space_xs\"  style=\"height: 20px\"><\/div><\/div><div class=\"supro-empty-space \" style=\"\"><div class=\"supro_empty_space_lg\"  style=\"height: 20px\"><\/div><div class=\"supro_empty_space_md\"  style=\"height: 20px\"><\/div><div class=\"supro_empty_space_xs\"  style=\"height: 20px\"><\/div><\/div>[vc_custom_heading text=&#8221;<center><strong>SOFTBANK ILIMITADO<\/strong><\/center>&#8221; font_container=&#8221;tag:h2|text_align:center|color:%23ffffff&#8221; google_fonts=&#8221;font_family:Raleway%3A100%2C200%2C300%2Cregular%2C500%2C600%2C700%2C800%2C900|font_style:800%20bold%20regular%3A800%3Anormal&#8221; t_supro_heading=&#8221;&#8221; m_supro_heading=&#8221;&#8221;]<div class=\"supro-empty-space \" style=\"\"><div class=\"supro_empty_space_lg\"  style=\"height: 20px\"><\/div><div class=\"supro_empty_space_md\"  style=\"height: 20px\"><\/div><div class=\"supro_empty_space_xs\"  style=\"height: 20px\"><\/div><\/div><div class=\"supro-empty-space \" style=\"\"><div class=\"supro_empty_space_lg\"  style=\"height: 20px\"><\/div><div class=\"supro_empty_space_md\"  style=\"height: 20px\"><\/div><div class=\"supro_empty_space_xs\"  style=\"height: 20px\"><\/div><\/div><div class=\"supro-empty-space \" style=\"\"><div class=\"supro_empty_space_lg\"  style=\"height: 20px\"><\/div><div class=\"supro_empty_space_md\"  style=\"height: 20px\"><\/div><div class=\"supro_empty_space_xs\"  style=\"height: 20px\"><\/div><\/div><div class=\"supro-empty-space \" style=\"\"><div class=\"supro_empty_space_lg\"  style=\"height: 20px\"><\/div><div class=\"supro_empty_space_md\"  style=\"height: 20px\"><\/div><div class=\"supro_empty_space_xs\"  style=\"height: 20px\"><\/div><\/div><div class=\"supro-empty-space \" style=\"\"><div class=\"supro_empty_space_lg\"  style=\"height: 20px\"><\/div><div class=\"supro_empty_space_md\"  style=\"height: 20px\"><\/div><div class=\"supro_empty_space_xs\"  style=\"height: 20px\"><\/div><\/div><div class=\"supro-empty-space \" style=\"\"><div class=\"supro_empty_space_lg\"  style=\"height: 20px\"><\/div><div class=\"supro_empty_space_md\"  style=\"height: 20px\"><\/div><div class=\"supro_empty_space_xs\"  style=\"height: 20px\"><\/div><\/div>[\/vc_column_inner][\/vc_row_inner][vc_row_inner css=&#8221;.vc_custom_1722490820830{background-color: #ffffff !important;}&#8221;][vc_column_inner css=&#8221;.vc_custom_1721884360160{padding-left: 50px !important;}&#8221;][vc_column_text]\n<p><center><strong>VANTAGENS:<\/strong><br \/>\nUse pelo tempo que quiser! Voc\u00ea pode alug\u00e1-lo por 1 m\u00eas ou 1 ano!<c\/enter><\/p>\n[\/vc_column_text][\/vc_column_inner][\/vc_row_inner][vc_row_inner css=&#8221;.vc_custom_1722491152840{background-color: #ffffff !important;}&#8221;][vc_column_inner width=&#8221;1\/3&#8243;][vc_single_image image=&#8221;17327&#8243; alignment=&#8221;center&#8221;][vc_column_text]<center>Uso ilimitado<\/center><br \/>\n[\/vc_column_text][\/vc_column_inner][vc_column_inner width=&#8221;1\/3&#8243;][vc_single_image image=&#8221;17329&#8243; alignment=&#8221;center&#8221;][vc_column_text]<center> Sem contrato ou multas<\/center><br \/>\n[\/vc_column_text][\/vc_column_inner][vc_column_inner width=&#8221;1\/3&#8243;][vc_single_image image=&#8221;17328&#8243; alignment=&#8221;center&#8221;][vc_column_text]<center>Pagamento mensal em lojas e conveni\u00eancia pelo Sistema Smart Pit<\/center><br \/>\n[\/vc_column_text][\/vc_column_inner][\/vc_row_inner][vc_row_inner css=&#8221;.vc_custom_1722488434025{background-color: #ffffff !important;}&#8221;][vc_column_inner css=&#8221;.vc_custom_1722491615277{padding-left: 0px !important;}&#8221;][vc_column_text]\n<center>*O valor inicial e as mensalidades s\u00f3 podem ser pagos \u00e0 vista.<\/center><br \/>\n[\/vc_column_text][\/vc_column_inner][\/vc_row_inner][vc_row_inner equal_height=&#8221;yes&#8221; gap=&#8221;3&#8243; css=&#8221;.vc_custom_1722491157632{background-color: #ffffff !important;}&#8221;][vc_column_inner width=&#8221;1\/3&#8243; css=&#8221;.vc_custom_1722488596581{margin-bottom: 20px !important;background-color: #d8ecf5 !important;}&#8221;][vc_single_image image=&#8221;17319&#8243; img_size=&#8221;full&#8221; alignment=&#8221;center&#8221;][vc_custom_heading text=&#8221;SOMENTE CHIP&#8221; font_container=&#8221;tag:h4|text_align:center|color:%231e94bf&#8221; google_fonts=&#8221;font_family:Montserrat%3Aregular%2C700|font_style:700%20bold%20regular%3A700%3Anormal&#8221; t_supro_heading=&#8221;&#8221; m_supro_heading=&#8221;&#8221;][vc_column_text]\n<p>(Funciona em pocket ou<br \/>\ncelulares DESBLOQUEADOS)<br \/>\n<b>Custo inicial<\/b><br \/>\n\u00a55,980 (1 m\u00eas adiantado)<br \/>\n\u00a53,000 de garantia que ser\u00e1 devolvida quando devolver o chip<br \/>\n\u00a51,600 de envio<br \/>\n\u00a510,580 NA ENTREGA<br \/>\n\u203bO valor inicial e as mensalidades s\u00f3 podem ser pagos \u00e0 vista<\/p>\n[\/vc_column_text]<div class=\"supro-empty-space \" style=\"\"><div class=\"supro_empty_space_lg\"  style=\"height: 20px\"><\/div><div class=\"supro_empty_space_md\"  style=\"height: 20px\"><\/div><div class=\"supro_empty_space_xs\"  style=\"height: 20px\"><\/div><\/div>[vc_btn title=&#8221;PE\u00c7A AGORA&#8221; color=&#8221;warning&#8221; align=&#8221;center&#8221; button_block=&#8221;true&#8221; link=&#8221;url:http%3A%2F%2Fm.me%2Fi-nextia|&#8221;][\/vc_column_inner][vc_column_inner width=&#8221;1\/3&#8243; css=&#8221;.vc_custom_1722488732210{margin-bottom: 20px !important;background-color: #d8ecf5 !important;}&#8221;][vc_single_image image=&#8221;17317&#8243; img_size=&#8221;full&#8221; alignment=&#8221;center&#8221;][vc_custom_heading text=&#8221;POCKET&#8221; font_container=&#8221;tag:h4|text_align:center|color:%231e94bf&#8221; google_fonts=&#8221;font_family:Montserrat%3Aregular%2C700|font_style:700%20bold%20regular%3A700%3Anormal&#8221; t_supro_heading=&#8221;&#8221; m_supro_heading=&#8221;&#8221;][vc_column_text]\n<p><strong>Custo inicial<\/strong><br \/>\n\u00a55,980 (1 m\u00eas adiantado)<br \/>\n\u00a55,000 de garantia que ser\u00e1 devolvida quando devolver o aparelho<br \/>\n\u00a51,600 de envio<br \/>\n\u00a512,580 NA ENTREGA<\/p>\n[\/vc_column_text]<div class=\"supro-empty-space \" style=\"\"><div class=\"supro_empty_space_lg\"  style=\"height: 120px\"><\/div><div class=\"supro_empty_space_md\"  style=\"height: 20px\"><\/div><div class=\"supro_empty_space_xs\"  style=\"height: 20px\"><\/div><\/div>[vc_btn title=&#8221;PE\u00c7A AGORA&#8221; color=&#8221;warning&#8221; align=&#8221;center&#8221; button_block=&#8221;true&#8221; link=&#8221;url:http%3A%2F%2Fm.me%2Fi-nextia|&#8221;][\/vc_column_inner][vc_column_inner width=&#8221;1\/3&#8243; css=&#8221;.vc_custom_1722488744017{margin-bottom: 20px !important;background-color: #d8ecf5 !important;}&#8221;][vc_single_image image=&#8221;17316&#8243; img_size=&#8221;full&#8221; alignment=&#8221;center&#8221;][vc_custom_heading text=&#8221;TORRE&#8221; font_container=&#8221;tag:h4|text_align:center|color:%231e94bf&#8221; google_fonts=&#8221;font_family:Montserrat%3Aregular%2C700|font_style:700%20bold%20regular%3A700%3Anormal&#8221; t_supro_heading=&#8221;&#8221; m_supro_heading=&#8221;&#8221;][vc_column_text]\n<p><strong>Custo inicial<\/strong><br \/>\n\u00a55,980 (1 m\u00eas adiantado)<br \/>\n\u00a55,000 de garantia que ser\u00e1 devolvida quando devolver o aparelho<br \/>\n\u00a51,600 de envio<br \/>\n\u00a512,580 NA ENTREGA<\/p>\n[\/vc_column_text]<div class=\"supro-empty-space \" style=\"\"><div class=\"supro_empty_space_lg\"  style=\"height: 120px\"><\/div><div class=\"supro_empty_space_md\"  style=\"height: 20px\"><\/div><div class=\"supro_empty_space_xs\"  style=\"height: 20px\"><\/div><\/div>[vc_btn title=&#8221;PE\u00c7A AGORA&#8221; color=&#8221;warning&#8221; align=&#8221;center&#8221; button_block=&#8221;true&#8221; link=&#8221;url:http%3A%2F%2Fm.me%2Fi-nextia|&#8221;][\/vc_column_inner][\/vc_row_inner]<div class=\"supro-empty-space \" style=\"\"><div class=\"supro_empty_space_lg\"  style=\"height: 20px\"><\/div><div class=\"supro_empty_space_md\"  style=\"height: 20px\"><\/div><div class=\"supro_empty_space_xs\"  style=\"height: 20px\"><\/div><\/div>[vc_row_inner css=&#8221;.vc_custom_1722491162681{background-image: url(https:\/\/files.i-nextia.com\/wp-content\/uploads\/2021\/01\/06063106\/banner-3.png?id=11851) !important;background-position: center !important;background-repeat: no-repeat !important;background-size: cover !important;}&#8221;][vc_column_inner][vc_custom_heading text=&#8221;<center><strong>DESEJA SABER MAIS DETALHES?<\/strong><\/center>&#8221; font_container=&#8221;tag:h2|text_align:center|color:%23ffffff&#8221; google_fonts=&#8221;font_family:Raleway%3A100%2C200%2C300%2Cregular%2C500%2C600%2C700%2C800%2C900|font_style:600%20bold%20regular%3A600%3Anormal&#8221; t_supro_heading=&#8221;&#8221; m_supro_heading=&#8221;&#8221;][vc_single_image image=&#8221;17390&#8243; img_size=&#8221;medium&#8221; alignment=&#8221;center&#8221; onclick=&#8221;custom_link&#8221; img_link_target=&#8221;_blank&#8221; link=&#8221;http:\/\/m.me\/i-nextia&#8221;]<div class=\"supro-empty-space \" style=\"\"><div class=\"supro_empty_space_lg\"  style=\"height: 20px\"><\/div><div class=\"supro_empty_space_md\"  style=\"height: 20px\"><\/div><div class=\"supro_empty_space_xs\"  style=\"height: 20px\"><\/div><\/div>[\/vc_column_inner][\/vc_row_inner][\/vc_column][\/vc_row][vc_row css=&#8221;.vc_custom_1622782680880{padding-bottom: -50px !important;}&#8221;][vc_column][vc_column_text]\n<p><center>\u00a9 2024 i-Nextia. All Rights Reserved.<\/center><\/p>\n[\/vc_column_text][\/vc_column][\/vc_row]\n","protected":false},"excerpt":{"rendered":"<p>[vc_row 0=&#8221;&#8221; full_width=&#8221;stretch_row&#8221; css=&#8221;.vc_custom_1721884898892{background-color: #ffffff !important;}&#8221;][vc_column css=&#8221;.vc_custom_1720841961260{padding-top: 35px !important;padding-right: 25px !important;padding-left: 25px !important;}&#8221;][vc_single_image image=&#8221;17392&#8243; img_size=&#8221;full&#8221; alignment=&#8221;center&#8221;][vc_column_text] Seleciona seu idioma: [\/vc_column_text][vc_row_inner content_placement=&#8221;middle&#8221;][vc_column_inner width=&#8221;1\/5&#8243; offset=&#8221;vc_col-xs-1\/5&#8243;][\/vc_column_inner][vc_column_inner width=&#8221;1\/5&#8243; css=&#8221;.vc_custom_1722662792764{margin-bottom: 20px !important;}&#8221; offset=&#8221;vc_col-xs-1\/5&#8243;][vc_single_image image=&#8221;17270&#8243; alignment=&#8221;center&#8221; onclick=&#8221;custom_link&#8221; link=&#8221;https:\/\/i-nextia.com\/pt-br\/internet&#8221;][\/vc_column_inner][vc_column_inner width=&#8221;1\/5&#8243; css=&#8221;.vc_custom_1722662784074{margin-bottom: 20px !important;}&#8221; offset=&#8221;vc_col-xs-1\/5&#8243;][vc_single_image image=&#8221;17269&#8243; alignment=&#8221;center&#8221; onclick=&#8221;custom_link&#8221; link=&#8221;https:\/\/i-nextia.com\/en\/internet4\/&#8221;][\/vc_column_inner][vc_column_inner width=&#8221;1\/5&#8243; css=&#8221;.vc_custom_1722662777470{margin-bottom: 20px !important;}&#8221; offset=&#8221;vc_col-xs-1\/5&#8243;][vc_single_image image=&#8221;17268&#8243; alignment=&#8221;center&#8221; onclick=&#8221;custom_link&#8221; link=&#8221;https:\/\/i-nextia.com\/es\/internet&#8221;][\/vc_column_inner][vc_column_inner width=&#8221;1\/5&#8243; offset=&#8221;vc_col-xs-1\/5&#8243;][\/vc_column_inner][\/vc_row_inner][vc_column_text] SABEMOS O QUE [&hellip;]<\/p>\n","protected":false},"author":15,"featured_media":0,"parent":0,"menu_order":0,"comment_status":"closed","ping_status":"closed","template":"","meta":{"_acf_changed":false,"footnotes":""},"class_list":["post-17282","page","type-page","status-publish","hentry","no-thumb"],"acf":[],"yoast_head":"<!-- This site is optimized with the Yoast SEO plugin v26.5 - https:\/\/yoast.com\/wordpress\/plugins\/seo\/ -->\n<title>SOFTBANK - i-Nextia<\/title>\n<meta name=\"robots\" content=\"index, follow, max-snippet:-1, max-image-preview:large, max-video-preview:-1\" \/>\n<link rel=\"canonical\" href=\"https:\/\/i-nextia.com\/pt-br\/internet\/\" \/>\n<meta property=\"og:locale\" content=\"pt_BR\" \/>\n<meta property=\"og:type\" content=\"article\" \/>\n<meta property=\"og:title\" content=\"SOFTBANK - i-Nextia\" \/>\n<meta property=\"og:description\" content=\"[vc_row 0=&#8221;&#8221; full_width=&#8221;stretch_row&#8221; css=&#8221;.vc_custom_1721884898892{background-color: #ffffff !important;}&#8221;][vc_column css=&#8221;.vc_custom_1720841961260{padding-top: 35px !important;padding-right: 25px !important;padding-left: 25px !important;}&#8221;][vc_single_image image=&#8221;17392&#8243; img_size=&#8221;full&#8221; alignment=&#8221;center&#8221;][vc_column_text] Seleciona seu idioma: [\/vc_column_text][vc_row_inner content_placement=&#8221;middle&#8221;][vc_column_inner width=&#8221;1\/5&#8243; offset=&#8221;vc_col-xs-1\/5&#8243;][\/vc_column_inner][vc_column_inner width=&#8221;1\/5&#8243; css=&#8221;.vc_custom_1722662792764{margin-bottom: 20px !important;}&#8221; offset=&#8221;vc_col-xs-1\/5&#8243;][vc_single_image image=&#8221;17270&#8243; alignment=&#8221;center&#8221; onclick=&#8221;custom_link&#8221; link=&#8221;https:\/\/i-nextia.com\/pt-br\/internet&#8221;][\/vc_column_inner][vc_column_inner width=&#8221;1\/5&#8243; css=&#8221;.vc_custom_1722662784074{margin-bottom: 20px !important;}&#8221; offset=&#8221;vc_col-xs-1\/5&#8243;][vc_single_image image=&#8221;17269&#8243; alignment=&#8221;center&#8221; onclick=&#8221;custom_link&#8221; link=&#8221;https:\/\/i-nextia.com\/en\/internet4\/&#8221;][\/vc_column_inner][vc_column_inner width=&#8221;1\/5&#8243; css=&#8221;.vc_custom_1722662777470{margin-bottom: 20px !important;}&#8221; offset=&#8221;vc_col-xs-1\/5&#8243;][vc_single_image image=&#8221;17268&#8243; alignment=&#8221;center&#8221; onclick=&#8221;custom_link&#8221; link=&#8221;https:\/\/i-nextia.com\/es\/internet&#8221;][\/vc_column_inner][vc_column_inner width=&#8221;1\/5&#8243; offset=&#8221;vc_col-xs-1\/5&#8243;][\/vc_column_inner][\/vc_row_inner][vc_column_text] SABEMOS O QUE [&hellip;]\" \/>\n<meta property=\"og:url\" content=\"https:\/\/i-nextia.com\/pt-br\/internet\/\" \/>\n<meta property=\"og:site_name\" content=\"i-Nextia\" \/>\n<meta property=\"article:modified_time\" content=\"2024-08-10T04:47:59+00:00\" \/>\n<meta property=\"og:image\" content=\"https:\/\/files.i-nextia.com\/wp-content\/uploads\/2019\/10\/06064423\/we-inextia-img.jpg\" \/>\n\t<meta property=\"og:image:width\" content=\"325\" \/>\n\t<meta property=\"og:image:height\" content=\"325\" \/>\n\t<meta property=\"og:image:type\" content=\"image\/jpeg\" \/>\n<meta name=\"twitter:card\" content=\"summary_large_image\" \/>\n<meta name=\"twitter:label1\" content=\"Est. tempo de leitura\" \/>\n\t<meta name=\"twitter:data1\" content=\"2 minutos\" \/>\n<script type=\"application\/ld+json\" class=\"yoast-schema-graph\">{\"@context\":\"https:\/\/schema.org\",\"@graph\":[{\"@type\":\"WebPage\",\"@id\":\"https:\/\/i-nextia.com\/pt-br\/internet\/\",\"url\":\"https:\/\/i-nextia.com\/pt-br\/internet\/\",\"name\":\"SOFTBANK - i-Nextia\",\"isPartOf\":{\"@id\":\"https:\/\/i-nextia.com\/pt-br\/#website\"},\"datePublished\":\"2024-08-10T04:07:48+00:00\",\"dateModified\":\"2024-08-10T04:47:59+00:00\",\"breadcrumb\":{\"@id\":\"https:\/\/i-nextia.com\/pt-br\/internet\/#breadcrumb\"},\"inLanguage\":\"pt-BR\",\"potentialAction\":[{\"@type\":\"ReadAction\",\"target\":[\"https:\/\/i-nextia.com\/pt-br\/internet\/\"]}]},{\"@type\":\"BreadcrumbList\",\"@id\":\"https:\/\/i-nextia.com\/pt-br\/internet\/#breadcrumb\",\"itemListElement\":[{\"@type\":\"ListItem\",\"position\":1,\"name\":\"Home\",\"item\":\"https:\/\/i-nextia.com\/pt-br\/\"},{\"@type\":\"ListItem\",\"position\":2,\"name\":\"SOFTBANK\"}]},{\"@type\":\"WebSite\",\"@id\":\"https:\/\/i-nextia.com\/pt-br\/#website\",\"url\":\"https:\/\/i-nextia.com\/pt-br\/\",\"name\":\"i-Nextia\",\"description\":\"i-Nextia Internet Services\",\"publisher\":{\"@id\":\"https:\/\/i-nextia.com\/pt-br\/#organization\"},\"potentialAction\":[{\"@type\":\"SearchAction\",\"target\":{\"@type\":\"EntryPoint\",\"urlTemplate\":\"https:\/\/i-nextia.com\/pt-br\/?s={search_term_string}\"},\"query-input\":{\"@type\":\"PropertyValueSpecification\",\"valueRequired\":true,\"valueName\":\"search_term_string\"}}],\"inLanguage\":\"pt-BR\"},{\"@type\":\"Organization\",\"@id\":\"https:\/\/i-nextia.com\/pt-br\/#organization\",\"name\":\"I-Nextia\",\"url\":\"https:\/\/i-nextia.com\/pt-br\/\",\"logo\":{\"@type\":\"ImageObject\",\"inLanguage\":\"pt-BR\",\"@id\":\"https:\/\/i-nextia.com\/pt-br\/#\/schema\/logo\/image\/\",\"url\":\"https:\/\/files.i-nextia.com\/wp-content\/uploads\/2021\/02\/06063029\/logo-380px.png\",\"contentUrl\":\"https:\/\/files.i-nextia.com\/wp-content\/uploads\/2021\/02\/06063029\/logo-380px.png\",\"width\":380,\"height\":114,\"caption\":\"I-Nextia\"},\"image\":{\"@id\":\"https:\/\/i-nextia.com\/pt-br\/#\/schema\/logo\/image\/\"}}]}<\/script>\n<!-- \/ Yoast SEO plugin. -->","yoast_head_json":{"title":"SOFTBANK - i-Nextia","robots":{"index":"index","follow":"follow","max-snippet":"max-snippet:-1","max-image-preview":"max-image-preview:large","max-video-preview":"max-video-preview:-1"},"canonical":"https:\/\/i-nextia.com\/pt-br\/internet\/","og_locale":"pt_BR","og_type":"article","og_title":"SOFTBANK - i-Nextia","og_description":"[vc_row 0=&#8221;&#8221; full_width=&#8221;stretch_row&#8221; css=&#8221;.vc_custom_1721884898892{background-color: #ffffff !important;}&#8221;][vc_column css=&#8221;.vc_custom_1720841961260{padding-top: 35px !important;padding-right: 25px !important;padding-left: 25px !important;}&#8221;][vc_single_image image=&#8221;17392&#8243; img_size=&#8221;full&#8221; alignment=&#8221;center&#8221;][vc_column_text] Seleciona seu idioma: [\/vc_column_text][vc_row_inner content_placement=&#8221;middle&#8221;][vc_column_inner width=&#8221;1\/5&#8243; offset=&#8221;vc_col-xs-1\/5&#8243;][\/vc_column_inner][vc_column_inner width=&#8221;1\/5&#8243; css=&#8221;.vc_custom_1722662792764{margin-bottom: 20px !important;}&#8221; offset=&#8221;vc_col-xs-1\/5&#8243;][vc_single_image image=&#8221;17270&#8243; alignment=&#8221;center&#8221; onclick=&#8221;custom_link&#8221; link=&#8221;https:\/\/i-nextia.com\/pt-br\/internet&#8221;][\/vc_column_inner][vc_column_inner width=&#8221;1\/5&#8243; css=&#8221;.vc_custom_1722662784074{margin-bottom: 20px !important;}&#8221; offset=&#8221;vc_col-xs-1\/5&#8243;][vc_single_image image=&#8221;17269&#8243; alignment=&#8221;center&#8221; onclick=&#8221;custom_link&#8221; link=&#8221;https:\/\/i-nextia.com\/en\/internet4\/&#8221;][\/vc_column_inner][vc_column_inner width=&#8221;1\/5&#8243; css=&#8221;.vc_custom_1722662777470{margin-bottom: 20px !important;}&#8221; offset=&#8221;vc_col-xs-1\/5&#8243;][vc_single_image image=&#8221;17268&#8243; alignment=&#8221;center&#8221; onclick=&#8221;custom_link&#8221; link=&#8221;https:\/\/i-nextia.com\/es\/internet&#8221;][\/vc_column_inner][vc_column_inner width=&#8221;1\/5&#8243; offset=&#8221;vc_col-xs-1\/5&#8243;][\/vc_column_inner][\/vc_row_inner][vc_column_text] SABEMOS O QUE [&hellip;]","og_url":"https:\/\/i-nextia.com\/pt-br\/internet\/","og_site_name":"i-Nextia","article_modified_time":"2024-08-10T04:47:59+00:00","og_image":[{"width":325,"height":325,"url":"https:\/\/files.i-nextia.com\/wp-content\/uploads\/2019\/10\/06064423\/we-inextia-img.jpg","type":"image\/jpeg"}],"twitter_card":"summary_large_image","twitter_misc":{"Est. tempo de leitura":"2 minutos"},"schema":{"@context":"https:\/\/schema.org","@graph":[{"@type":"WebPage","@id":"https:\/\/i-nextia.com\/pt-br\/internet\/","url":"https:\/\/i-nextia.com\/pt-br\/internet\/","name":"SOFTBANK - i-Nextia","isPartOf":{"@id":"https:\/\/i-nextia.com\/pt-br\/#website"},"datePublished":"2024-08-10T04:07:48+00:00","dateModified":"2024-08-10T04:47:59+00:00","breadcrumb":{"@id":"https:\/\/i-nextia.com\/pt-br\/internet\/#breadcrumb"},"inLanguage":"pt-BR","potentialAction":[{"@type":"ReadAction","target":["https:\/\/i-nextia.com\/pt-br\/internet\/"]}]},{"@type":"BreadcrumbList","@id":"https:\/\/i-nextia.com\/pt-br\/internet\/#breadcrumb","itemListElement":[{"@type":"ListItem","position":1,"name":"Home","item":"https:\/\/i-nextia.com\/pt-br\/"},{"@type":"ListItem","position":2,"name":"SOFTBANK"}]},{"@type":"WebSite","@id":"https:\/\/i-nextia.com\/pt-br\/#website","url":"https:\/\/i-nextia.com\/pt-br\/","name":"i-Nextia","description":"i-Nextia Internet Services","publisher":{"@id":"https:\/\/i-nextia.com\/pt-br\/#organization"},"potentialAction":[{"@type":"SearchAction","target":{"@type":"EntryPoint","urlTemplate":"https:\/\/i-nextia.com\/pt-br\/?s={search_term_string}"},"query-input":{"@type":"PropertyValueSpecification","valueRequired":true,"valueName":"search_term_string"}}],"inLanguage":"pt-BR"},{"@type":"Organization","@id":"https:\/\/i-nextia.com\/pt-br\/#organization","name":"I-Nextia","url":"https:\/\/i-nextia.com\/pt-br\/","logo":{"@type":"ImageObject","inLanguage":"pt-BR","@id":"https:\/\/i-nextia.com\/pt-br\/#\/schema\/logo\/image\/","url":"https:\/\/files.i-nextia.com\/wp-content\/uploads\/2021\/02\/06063029\/logo-380px.png","contentUrl":"https:\/\/files.i-nextia.com\/wp-content\/uploads\/2021\/02\/06063029\/logo-380px.png","width":380,"height":114,"caption":"I-Nextia"},"image":{"@id":"https:\/\/i-nextia.com\/pt-br\/#\/schema\/logo\/image\/"}}]}},"_links":{"self":[{"href":"https:\/\/i-nextia.com\/pt-br\/wp-json\/wp\/v2\/pages\/17282","targetHints":{"allow":["GET"]}}],"collection":[{"href":"https:\/\/i-nextia.com\/pt-br\/wp-json\/wp\/v2\/pages"}],"about":[{"href":"https:\/\/i-nextia.com\/pt-br\/wp-json\/wp\/v2\/types\/page"}],"author":[{"embeddable":true,"href":"https:\/\/i-nextia.com\/pt-br\/wp-json\/wp\/v2\/users\/15"}],"replies":[{"embeddable":true,"href":"https:\/\/i-nextia.com\/pt-br\/wp-json\/wp\/v2\/comments?post=17282"}],"version-history":[{"count":11,"href":"https:\/\/i-nextia.com\/pt-br\/wp-json\/wp\/v2\/pages\/17282\/revisions"}],"predecessor-version":[{"id":17412,"href":"https:\/\/i-nextia.com\/pt-br\/wp-json\/wp\/v2\/pages\/17282\/revisions\/17412"}],"wp:attachment":[{"href":"https:\/\/i-nextia.com\/pt-br\/wp-json\/wp\/v2\/media?parent=17282"}],"curies":[{"name":"wp","href":"https:\/\/api.w.org\/{rel}","templated":true}]}}