{"id":17943,"date":"2025-12-05T15:06:22","date_gmt":"2025-12-05T06:06:22","guid":{"rendered":"https:\/\/i-nextia.com\/shop\/zte-nubia-flip-5g\/"},"modified":"2025-12-05T15:10:33","modified_gmt":"2025-12-05T06:10:33","slug":"zte-nubia-flip-5g","status":"publish","type":"product","link":"https:\/\/i-nextia.com\/es\/shop\/zte-nubia-flip-5g\/","title":{"rendered":"ZTE Nubia Flip 5G"},"content":{"rendered":"[vc_row][vc_column][vc_column_text][\/vc_column_text][\/vc_column][\/vc_row]\n[vc_row css=&#8221;.vc_custom_1557889439940{margin-top: -30px !important;margin-bottom: -47px !important;margin-left: 20px !important;}&#8221;]\n[vc_column width=&#8221;2\/3&#8243;]\n[vc_custom_heading text=&#8221;ZTE Nubia Flip 5G&#8221; google_fonts=&#8221;font_family:Open%20Sans%3A300%2C300italic%2Cregular%2Citalic%2C600%2C600italic%2C700%2C700italic%2C800%2C800italic|font_style:600%20bold%20regular%3A600%3Anormal&#8221; t_supro_heading=&#8221;&#8221; m_supro_heading=&#8221;&#8221;]\n<div class=\"supro-empty-space \" style=\"\"><div class=\"supro_empty_space_lg\"  style=\"height: 35px\"><\/div><div class=\"supro_empty_space_md\"  style=\"height: 15px\"><\/div><div class=\"supro_empty_space_xs\"  style=\"height: 15px\"><\/div><\/div>\n[vc_video link=&#8221;https:\/\/www.youtube.com\/watch?v=MXkJLDN5HFk&#8221; el_width=&#8221;90&#8243;]\n<div class=\"supro-empty-space \" style=\"\"><div class=\"supro_empty_space_lg\"  style=\"height: 25px\"><\/div><div class=\"supro_empty_space_md\"  style=\"height: 0px\"><\/div><div class=\"supro_empty_space_xs\"  style=\"height: 0px\"><\/div><\/div>\n[vc_custom_heading text=&#8221;Especificaciones del producto&#8221; google_fonts=&#8221;font_family:Open%20Sans%3A300%2C300italic%2Cregular%2Citalic%2C600%2C600italic%2C700%2C700italic%2C800%2C800italic|font_style:600%20bold%20regular%3A600%3Anormal&#8221; t_supro_heading=&#8221;&#8221; m_supro_heading=&#8221;&#8221;]\n<div class=\"supro-empty-space \" style=\"\"><div class=\"supro_empty_space_lg\"  style=\"height: 15px\"><\/div><div class=\"supro_empty_space_md\"  style=\"height: 15px\"><\/div><div class=\"supro_empty_space_xs\"  style=\"height: 15px\"><\/div><\/div>\n[vc_column_text el_id=&#8221;TEMPORAL234&#8243;]\n<ul>\n<li><strong><b>Sistema: <\/b><\/strong>Android 13<\/li>\n<li><strong><b>Procesador: <\/b><\/strong>Qualcomm Snapdragon 7 Gen 1<\/li>\n<li><strong>Memoria:<\/strong> 256 GB | 8 GB RAM<\/li>\n<li><strong>Pantalla:<\/strong> Pantalla AMOLED plegable de 6.9&#8243; FHD+ (2790 \u00d7 1188 px) 120 Hz<br \/>\n    + pantalla externa OLED de 1.43&#8243;<\/li>\n<li><strong>C\u00e1mara Frontal:<\/strong> 16 MP<\/li>\n<li><strong>C\u00e1maras Traseras:<\/strong> Dual 50 MP (principal) + 2 MP (profundidad)<\/li>\n<li><strong>Red:<\/strong> 5G \/ 4G LTE \/ 3G \/ 2G<\/li>\n<li><strong><b>Tarjeta SIM: <\/b><\/strong>Dual SIM (Nano-SIM \/ eSIM)<\/li>\n<li><strong><b>Conectividad Inal\u00e1mbrica:<\/b><\/strong> Bluetooth 5.2, Wi-Fi 802.11 a\/b\/g\/n\/ac\/ax (Wi-Fi 6E)<\/li>\n<li><strong><b>Bater\u00eda:<\/b><\/strong> Li-Po 4310 mAh no removible, carga r\u00e1pida de 33 W<\/li>\n<li><strong>Peso:<\/strong> ~209\u2013214 g<\/li>\n<li><strong>Sitio Web: <\/strong><br \/>\n<a href=\"https:\/\/www.ztedevices.com\/en\/products\/smartphones\/nubia\/nubia-flip-5g.html\" target=\"_blank\" rel=\"noopener\"><br \/>\nhttps:\/\/www.ztedevices.com\/en\/products\/smartphones\/nubia\/nubia-flip-5g.html<br \/>\n<\/a>\n<\/li>\n<\/ul>\n[\/vc_column_text][\/vc_column][vc_column width=&#8221;1\/3&#8243;][\/vc_column][\/vc_row]\n[vc_row][vc_column][vc_column_text][\/vc_column_text][\/vc_column][\/vc_row]\n","protected":false},"excerpt":{"rendered":"<ul>\n<li><strong>Pantalla:<\/strong> Pantalla AMOLED FHD+ de 6.9&#8243; (2790 \u00d7 1188 px) como pantalla principal, 120 Hz<br \/>\n      + pantalla externa OLED circular de 1.43&#8243;<\/li>\n<li><strong>Memoria:<\/strong> 256 GB | 8 GB RAM<\/li>\n<li><strong>C\u00e1mara Frontal:<\/strong> 16 MP<\/li>\n<li><strong>C\u00e1maras Traseras:<\/strong> 50 MP (principal) + 2 MP (profundidad)<\/li>\n<li><strong>Bater\u00eda:<\/strong> Li-Po 4310 mAh, no removible, carga r\u00e1pida de 33 W<\/li>\n<\/ul>\n<table style=\"height: 140px;\" width=\"400\">\n<tbody>\n<tr>\n<td id=\"icon-power\">\n<h5>VOLTAJE<\/h5>\n<p>Autom\u00e1tico 110\u2013220\n<\/td>\n<td id=\"icon-network\">\n<h5>DESBLOQUEADO<\/h5>\n<p>Para uso mundial\n<\/td>\n<\/tr>\n<\/tbody>\n<\/table>\n","protected":false},"featured_media":17938,"template":"","meta":{"_acf_changed":false},"product_brand":[],"product_cat":[811,51],"product_tag":[],"class_list":{"0":"post-17943","1":"product","2":"type-product","3":"status-publish","4":"has-post-thumbnail","6":"product_cat-zte-es","7":"product_cat-smartphones-es","8":"","10":"first","11":"instock","12":"shipping-taxable","13":"purchasable","14":"product-type-simple"},"acf":[],"yoast_head":"<!-- This site is optimized with the Yoast SEO plugin v26.5 - https:\/\/yoast.com\/wordpress\/plugins\/seo\/ -->\n<title>ZTE Nubia Flip 5G - i-Nextia<\/title>\n<meta name=\"robots\" content=\"index, follow, max-snippet:-1, max-image-preview:large, max-video-preview:-1\" \/>\n<link rel=\"canonical\" href=\"https:\/\/i-nextia.com\/es\/shop\/zte-nubia-flip-5g\/\" \/>\n<meta property=\"og:locale\" content=\"es_ES\" \/>\n<meta property=\"og:type\" content=\"article\" \/>\n<meta property=\"og:title\" content=\"ZTE Nubia Flip 5G - i-Nextia\" \/>\n<meta property=\"og:description\" content=\"Pantalla: Pantalla AMOLED FHD+ de 6.9&quot; (2790 \u00d7 1188 px) como pantalla principal, 120 Hz     + pantalla externa OLED circular de 1.43&quot;   Memoria: 256 GB | 8 GB RAM   C\u00e1mara Frontal: 16 MP   C\u00e1maras Traseras: 50 MP (principal) + 2 MP (profundidad)   Bater\u00eda: Li-Po 4310 mAh, no removible, carga r\u00e1pida de 33 W       VOLTAJE Autom\u00e1tico 110\u2013220    DESBLOQUEADO Para uso mundial\" \/>\n<meta property=\"og:url\" content=\"https:\/\/i-nextia.com\/es\/shop\/zte-nubia-flip-5g\/\" \/>\n<meta property=\"og:site_name\" content=\"i-Nextia\" \/>\n<meta property=\"article:modified_time\" content=\"2025-12-05T06:10:33+00:00\" \/>\n<meta property=\"og:image\" content=\"https:\/\/files.i-nextia.com\/wp-content\/uploads\/2025\/11\/05142603\/Capa-1.png\" \/>\n\t<meta property=\"og:image:width\" content=\"1080\" \/>\n\t<meta property=\"og:image:height\" content=\"1080\" \/>\n\t<meta property=\"og:image:type\" content=\"image\/png\" \/>\n<meta name=\"twitter:card\" content=\"summary_large_image\" \/>\n<meta name=\"twitter:label1\" content=\"Tiempo de lectura\" \/>\n\t<meta name=\"twitter:data1\" content=\"1 minuto\" \/>\n<script type=\"application\/ld+json\" class=\"yoast-schema-graph\">{\"@context\":\"https:\/\/schema.org\",\"@graph\":[{\"@type\":\"WebPage\",\"@id\":\"https:\/\/i-nextia.com\/es\/shop\/zte-nubia-flip-5g\/\",\"url\":\"https:\/\/i-nextia.com\/es\/shop\/zte-nubia-flip-5g\/\",\"name\":\"ZTE Nubia Flip 5G - i-Nextia\",\"isPartOf\":{\"@id\":\"https:\/\/i-nextia.com\/es\/#website\"},\"primaryImageOfPage\":{\"@id\":\"https:\/\/i-nextia.com\/es\/shop\/zte-nubia-flip-5g\/#primaryimage\"},\"image\":{\"@id\":\"https:\/\/i-nextia.com\/es\/shop\/zte-nubia-flip-5g\/#primaryimage\"},\"thumbnailUrl\":\"https:\/\/files.i-nextia.com\/wp-content\/uploads\/2025\/11\/05142603\/Capa-1.png\",\"datePublished\":\"2025-12-05T06:06:22+00:00\",\"dateModified\":\"2025-12-05T06:10:33+00:00\",\"breadcrumb\":{\"@id\":\"https:\/\/i-nextia.com\/es\/shop\/zte-nubia-flip-5g\/#breadcrumb\"},\"inLanguage\":\"es\",\"potentialAction\":[{\"@type\":\"ReadAction\",\"target\":[\"https:\/\/i-nextia.com\/es\/shop\/zte-nubia-flip-5g\/\"]}]},{\"@type\":\"ImageObject\",\"inLanguage\":\"es\",\"@id\":\"https:\/\/i-nextia.com\/es\/shop\/zte-nubia-flip-5g\/#primaryimage\",\"url\":\"https:\/\/files.i-nextia.com\/wp-content\/uploads\/2025\/11\/05142603\/Capa-1.png\",\"contentUrl\":\"https:\/\/files.i-nextia.com\/wp-content\/uploads\/2025\/11\/05142603\/Capa-1.png\",\"width\":1080,\"height\":1080,\"caption\":\"Capa 1\"},{\"@type\":\"BreadcrumbList\",\"@id\":\"https:\/\/i-nextia.com\/es\/shop\/zte-nubia-flip-5g\/#breadcrumb\",\"itemListElement\":[{\"@type\":\"ListItem\",\"position\":1,\"name\":\"Home\",\"item\":\"https:\/\/i-nextia.com\/es\/\"},{\"@type\":\"ListItem\",\"position\":2,\"name\":\"Shop\",\"item\":\"https:\/\/i-nextia.com\/en\/shop\/\"},{\"@type\":\"ListItem\",\"position\":3,\"name\":\"ZTE Nubia Flip 5G\"}]},{\"@type\":\"WebSite\",\"@id\":\"https:\/\/i-nextia.com\/es\/#website\",\"url\":\"https:\/\/i-nextia.com\/es\/\",\"name\":\"i-Nextia\",\"description\":\"i-Nextia Internet Services\",\"publisher\":{\"@id\":\"https:\/\/i-nextia.com\/es\/#organization\"},\"potentialAction\":[{\"@type\":\"SearchAction\",\"target\":{\"@type\":\"EntryPoint\",\"urlTemplate\":\"https:\/\/i-nextia.com\/es\/?s={search_term_string}\"},\"query-input\":{\"@type\":\"PropertyValueSpecification\",\"valueRequired\":true,\"valueName\":\"search_term_string\"}}],\"inLanguage\":\"es\"},{\"@type\":\"Organization\",\"@id\":\"https:\/\/i-nextia.com\/es\/#organization\",\"name\":\"I-Nextia\",\"url\":\"https:\/\/i-nextia.com\/es\/\",\"logo\":{\"@type\":\"ImageObject\",\"inLanguage\":\"es\",\"@id\":\"https:\/\/i-nextia.com\/es\/#\/schema\/logo\/image\/\",\"url\":\"https:\/\/files.i-nextia.com\/wp-content\/uploads\/2021\/02\/06063029\/logo-380px.png\",\"contentUrl\":\"https:\/\/files.i-nextia.com\/wp-content\/uploads\/2021\/02\/06063029\/logo-380px.png\",\"width\":380,\"height\":114,\"caption\":\"I-Nextia\"},\"image\":{\"@id\":\"https:\/\/i-nextia.com\/es\/#\/schema\/logo\/image\/\"}}]}<\/script>\n<!-- \/ Yoast SEO plugin. -->","yoast_head_json":{"title":"ZTE Nubia Flip 5G - i-Nextia","robots":{"index":"index","follow":"follow","max-snippet":"max-snippet:-1","max-image-preview":"max-image-preview:large","max-video-preview":"max-video-preview:-1"},"canonical":"https:\/\/i-nextia.com\/es\/shop\/zte-nubia-flip-5g\/","og_locale":"es_ES","og_type":"article","og_title":"ZTE Nubia Flip 5G - i-Nextia","og_description":"Pantalla: Pantalla AMOLED FHD+ de 6.9\" (2790 \u00d7 1188 px) como pantalla principal, 120 Hz     + pantalla externa OLED circular de 1.43\"   Memoria: 256 GB | 8 GB RAM   C\u00e1mara Frontal: 16 MP   C\u00e1maras Traseras: 50 MP (principal) + 2 MP (profundidad)   Bater\u00eda: Li-Po 4310 mAh, no removible, carga r\u00e1pida de 33 W       VOLTAJE Autom\u00e1tico 110\u2013220    DESBLOQUEADO Para uso mundial","og_url":"https:\/\/i-nextia.com\/es\/shop\/zte-nubia-flip-5g\/","og_site_name":"i-Nextia","article_modified_time":"2025-12-05T06:10:33+00:00","og_image":[{"width":1080,"height":1080,"url":"https:\/\/files.i-nextia.com\/wp-content\/uploads\/2025\/11\/05142603\/Capa-1.png","type":"image\/png"}],"twitter_card":"summary_large_image","twitter_misc":{"Tiempo de lectura":"1 minuto"},"schema":{"@context":"https:\/\/schema.org","@graph":[{"@type":"WebPage","@id":"https:\/\/i-nextia.com\/es\/shop\/zte-nubia-flip-5g\/","url":"https:\/\/i-nextia.com\/es\/shop\/zte-nubia-flip-5g\/","name":"ZTE Nubia Flip 5G - i-Nextia","isPartOf":{"@id":"https:\/\/i-nextia.com\/es\/#website"},"primaryImageOfPage":{"@id":"https:\/\/i-nextia.com\/es\/shop\/zte-nubia-flip-5g\/#primaryimage"},"image":{"@id":"https:\/\/i-nextia.com\/es\/shop\/zte-nubia-flip-5g\/#primaryimage"},"thumbnailUrl":"https:\/\/files.i-nextia.com\/wp-content\/uploads\/2025\/11\/05142603\/Capa-1.png","datePublished":"2025-12-05T06:06:22+00:00","dateModified":"2025-12-05T06:10:33+00:00","breadcrumb":{"@id":"https:\/\/i-nextia.com\/es\/shop\/zte-nubia-flip-5g\/#breadcrumb"},"inLanguage":"es","potentialAction":[{"@type":"ReadAction","target":["https:\/\/i-nextia.com\/es\/shop\/zte-nubia-flip-5g\/"]}]},{"@type":"ImageObject","inLanguage":"es","@id":"https:\/\/i-nextia.com\/es\/shop\/zte-nubia-flip-5g\/#primaryimage","url":"https:\/\/files.i-nextia.com\/wp-content\/uploads\/2025\/11\/05142603\/Capa-1.png","contentUrl":"https:\/\/files.i-nextia.com\/wp-content\/uploads\/2025\/11\/05142603\/Capa-1.png","width":1080,"height":1080,"caption":"Capa 1"},{"@type":"BreadcrumbList","@id":"https:\/\/i-nextia.com\/es\/shop\/zte-nubia-flip-5g\/#breadcrumb","itemListElement":[{"@type":"ListItem","position":1,"name":"Home","item":"https:\/\/i-nextia.com\/es\/"},{"@type":"ListItem","position":2,"name":"Shop","item":"https:\/\/i-nextia.com\/en\/shop\/"},{"@type":"ListItem","position":3,"name":"ZTE Nubia Flip 5G"}]},{"@type":"WebSite","@id":"https:\/\/i-nextia.com\/es\/#website","url":"https:\/\/i-nextia.com\/es\/","name":"i-Nextia","description":"i-Nextia Internet Services","publisher":{"@id":"https:\/\/i-nextia.com\/es\/#organization"},"potentialAction":[{"@type":"SearchAction","target":{"@type":"EntryPoint","urlTemplate":"https:\/\/i-nextia.com\/es\/?s={search_term_string}"},"query-input":{"@type":"PropertyValueSpecification","valueRequired":true,"valueName":"search_term_string"}}],"inLanguage":"es"},{"@type":"Organization","@id":"https:\/\/i-nextia.com\/es\/#organization","name":"I-Nextia","url":"https:\/\/i-nextia.com\/es\/","logo":{"@type":"ImageObject","inLanguage":"es","@id":"https:\/\/i-nextia.com\/es\/#\/schema\/logo\/image\/","url":"https:\/\/files.i-nextia.com\/wp-content\/uploads\/2021\/02\/06063029\/logo-380px.png","contentUrl":"https:\/\/files.i-nextia.com\/wp-content\/uploads\/2021\/02\/06063029\/logo-380px.png","width":380,"height":114,"caption":"I-Nextia"},"image":{"@id":"https:\/\/i-nextia.com\/es\/#\/schema\/logo\/image\/"}}]}},"_links":{"self":[{"href":"https:\/\/i-nextia.com\/es\/wp-json\/wp\/v2\/product\/17943","targetHints":{"allow":["GET"]}}],"collection":[{"href":"https:\/\/i-nextia.com\/es\/wp-json\/wp\/v2\/product"}],"about":[{"href":"https:\/\/i-nextia.com\/es\/wp-json\/wp\/v2\/types\/product"}],"wp:featuredmedia":[{"embeddable":true,"href":"https:\/\/i-nextia.com\/es\/wp-json\/wp\/v2\/media\/17938"}],"wp:attachment":[{"href":"https:\/\/i-nextia.com\/es\/wp-json\/wp\/v2\/media?parent=17943"}],"wp:term":[{"taxonomy":"product_brand","embeddable":true,"href":"https:\/\/i-nextia.com\/es\/wp-json\/wp\/v2\/product_brand?post=17943"},{"taxonomy":"product_cat","embeddable":true,"href":"https:\/\/i-nextia.com\/es\/wp-json\/wp\/v2\/product_cat?post=17943"},{"taxonomy":"product_tag","embeddable":true,"href":"https:\/\/i-nextia.com\/es\/wp-json\/wp\/v2\/product_tag?post=17943"}],"curies":[{"name":"wp","href":"https:\/\/api.w.org\/{rel}","templated":true}]}}