{"id":15615,"date":"2022-03-23T13:52:40","date_gmt":"2022-03-23T04:52:40","guid":{"rendered":"https:\/\/i-nextia.com\/shop\/mobile-wireless-karaoke-speaker\/"},"modified":"2022-03-25T11:28:32","modified_gmt":"2022-03-25T02:28:32","slug":"mobile-wireless-karaoke-speaker","status":"publish","type":"product","link":"https:\/\/i-nextia.com\/es\/shop\/mobile-wireless-karaoke-speaker\/","title":{"rendered":"Mobile Wireless Karaoke Speaker"},"content":{"rendered":"[vc_row][vc_column][vc_column_text][\/vc_column_text][\/vc_column][\/vc_row][vc_row css=&#8221;.vc_custom_1557889439940{margin-top: -30px !important;margin-bottom: -47px !important;margin-left: 20px !important;}&#8221;][vc_column width=&#8221;2\/3&#8243;][vc_custom_heading text=&#8221;Mobile Wireless Karaoke Speaker&#8221; google_fonts=&#8221;font_family:Open%20Sans%3A300%2C300italic%2Cregular%2Citalic%2C600%2C600italic%2C700%2C700italic%2C800%2C800italic|font_style:600%20bold%20regular%3A600%3Anormal&#8221; t_supro_heading=&#8221;&#8221; m_supro_heading=&#8221;&#8221;]<div class=\"supro-empty-space \" style=\"\"><div class=\"supro_empty_space_lg\"  style=\"height: 35px\"><\/div><div class=\"supro_empty_space_md\"  style=\"height: 15px\"><\/div><div class=\"supro_empty_space_xs\"  style=\"height: 15px\"><\/div><\/div>[vc_custom_heading text=&#8221;Especificaciones del producto&#8221; google_fonts=&#8221;font_family:Open%20Sans%3A300%2C300italic%2Cregular%2Citalic%2C600%2C600italic%2C700%2C700italic%2C800%2C800italic|font_style:600%20bold%20regular%3A600%3Anormal&#8221; t_supro_heading=&#8221;&#8221; m_supro_heading=&#8221;&#8221;]<div class=\"supro-empty-space \" style=\"\"><div class=\"supro_empty_space_lg\"  style=\"height: 15px\"><\/div><div class=\"supro_empty_space_md\"  style=\"height: 15px\"><\/div><div class=\"supro_empty_space_xs\"  style=\"height: 15px\"><\/div><\/div>[vc_column_text el_id=&#8221;TEMPORAL234&#8243;]\n<ul>\n<li><strong><b>Funci\u00f3n: <\/b><\/strong>Reproducir m\u00fasica<\/li>\n<li><strong><b>Bater\u00eda: <\/b><\/strong>S\u00cd<\/li>\n<li><strong>Canal:<\/strong> 2 (2.0)<\/li>\n<li><strong>Energ\u00eda:<\/strong>Bater\u00eda, CA<\/li>\n<li><strong>Potencia de salida: <\/strong>20w<\/li>\n<li><strong>Rango de frecuencia: <\/strong>55hz-20khz<\/li>\n<li><strong><b>Smp: <\/b><\/strong>20 vatios<\/li>\n<li><strong><b>Cruce de audio: <\/b><\/strong>Bidireccional<\/li>\n<li><strong><b>Modelo: <\/b><\/strong>SD306<\/li>\n<li><strong>Tipo de altavoz:<\/strong> Tel\u00e9fono m\u00f3vil<\/li>\n<\/ul>\n[\/vc_column_text][\/vc_column][vc_column width=&#8221;1\/3&#8243;][\/vc_column][\/vc_row][vc_row][vc_column][vc_column_text][\/vc_column_text][\/vc_column][\/vc_row]\n","protected":false},"excerpt":{"rendered":"<p>Soporte para sonido envolvente est\u00e9reo 3D, dos micr\u00f3fonos inal\u00e1mbricos<br \/>\nIncluso los buenos tonos se pueden eliminar<br \/>\nLlame a Echo, Funci\u00f3n de cancelaci\u00f3n de ruido.<br \/>\nReproduce la tarjeta micro SD a trav\u00e9s de Bluetooth, entrada de 3,5 mm, dispositivo de memoria USB o inal\u00e1mbrico.<br \/>\nBater\u00eda de litio incorporada, 7.4v \/ 1800mah<br \/>\nSalida de audio s\u00faper potente de 20 vatios.<br \/>\nTama\u00f1o: 290 * 135 * 145 mm<\/p>\n","protected":false},"featured_media":0,"template":"","meta":{"_acf_changed":false},"product_brand":[],"product_cat":[893,51],"product_tag":[],"class_list":{"0":"post-15615","1":"product","2":"type-product","3":"status-publish","5":"product_cat-karaoke-es","6":"product_cat-smartphones-es","7":"no-thumb","9":"first","10":"instock","11":"shipping-taxable","12":"purchasable","13":"product-type-variable"},"acf":[],"yoast_head":"<!-- This site is optimized with the Yoast SEO plugin v26.5 - https:\/\/yoast.com\/wordpress\/plugins\/seo\/ -->\n<title>Mobile Wireless Karaoke Speaker - i-Nextia<\/title>\n<meta name=\"robots\" content=\"index, follow, max-snippet:-1, max-image-preview:large, max-video-preview:-1\" \/>\n<link rel=\"canonical\" href=\"https:\/\/i-nextia.com\/es\/shop\/mobile-wireless-karaoke-speaker\/\" \/>\n<meta property=\"og:locale\" content=\"es_ES\" \/>\n<meta property=\"og:type\" content=\"article\" \/>\n<meta property=\"og:title\" content=\"Mobile Wireless Karaoke Speaker - i-Nextia\" \/>\n<meta property=\"og:description\" content=\"Soporte para sonido envolvente est\u00e9reo 3D, dos micr\u00f3fonos inal\u00e1mbricos Incluso los buenos tonos se pueden eliminar Llame a Echo, Funci\u00f3n de cancelaci\u00f3n de ruido. Reproduce la tarjeta micro SD a trav\u00e9s de Bluetooth, entrada de 3,5 mm, dispositivo de memoria USB o inal\u00e1mbrico. Bater\u00eda de litio incorporada, 7.4v \/ 1800mah Salida de audio s\u00faper potente de 20 vatios. Tama\u00f1o: 290 * 135 * 145 mm\" \/>\n<meta property=\"og:url\" content=\"https:\/\/i-nextia.com\/es\/shop\/mobile-wireless-karaoke-speaker\/\" \/>\n<meta property=\"og:site_name\" content=\"i-Nextia\" \/>\n<meta property=\"article:modified_time\" content=\"2022-03-25T02:28:32+00:00\" \/>\n<meta property=\"og:image\" content=\"https:\/\/files.i-nextia.com\/wp-content\/uploads\/2019\/10\/06064423\/we-inextia-img.jpg\" \/>\n\t<meta property=\"og:image:width\" content=\"325\" \/>\n\t<meta property=\"og:image:height\" content=\"325\" \/>\n\t<meta property=\"og:image:type\" content=\"image\/jpeg\" \/>\n<meta name=\"twitter:card\" content=\"summary_large_image\" \/>\n<meta name=\"twitter:label1\" content=\"Tiempo de lectura\" \/>\n\t<meta name=\"twitter:data1\" content=\"1 minuto\" \/>\n<script type=\"application\/ld+json\" class=\"yoast-schema-graph\">{\"@context\":\"https:\/\/schema.org\",\"@graph\":[{\"@type\":\"WebPage\",\"@id\":\"https:\/\/i-nextia.com\/es\/shop\/mobile-wireless-karaoke-speaker\/\",\"url\":\"https:\/\/i-nextia.com\/es\/shop\/mobile-wireless-karaoke-speaker\/\",\"name\":\"Mobile Wireless Karaoke Speaker - i-Nextia\",\"isPartOf\":{\"@id\":\"https:\/\/i-nextia.com\/es\/#website\"},\"datePublished\":\"2022-03-23T04:52:40+00:00\",\"dateModified\":\"2022-03-25T02:28:32+00:00\",\"breadcrumb\":{\"@id\":\"https:\/\/i-nextia.com\/es\/shop\/mobile-wireless-karaoke-speaker\/#breadcrumb\"},\"inLanguage\":\"es\",\"potentialAction\":[{\"@type\":\"ReadAction\",\"target\":[\"https:\/\/i-nextia.com\/es\/shop\/mobile-wireless-karaoke-speaker\/\"]}]},{\"@type\":\"BreadcrumbList\",\"@id\":\"https:\/\/i-nextia.com\/es\/shop\/mobile-wireless-karaoke-speaker\/#breadcrumb\",\"itemListElement\":[{\"@type\":\"ListItem\",\"position\":1,\"name\":\"Home\",\"item\":\"https:\/\/i-nextia.com\/es\/\"},{\"@type\":\"ListItem\",\"position\":2,\"name\":\"Shop\",\"item\":\"https:\/\/i-nextia.com\/en\/shop\/\"},{\"@type\":\"ListItem\",\"position\":3,\"name\":\"Mobile Wireless Karaoke Speaker\"}]},{\"@type\":\"WebSite\",\"@id\":\"https:\/\/i-nextia.com\/es\/#website\",\"url\":\"https:\/\/i-nextia.com\/es\/\",\"name\":\"i-Nextia\",\"description\":\"i-Nextia Internet Services\",\"publisher\":{\"@id\":\"https:\/\/i-nextia.com\/es\/#organization\"},\"potentialAction\":[{\"@type\":\"SearchAction\",\"target\":{\"@type\":\"EntryPoint\",\"urlTemplate\":\"https:\/\/i-nextia.com\/es\/?s={search_term_string}\"},\"query-input\":{\"@type\":\"PropertyValueSpecification\",\"valueRequired\":true,\"valueName\":\"search_term_string\"}}],\"inLanguage\":\"es\"},{\"@type\":\"Organization\",\"@id\":\"https:\/\/i-nextia.com\/es\/#organization\",\"name\":\"I-Nextia\",\"url\":\"https:\/\/i-nextia.com\/es\/\",\"logo\":{\"@type\":\"ImageObject\",\"inLanguage\":\"es\",\"@id\":\"https:\/\/i-nextia.com\/es\/#\/schema\/logo\/image\/\",\"url\":\"https:\/\/files.i-nextia.com\/wp-content\/uploads\/2021\/02\/06063029\/logo-380px.png\",\"contentUrl\":\"https:\/\/files.i-nextia.com\/wp-content\/uploads\/2021\/02\/06063029\/logo-380px.png\",\"width\":380,\"height\":114,\"caption\":\"I-Nextia\"},\"image\":{\"@id\":\"https:\/\/i-nextia.com\/es\/#\/schema\/logo\/image\/\"}}]}<\/script>\n<!-- \/ Yoast SEO plugin. -->","yoast_head_json":{"title":"Mobile Wireless Karaoke Speaker - i-Nextia","robots":{"index":"index","follow":"follow","max-snippet":"max-snippet:-1","max-image-preview":"max-image-preview:large","max-video-preview":"max-video-preview:-1"},"canonical":"https:\/\/i-nextia.com\/es\/shop\/mobile-wireless-karaoke-speaker\/","og_locale":"es_ES","og_type":"article","og_title":"Mobile Wireless Karaoke Speaker - i-Nextia","og_description":"Soporte para sonido envolvente est\u00e9reo 3D, dos micr\u00f3fonos inal\u00e1mbricos Incluso los buenos tonos se pueden eliminar Llame a Echo, Funci\u00f3n de cancelaci\u00f3n de ruido. Reproduce la tarjeta micro SD a trav\u00e9s de Bluetooth, entrada de 3,5 mm, dispositivo de memoria USB o inal\u00e1mbrico. Bater\u00eda de litio incorporada, 7.4v \/ 1800mah Salida de audio s\u00faper potente de 20 vatios. Tama\u00f1o: 290 * 135 * 145 mm","og_url":"https:\/\/i-nextia.com\/es\/shop\/mobile-wireless-karaoke-speaker\/","og_site_name":"i-Nextia","article_modified_time":"2022-03-25T02:28:32+00:00","og_image":[{"width":325,"height":325,"url":"https:\/\/files.i-nextia.com\/wp-content\/uploads\/2019\/10\/06064423\/we-inextia-img.jpg","type":"image\/jpeg"}],"twitter_card":"summary_large_image","twitter_misc":{"Tiempo de lectura":"1 minuto"},"schema":{"@context":"https:\/\/schema.org","@graph":[{"@type":"WebPage","@id":"https:\/\/i-nextia.com\/es\/shop\/mobile-wireless-karaoke-speaker\/","url":"https:\/\/i-nextia.com\/es\/shop\/mobile-wireless-karaoke-speaker\/","name":"Mobile Wireless Karaoke Speaker - i-Nextia","isPartOf":{"@id":"https:\/\/i-nextia.com\/es\/#website"},"datePublished":"2022-03-23T04:52:40+00:00","dateModified":"2022-03-25T02:28:32+00:00","breadcrumb":{"@id":"https:\/\/i-nextia.com\/es\/shop\/mobile-wireless-karaoke-speaker\/#breadcrumb"},"inLanguage":"es","potentialAction":[{"@type":"ReadAction","target":["https:\/\/i-nextia.com\/es\/shop\/mobile-wireless-karaoke-speaker\/"]}]},{"@type":"BreadcrumbList","@id":"https:\/\/i-nextia.com\/es\/shop\/mobile-wireless-karaoke-speaker\/#breadcrumb","itemListElement":[{"@type":"ListItem","position":1,"name":"Home","item":"https:\/\/i-nextia.com\/es\/"},{"@type":"ListItem","position":2,"name":"Shop","item":"https:\/\/i-nextia.com\/en\/shop\/"},{"@type":"ListItem","position":3,"name":"Mobile Wireless Karaoke Speaker"}]},{"@type":"WebSite","@id":"https:\/\/i-nextia.com\/es\/#website","url":"https:\/\/i-nextia.com\/es\/","name":"i-Nextia","description":"i-Nextia Internet Services","publisher":{"@id":"https:\/\/i-nextia.com\/es\/#organization"},"potentialAction":[{"@type":"SearchAction","target":{"@type":"EntryPoint","urlTemplate":"https:\/\/i-nextia.com\/es\/?s={search_term_string}"},"query-input":{"@type":"PropertyValueSpecification","valueRequired":true,"valueName":"search_term_string"}}],"inLanguage":"es"},{"@type":"Organization","@id":"https:\/\/i-nextia.com\/es\/#organization","name":"I-Nextia","url":"https:\/\/i-nextia.com\/es\/","logo":{"@type":"ImageObject","inLanguage":"es","@id":"https:\/\/i-nextia.com\/es\/#\/schema\/logo\/image\/","url":"https:\/\/files.i-nextia.com\/wp-content\/uploads\/2021\/02\/06063029\/logo-380px.png","contentUrl":"https:\/\/files.i-nextia.com\/wp-content\/uploads\/2021\/02\/06063029\/logo-380px.png","width":380,"height":114,"caption":"I-Nextia"},"image":{"@id":"https:\/\/i-nextia.com\/es\/#\/schema\/logo\/image\/"}}]}},"_links":{"self":[{"href":"https:\/\/i-nextia.com\/es\/wp-json\/wp\/v2\/product\/15615","targetHints":{"allow":["GET"]}}],"collection":[{"href":"https:\/\/i-nextia.com\/es\/wp-json\/wp\/v2\/product"}],"about":[{"href":"https:\/\/i-nextia.com\/es\/wp-json\/wp\/v2\/types\/product"}],"wp:attachment":[{"href":"https:\/\/i-nextia.com\/es\/wp-json\/wp\/v2\/media?parent=15615"}],"wp:term":[{"taxonomy":"product_brand","embeddable":true,"href":"https:\/\/i-nextia.com\/es\/wp-json\/wp\/v2\/product_brand?post=15615"},{"taxonomy":"product_cat","embeddable":true,"href":"https:\/\/i-nextia.com\/es\/wp-json\/wp\/v2\/product_cat?post=15615"},{"taxonomy":"product_tag","embeddable":true,"href":"https:\/\/i-nextia.com\/es\/wp-json\/wp\/v2\/product_tag?post=15615"}],"curies":[{"name":"wp","href":"https:\/\/api.w.org\/{rel}","templated":true}]}}