{"id":8041,"date":"2019-05-28T04:13:57","date_gmt":"2019-05-28T04:13:57","guid":{"rendered":"http:\/\/newstore.i-nextia.com\/envio-y-retorno-2\/"},"modified":"2019-05-28T04:21:47","modified_gmt":"2019-05-28T04:21:47","slug":"envio-y-retorno","status":"publish","type":"page","link":"https:\/\/i-nextia.com\/es\/envio-y-retorno\/","title":{"rendered":"Env\u00edo y Retorno"},"content":{"rendered":"[vc_row][vc_column offset=&#8221;vc_hidden-xs&#8221;]<div class=\"supro-empty-space \" style=\"\"><div class=\"supro_empty_space_lg\"  style=\"height: 50px\"><\/div><div class=\"supro_empty_space_md\"  style=\"height: 20px\"><\/div><div class=\"supro_empty_space_xs\"  style=\"height: 10px\"><\/div><\/div>[vc_custom_heading text=&#8221;ENV\u00cdO Y RETORNO&#8221; font_container=&#8221;tag:h2|text_align:center&#8221; google_fonts=&#8221;font_family:Raleway%3A100%2C200%2C300%2Cregular%2C500%2C600%2C700%2C800%2C900|font_style:400%20regular%3A400%3Anormal&#8221; letter_spacing=&#8221;9px&#8221; t_supro_heading=&#8221;&#8221; m_supro_heading=&#8221;&#8221;]<div class=\"supro-empty-space \" style=\"\"><div class=\"supro_empty_space_lg\"  style=\"height: 10px\"><\/div><div class=\"supro_empty_space_md\"  style=\"height: 5px\"><\/div><div class=\"supro_empty_space_xs\"  style=\"height: 2px\"><\/div><\/div>[vc_custom_heading text=&#8221;Todos los pedidos efectuados hasta las 3pm de Lunes a Sabado seran entregados al dia siguiente solo en lugares muy alejados podr\u00eda demorar 2 d\u00edas, en todo caso haga su consulta en linea&#8221; font_container=&#8221;tag:h2|font_size:24|text_align:center|line_height:34px&#8221; google_fonts=&#8221;font_family:Open%20Sans%3A300%2C300italic%2Cregular%2Citalic%2C600%2C600italic%2C700%2C700italic%2C800%2C800italic|font_style:300%20light%20regular%3A300%3Anormal&#8221; t_supro_heading=&#8221;&#8221; m_supro_heading=&#8221;&#8221; css=&#8221;.vc_custom_1559016334850{margin-right: 180px !important;margin-left: 180px !important;}&#8221;]<div class=\"supro-empty-space \" style=\"\"><div class=\"supro_empty_space_lg\"  style=\"height: 50px\"><\/div><div class=\"supro_empty_space_md\"  style=\"height: 30px\"><\/div><div class=\"supro_empty_space_xs\"  style=\"height: 20px\"><\/div><\/div>[vc_btn title=&#8221;CONSULTA EN LINEA&#8221; shape=&#8221;square&#8221; color=&#8221;vista-blue&#8221; align=&#8221;center&#8221; link=&#8221;url:http%3A%2F%2Fm.me%2Finextia|title:CONSULTA%20EN%20LINEA|&#8221;][\/vc_column][\/vc_row][vc_row][vc_column offset=&#8221;vc_hidden-lg vc_hidden-md vc_hidden-sm&#8221;]<div class=\"supro-empty-space \" style=\"\"><div class=\"supro_empty_space_lg\"  style=\"height: 50px\"><\/div><div class=\"supro_empty_space_md\"  style=\"height: 20px\"><\/div><div class=\"supro_empty_space_xs\"  style=\"height: 10px\"><\/div><\/div>[vc_custom_heading text=&#8221;ENV\u00cdO Y RETORNO&#8221; font_container=&#8221;tag:h2|text_align:center&#8221; google_fonts=&#8221;font_family:Raleway%3A100%2C200%2C300%2Cregular%2C500%2C600%2C700%2C800%2C900|font_style:400%20regular%3A400%3Anormal&#8221; letter_spacing=&#8221;12px&#8221; t_supro_heading=&#8221;&#8221; m_supro_heading=&#8221;&#8221;]<div class=\"supro-empty-space \" style=\"\"><div class=\"supro_empty_space_lg\"  style=\"height: 10px\"><\/div><div class=\"supro_empty_space_md\"  style=\"height: 5px\"><\/div><div class=\"supro_empty_space_xs\"  style=\"height: 2px\"><\/div><\/div>[vc_custom_heading text=&#8221;Todos los pedidos efectuados hasta las 3pm de Lunes a Sabado seran entregados al dia siguiente solo en lugares muy alejados podr\u00eda demorar 2 d\u00edas, en todo caso haga su consulta en linea&#8221; font_container=&#8221;tag:h2|font_size:24|text_align:center|line_height:34px&#8221; google_fonts=&#8221;font_family:Open%20Sans%3A300%2C300italic%2Cregular%2Citalic%2C600%2C600italic%2C700%2C700italic%2C800%2C800italic|font_style:300%20light%20regular%3A300%3Anormal&#8221; t_supro_heading=&#8221;&#8221; m_supro_heading=&#8221;&#8221;]<div class=\"supro-empty-space \" style=\"\"><div class=\"supro_empty_space_lg\"  style=\"height: 50px\"><\/div><div class=\"supro_empty_space_md\"  style=\"height: 30px\"><\/div><div class=\"supro_empty_space_xs\"  style=\"height: 20px\"><\/div><\/div>[vc_btn title=&#8221;CONSULTA EN LINEA&#8221; shape=&#8221;square&#8221; color=&#8221;vista-blue&#8221; align=&#8221;center&#8221; link=&#8221;url:http%3A%2F%2Fm.me%2Finextia|title:CONSULTA%20EN%20LINEA|&#8221;][\/vc_column][\/vc_row][vc_row][vc_column]<div class=\"supro-empty-space \" style=\"\"><div class=\"supro_empty_space_lg\"  style=\"height: 50px\"><\/div><div class=\"supro_empty_space_md\"  style=\"height: 30px\"><\/div><div class=\"supro_empty_space_xs\"  style=\"height: 20px\"><\/div><\/div>[vc_single_image image=&#8221;4283&#8243; img_size=&#8221;full&#8221; alignment=&#8221;center&#8221;]<div class=\"supro-empty-space \" style=\"\"><div class=\"supro_empty_space_lg\"  style=\"height: 80px\"><\/div><div class=\"supro_empty_space_md\"  style=\"height: 40px\"><\/div><div class=\"supro_empty_space_xs\"  style=\"height: 20px\"><\/div><\/div>[\/vc_column][\/vc_row][vc_row][vc_column width=&#8221;1\/2&#8243; offset=&#8221;vc_hidden-xs&#8221;][vc_custom_heading text=&#8221;En caso de devoluci\u00f3n&#8221; font_container=&#8221;tag:h2|font_size:36|text_align:left&#8221; google_fonts=&#8221;font_family:Open%20Sans%3A300%2C300italic%2Cregular%2Citalic%2C600%2C600italic%2C700%2C700italic%2C800%2C800italic|font_style:800%20bold%20regular%3A800%3Anormal&#8221; t_supro_heading=&#8221;&#8221; m_supro_heading=&#8221;&#8221;][vc_custom_heading text=&#8221;Los servicios de internet m\u00f3vil tienen 48 horas de test sin compromiso, en caso no tener buena cobertura el cliente devuelve el producto junto con su libreta bancaria para hacerle la devoluci\u00f3n de su dinero, en este caso los envios son por cuenta del cliente.&#8221; font_container=&#8221;tag:h2|font_size:16|text_align:left|line_height:26px&#8221; google_fonts=&#8221;font_family:Open%20Sans%3A300%2C300italic%2Cregular%2Citalic%2C600%2C600italic%2C700%2C700italic%2C800%2C800italic|font_style:400%20regular%3A400%3Anormal&#8221; t_supro_heading=&#8221;&#8221; m_supro_heading=&#8221;&#8221;][\/vc_column][vc_column width=&#8221;1\/2&#8243; offset=&#8221;vc_hidden-xs&#8221;][vc_single_image image=&#8221;4286&#8243; img_size=&#8221;full&#8221; alignment=&#8221;center&#8221;][\/vc_column][\/vc_row][vc_row][vc_column width=&#8221;1\/2&#8243; offset=&#8221;vc_hidden-lg vc_hidden-md vc_hidden-sm&#8221;][vc_custom_heading text=&#8221;En caso de devoluci\u00f3n&#8221; font_container=&#8221;tag:h2|font_size:36|text_align:center&#8221; google_fonts=&#8221;font_family:Open%20Sans%3A300%2C300italic%2Cregular%2Citalic%2C600%2C600italic%2C700%2C700italic%2C800%2C800italic|font_style:800%20bold%20regular%3A800%3Anormal&#8221; t_supro_heading=&#8221;&#8221; m_supro_heading=&#8221;&#8221;][vc_custom_heading text=&#8221;Los servicios de internet m\u00f3vil tienen 48 horas de test sin compromiso, en caso no tener buena cobertura el cliente devuelve el producto junto con su libreta bancaria para hacerle la devoluci\u00f3n de su dinero, en este caso los envios son por cuenta del cliente.&#8221; font_container=&#8221;tag:h2|font_size:16|text_align:center|line_height:26px&#8221; google_fonts=&#8221;font_family:Open%20Sans%3A300%2C300italic%2Cregular%2Citalic%2C600%2C600italic%2C700%2C700italic%2C800%2C800italic|font_style:400%20regular%3A400%3Anormal&#8221; t_supro_heading=&#8221;&#8221; m_supro_heading=&#8221;&#8221;][\/vc_column][vc_column width=&#8221;1\/2&#8243; offset=&#8221;vc_hidden-lg vc_hidden-md vc_hidden-sm&#8221;][vc_single_image image=&#8221;4286&#8243; img_size=&#8221;full&#8221; alignment=&#8221;center&#8221;][\/vc_column][\/vc_row][vc_row][vc_column]<div class=\"supro-empty-space \" style=\"\"><div class=\"supro_empty_space_lg\"  style=\"height: 80px\"><\/div><div class=\"supro_empty_space_md\"  style=\"height: 50px\"><\/div><div class=\"supro_empty_space_xs\"  style=\"height: 40px\"><\/div><\/div>[vc_single_image image=&#8221;4289&#8243; img_size=&#8221;full&#8221; alignment=&#8221;center&#8221;][\/vc_column][\/vc_row][vc_row][vc_column]<div class=\"supro-empty-space \" style=\"\"><div class=\"supro_empty_space_lg\"  style=\"height: 50px\"><\/div><div class=\"supro_empty_space_md\"  style=\"height: 20px\"><\/div><div class=\"supro_empty_space_xs\"  style=\"height: 10px\"><\/div><\/div>[vc_custom_heading text=&#8221;En caso de productos como tel\u00e9fonos o karaokes la garant\u00eda es de 6 meses.&#8221; font_container=&#8221;tag:h2|font_size:18|text_align:center|line_height:24px&#8221; google_fonts=&#8221;font_family:Open%20Sans%3A300%2C300italic%2Cregular%2Citalic%2C600%2C600italic%2C700%2C700italic%2C800%2C800italic|font_style:400%20regular%3A400%3Anormal&#8221; t_supro_heading=&#8221;&#8221; m_supro_heading=&#8221;&#8221;][vc_custom_heading text=&#8221;En caso de tel\u00e9fonos recibidos en promoci\u00f3n la garant\u00eda es de 1 mes&#8221; font_container=&#8221;tag:h2|font_size:18|text_align:center|line_height:24px&#8221; google_fonts=&#8221;font_family:Open%20Sans%3A300%2C300italic%2Cregular%2Citalic%2C600%2C600italic%2C700%2C700italic%2C800%2C800italic|font_style:400%20regular%3A400%3Anormal&#8221; t_supro_heading=&#8221;&#8221; m_supro_heading=&#8221;&#8221;][\/vc_column][\/vc_row][vc_row][vc_column][\/vc_column][\/vc_row]\n","protected":false},"excerpt":{"rendered":"<p>[vc_row][vc_column offset=&#8221;vc_hidden-xs&#8221;][vc_custom_heading text=&#8221;ENV\u00cdO Y RETORNO&#8221; font_container=&#8221;tag:h2|text_align:center&#8221; google_fonts=&#8221;font_family:Raleway%3A100%2C200%2C300%2Cregular%2C500%2C600%2C700%2C800%2C900|font_style:400%20regular%3A400%3Anormal&#8221; letter_spacing=&#8221;9px&#8221; t_supro_heading=&#8221;&#8221; m_supro_heading=&#8221;&#8221;][vc_custom_heading text=&#8221;Todos los pedidos efectuados hasta las 3pm de Lunes a Sabado seran entregados al dia siguiente solo en lugares muy alejados podr\u00eda demorar 2 d\u00edas, en todo caso haga su consulta en linea&#8221; font_container=&#8221;tag:h2|font_size:24|text_align:center|line_height:34px&#8221; google_fonts=&#8221;font_family:Open%20Sans%3A300%2C300italic%2Cregular%2Citalic%2C600%2C600italic%2C700%2C700italic%2C800%2C800italic|font_style:300%20light%20regular%3A300%3Anormal&#8221; t_supro_heading=&#8221;&#8221; m_supro_heading=&#8221;&#8221; css=&#8221;.vc_custom_1559016334850{margin-right: 180px !important;margin-left: 180px !important;}&#8221;][vc_btn title=&#8221;CONSULTA EN LINEA&#8221; [&hellip;]<\/p>\n","protected":false},"author":15,"featured_media":0,"parent":0,"menu_order":0,"comment_status":"closed","ping_status":"closed","template":"","meta":{"_acf_changed":false,"footnotes":""},"class_list":["post-8041","page","type-page","status-publish","hentry","no-thumb"],"acf":[],"yoast_head":"<!-- This site is optimized with the Yoast SEO plugin v26.5 - https:\/\/yoast.com\/wordpress\/plugins\/seo\/ -->\n<title>Env\u00edo y Retorno - i-Nextia<\/title>\n<meta name=\"robots\" content=\"index, follow, max-snippet:-1, max-image-preview:large, max-video-preview:-1\" \/>\n<link rel=\"canonical\" href=\"https:\/\/i-nextia.com\/es\/envio-y-retorno\/\" \/>\n<meta property=\"og:locale\" content=\"es_ES\" \/>\n<meta property=\"og:type\" content=\"article\" \/>\n<meta property=\"og:title\" content=\"Env\u00edo y Retorno - i-Nextia\" \/>\n<meta property=\"og:description\" content=\"[vc_row][vc_column offset=&#8221;vc_hidden-xs&#8221;][vc_custom_heading text=&#8221;ENV\u00cdO Y RETORNO&#8221; font_container=&#8221;tag:h2|text_align:center&#8221; google_fonts=&#8221;font_family:Raleway%3A100%2C200%2C300%2Cregular%2C500%2C600%2C700%2C800%2C900|font_style:400%20regular%3A400%3Anormal&#8221; letter_spacing=&#8221;9px&#8221; t_supro_heading=&#8221;&#8221; m_supro_heading=&#8221;&#8221;][vc_custom_heading text=&#8221;Todos los pedidos efectuados hasta las 3pm de Lunes a Sabado seran entregados al dia siguiente solo en lugares muy alejados podr\u00eda demorar 2 d\u00edas, en todo caso haga su consulta en linea&#8221; font_container=&#8221;tag:h2|font_size:24|text_align:center|line_height:34px&#8221; google_fonts=&#8221;font_family:Open%20Sans%3A300%2C300italic%2Cregular%2Citalic%2C600%2C600italic%2C700%2C700italic%2C800%2C800italic|font_style:300%20light%20regular%3A300%3Anormal&#8221; t_supro_heading=&#8221;&#8221; m_supro_heading=&#8221;&#8221; css=&#8221;.vc_custom_1559016334850{margin-right: 180px !important;margin-left: 180px !important;}&#8221;][vc_btn title=&#8221;CONSULTA EN LINEA&#8221; [&hellip;]\" \/>\n<meta property=\"og:url\" content=\"https:\/\/i-nextia.com\/es\/envio-y-retorno\/\" \/>\n<meta property=\"og:site_name\" content=\"i-Nextia\" \/>\n<meta property=\"article:modified_time\" content=\"2019-05-28T04:21:47+00:00\" \/>\n<meta property=\"og:image\" content=\"https:\/\/files.i-nextia.com\/wp-content\/uploads\/2019\/10\/06064423\/we-inextia-img.jpg\" \/>\n\t<meta property=\"og:image:width\" content=\"325\" \/>\n\t<meta property=\"og:image:height\" content=\"325\" \/>\n\t<meta property=\"og:image:type\" content=\"image\/jpeg\" \/>\n<meta name=\"twitter:card\" content=\"summary_large_image\" \/>\n<meta name=\"twitter:label1\" content=\"Tiempo de lectura\" \/>\n\t<meta name=\"twitter:data1\" content=\"5 minutos\" \/>\n<script type=\"application\/ld+json\" class=\"yoast-schema-graph\">{\"@context\":\"https:\/\/schema.org\",\"@graph\":[{\"@type\":\"WebPage\",\"@id\":\"https:\/\/i-nextia.com\/es\/envio-y-retorno\/\",\"url\":\"https:\/\/i-nextia.com\/es\/envio-y-retorno\/\",\"name\":\"Env\u00edo y Retorno - i-Nextia\",\"isPartOf\":{\"@id\":\"https:\/\/i-nextia.com\/es\/#website\"},\"datePublished\":\"2019-05-28T04:13:57+00:00\",\"dateModified\":\"2019-05-28T04:21:47+00:00\",\"breadcrumb\":{\"@id\":\"https:\/\/i-nextia.com\/es\/envio-y-retorno\/#breadcrumb\"},\"inLanguage\":\"es\",\"potentialAction\":[{\"@type\":\"ReadAction\",\"target\":[\"https:\/\/i-nextia.com\/es\/envio-y-retorno\/\"]}]},{\"@type\":\"BreadcrumbList\",\"@id\":\"https:\/\/i-nextia.com\/es\/envio-y-retorno\/#breadcrumb\",\"itemListElement\":[{\"@type\":\"ListItem\",\"position\":1,\"name\":\"Home\",\"item\":\"https:\/\/i-nextia.com\/es\/\"},{\"@type\":\"ListItem\",\"position\":2,\"name\":\"Env\u00edo y Retorno\"}]},{\"@type\":\"WebSite\",\"@id\":\"https:\/\/i-nextia.com\/es\/#website\",\"url\":\"https:\/\/i-nextia.com\/es\/\",\"name\":\"i-Nextia\",\"description\":\"i-Nextia Internet Services\",\"publisher\":{\"@id\":\"https:\/\/i-nextia.com\/es\/#organization\"},\"potentialAction\":[{\"@type\":\"SearchAction\",\"target\":{\"@type\":\"EntryPoint\",\"urlTemplate\":\"https:\/\/i-nextia.com\/es\/?s={search_term_string}\"},\"query-input\":{\"@type\":\"PropertyValueSpecification\",\"valueRequired\":true,\"valueName\":\"search_term_string\"}}],\"inLanguage\":\"es\"},{\"@type\":\"Organization\",\"@id\":\"https:\/\/i-nextia.com\/es\/#organization\",\"name\":\"I-Nextia\",\"url\":\"https:\/\/i-nextia.com\/es\/\",\"logo\":{\"@type\":\"ImageObject\",\"inLanguage\":\"es\",\"@id\":\"https:\/\/i-nextia.com\/es\/#\/schema\/logo\/image\/\",\"url\":\"https:\/\/files.i-nextia.com\/wp-content\/uploads\/2021\/02\/06063029\/logo-380px.png\",\"contentUrl\":\"https:\/\/files.i-nextia.com\/wp-content\/uploads\/2021\/02\/06063029\/logo-380px.png\",\"width\":380,\"height\":114,\"caption\":\"I-Nextia\"},\"image\":{\"@id\":\"https:\/\/i-nextia.com\/es\/#\/schema\/logo\/image\/\"}}]}<\/script>\n<!-- \/ Yoast SEO plugin. -->","yoast_head_json":{"title":"Env\u00edo y Retorno - i-Nextia","robots":{"index":"index","follow":"follow","max-snippet":"max-snippet:-1","max-image-preview":"max-image-preview:large","max-video-preview":"max-video-preview:-1"},"canonical":"https:\/\/i-nextia.com\/es\/envio-y-retorno\/","og_locale":"es_ES","og_type":"article","og_title":"Env\u00edo y Retorno - i-Nextia","og_description":"[vc_row][vc_column offset=&#8221;vc_hidden-xs&#8221;][vc_custom_heading text=&#8221;ENV\u00cdO Y RETORNO&#8221; font_container=&#8221;tag:h2|text_align:center&#8221; google_fonts=&#8221;font_family:Raleway%3A100%2C200%2C300%2Cregular%2C500%2C600%2C700%2C800%2C900|font_style:400%20regular%3A400%3Anormal&#8221; letter_spacing=&#8221;9px&#8221; t_supro_heading=&#8221;&#8221; m_supro_heading=&#8221;&#8221;][vc_custom_heading text=&#8221;Todos los pedidos efectuados hasta las 3pm de Lunes a Sabado seran entregados al dia siguiente solo en lugares muy alejados podr\u00eda demorar 2 d\u00edas, en todo caso haga su consulta en linea&#8221; font_container=&#8221;tag:h2|font_size:24|text_align:center|line_height:34px&#8221; google_fonts=&#8221;font_family:Open%20Sans%3A300%2C300italic%2Cregular%2Citalic%2C600%2C600italic%2C700%2C700italic%2C800%2C800italic|font_style:300%20light%20regular%3A300%3Anormal&#8221; t_supro_heading=&#8221;&#8221; m_supro_heading=&#8221;&#8221; css=&#8221;.vc_custom_1559016334850{margin-right: 180px !important;margin-left: 180px !important;}&#8221;][vc_btn title=&#8221;CONSULTA EN LINEA&#8221; [&hellip;]","og_url":"https:\/\/i-nextia.com\/es\/envio-y-retorno\/","og_site_name":"i-Nextia","article_modified_time":"2019-05-28T04:21:47+00:00","og_image":[{"width":325,"height":325,"url":"https:\/\/files.i-nextia.com\/wp-content\/uploads\/2019\/10\/06064423\/we-inextia-img.jpg","type":"image\/jpeg"}],"twitter_card":"summary_large_image","twitter_misc":{"Tiempo de lectura":"5 minutos"},"schema":{"@context":"https:\/\/schema.org","@graph":[{"@type":"WebPage","@id":"https:\/\/i-nextia.com\/es\/envio-y-retorno\/","url":"https:\/\/i-nextia.com\/es\/envio-y-retorno\/","name":"Env\u00edo y Retorno - i-Nextia","isPartOf":{"@id":"https:\/\/i-nextia.com\/es\/#website"},"datePublished":"2019-05-28T04:13:57+00:00","dateModified":"2019-05-28T04:21:47+00:00","breadcrumb":{"@id":"https:\/\/i-nextia.com\/es\/envio-y-retorno\/#breadcrumb"},"inLanguage":"es","potentialAction":[{"@type":"ReadAction","target":["https:\/\/i-nextia.com\/es\/envio-y-retorno\/"]}]},{"@type":"BreadcrumbList","@id":"https:\/\/i-nextia.com\/es\/envio-y-retorno\/#breadcrumb","itemListElement":[{"@type":"ListItem","position":1,"name":"Home","item":"https:\/\/i-nextia.com\/es\/"},{"@type":"ListItem","position":2,"name":"Env\u00edo y Retorno"}]},{"@type":"WebSite","@id":"https:\/\/i-nextia.com\/es\/#website","url":"https:\/\/i-nextia.com\/es\/","name":"i-Nextia","description":"i-Nextia Internet Services","publisher":{"@id":"https:\/\/i-nextia.com\/es\/#organization"},"potentialAction":[{"@type":"SearchAction","target":{"@type":"EntryPoint","urlTemplate":"https:\/\/i-nextia.com\/es\/?s={search_term_string}"},"query-input":{"@type":"PropertyValueSpecification","valueRequired":true,"valueName":"search_term_string"}}],"inLanguage":"es"},{"@type":"Organization","@id":"https:\/\/i-nextia.com\/es\/#organization","name":"I-Nextia","url":"https:\/\/i-nextia.com\/es\/","logo":{"@type":"ImageObject","inLanguage":"es","@id":"https:\/\/i-nextia.com\/es\/#\/schema\/logo\/image\/","url":"https:\/\/files.i-nextia.com\/wp-content\/uploads\/2021\/02\/06063029\/logo-380px.png","contentUrl":"https:\/\/files.i-nextia.com\/wp-content\/uploads\/2021\/02\/06063029\/logo-380px.png","width":380,"height":114,"caption":"I-Nextia"},"image":{"@id":"https:\/\/i-nextia.com\/es\/#\/schema\/logo\/image\/"}}]}},"_links":{"self":[{"href":"https:\/\/i-nextia.com\/es\/wp-json\/wp\/v2\/pages\/8041","targetHints":{"allow":["GET"]}}],"collection":[{"href":"https:\/\/i-nextia.com\/es\/wp-json\/wp\/v2\/pages"}],"about":[{"href":"https:\/\/i-nextia.com\/es\/wp-json\/wp\/v2\/types\/page"}],"author":[{"embeddable":true,"href":"https:\/\/i-nextia.com\/es\/wp-json\/wp\/v2\/users\/15"}],"replies":[{"embeddable":true,"href":"https:\/\/i-nextia.com\/es\/wp-json\/wp\/v2\/comments?post=8041"}],"version-history":[{"count":0,"href":"https:\/\/i-nextia.com\/es\/wp-json\/wp\/v2\/pages\/8041\/revisions"}],"wp:attachment":[{"href":"https:\/\/i-nextia.com\/es\/wp-json\/wp\/v2\/media?parent=8041"}],"curies":[{"name":"wp","href":"https:\/\/api.w.org\/{rel}","templated":true}]}}