{"id":6499,"date":"2019-05-10T04:17:10","date_gmt":"2019-05-10T04:17:10","guid":{"rendered":"http:\/\/newstore.i-nextia.com\/?page_id=6499"},"modified":"2019-05-30T18:03:30","modified_gmt":"2019-05-30T09:03:30","slug":"condiciones-de-uso","status":"publish","type":"page","link":"https:\/\/i-nextia.com\/es\/condiciones-de-uso\/","title":{"rendered":"CONDICIONES DE USO"},"content":{"rendered":"[vc_row 0=&#8221;&#8221; full_width=&#8221;stretch_row&#8221; css=&#8221;.vc_custom_1557461818176{background-color: #ffffff !important;}&#8221;][vc_column css=&#8221;.vc_custom_1557469696944{padding-top: 35px !important;padding-right: 25px !important;padding-bottom: 35px !important;padding-left: 25px !important;background-color: #ffffff !important;}&#8221;][vc_custom_heading text=&#8221;CONDICIONES DE USO&#8221; font_container=&#8221;tag:h4|font_size:28|text_align:center|color:%23000000|line_height:1.2&#8243; google_fonts=&#8221;font_family:Raleway%3A100%2C200%2C300%2Cregular%2C500%2C600%2C700%2C800%2C900|font_style:400%20regular%3A400%3Anormal&#8221; letter_spacing=&#8221;4px&#8221; t_supro_heading=&#8221;&#8221; m_supro_heading=&#8221;&#8221; m_font_size=&#8221;28&#8243;]<div class=\"supro-empty-space \" style=\"\"><div class=\"supro_empty_space_lg\"  style=\"height: 20px\"><\/div><div class=\"supro_empty_space_md\"  style=\"height: 15px\"><\/div><div class=\"supro_empty_space_xs\"  style=\"height: 10px\"><\/div><\/div>[vc_row_inner][vc_column_inner width=&#8221;1\/6&#8243;][\/vc_column_inner][vc_column_inner width=&#8221;2\/3&#8243;][vc_column_text]\n<ul>\n<li>Todos los pagos son por Smart Pit del 20~25 de cada mes. Si el cliente no efect\u00faa el pago en esas fechas, el servicio quedar\u00e1 suspendido en el lapso de 48 horas. Luego de haber sido suspendido su servicio el cliente puede pagar hasta d\u00eda 10 del mes siguiente, Le explicamos tomando como<span style=\"color: #0000ff;\"> ejemplo un mes cualquiera :<\/span> Su pago de uso para Septiembre (al ser prepago se paga adelantado el mes de uso) \u00a0era del 20 al 25 de Agosto pero sino lo paga se suspende el 26 de Agosto y para reactivarlo podr\u00e1 pagarlo hasta el 10 de Septiembre COMO M\u00c1XIMO para no cancelar su servicio DEFINITIVAMENTE y se le cobrar\u00e1 una tasa de reactivaci\u00f3n de \u00a52,000 pudiendo demorar hasta 2 d\u00edas h\u00e1biles para volver a funcionar (sin contabilizar S\u00e1bado ni Domingo).Si no efect\u00faa el pago el cliente tendr\u00e1 que devolver el aparato prestado m\u00e1ximo hasta el d\u00eda 15 del mes impago.<\/li>\n<\/ul>\n<ul>\n<li>Es obligatorio devolver el Pocket Wi-Fi una vez finalizado su uso. En caso de la no devoluci\u00f3n, tendr\u00e1 que pagar \u00a510,800 de multa o la empresa dejar\u00e1 al cliente en la lista negra de Jap\u00f3n. <a href=\"https:\/\/www.i-nextia.com\/es\/blacklist\/\"><strong>Clique aqu\u00ed<\/strong><\/a> para ver m\u00e1s detalles y evitar problemas futuros con su nombre en las entidades financieras en el Jap\u00f3n. <a href=\"https:\/\/www.i-nextia.com\/es\/blacklist\/\"><strong>Blacklist<\/strong><\/a><\/li>\n<\/ul>\n<ul>\n<li>El cliente tiene 48 horas para hacer un test sin compromiso de nuestro servicio, en caso desista, puede hacer la devoluci\u00f3n del producto en las mismas condiciones en que lo recibi\u00f3 y se le reembolsar\u00e1 todos los pagos efectuados menos los env\u00edos y el costo de transferencia bancaria que ser\u00e1n por cuenta del cliente. Si despu\u00e9s de este plazo no hay ning\u00fan tipo de reclamo POR ESCRITO no se aceptaran reclamos posteriores.<\/li>\n<\/ul>\n<ul>\n<li>El cliente podr\u00e1 realizar el recambio del producto bajo estas condiciones:<\/li>\n<\/ul>\n<ol>\n<li style=\"list-style-type: none;\">\n<ol>\n<li>En caso de defecto ser\u00e1 enviado la pieza de reemplazo sin costo adicional y nuestra empresa correr\u00e1 con los costos de env\u00edo de ida y vuelta. El cliente tendr\u00e1 10 d\u00edas como m\u00e1ximo para enviar la pieza defectuosa, de otra forma el sistema bloquear\u00e1 su servicio en caso de no haberlo recibido despu\u00e9s de ese plazo.<\/li>\n<li>En caso de cambio de plan tendremos primero que recibir el producto que ser\u00e1 cambiado para poder efectuar el cambio. NO ES POSIBLE enviar primero el nuevo plan y luego el cliente enviar el que desea cambiar.<\/li>\n<\/ol>\n<\/li>\n<\/ol>\n<ul>\n<li>En caso de no querer continuar con el servicio tiene que hacer el tr\u00e1mite por FACEBOOK, WhatsApp o e-mail y el aparato tendr\u00e1 que llegar a nuestra oficina como m\u00e1ximo el d\u00eda 30 o 31 del mes que pag\u00f3. Por cada d\u00eda de retraso o accesorio faltante se le descontar\u00e1 \u00a5500 de su garant\u00eda (solo en caso haya dejado este dep\u00f3sito)<\/li>\n<\/ul>\n<ul>\n<li>Los pagos de la garant\u00eda se realizan solo una vez por semana cada mi\u00e9rcoles de 2pm a 3pm para lo cual nuestra empresa tiene que recibir m\u00e1ximo el paquete hasta un s\u00e1bado anterior al d\u00eda del dep\u00f3sito.<\/li>\n<\/ul>\n<ul>\n<li>Siendo un sistema de alquiler los servicios est\u00e1n sujetos a cambios sin previo aviso.<\/li>\n<\/ul>\n[\/vc_column_text][\/vc_column_inner][vc_column_inner width=&#8221;1\/6&#8243;][\/vc_column_inner][\/vc_row_inner][\/vc_column][\/vc_row]\n","protected":false},"excerpt":{"rendered":"<p>[vc_row 0=&#8221;&#8221; full_width=&#8221;stretch_row&#8221; css=&#8221;.vc_custom_1557461818176{background-color: #ffffff !important;}&#8221;][vc_column css=&#8221;.vc_custom_1557469696944{padding-top: 35px !important;padding-right: 25px !important;padding-bottom: 35px !important;padding-left: 25px !important;background-color: #ffffff !important;}&#8221;][vc_custom_heading text=&#8221;CONDICIONES DE USO&#8221; font_container=&#8221;tag:h4|font_size:28|text_align:center|color:%23000000|line_height:1.2&#8243; google_fonts=&#8221;font_family:Raleway%3A100%2C200%2C300%2Cregular%2C500%2C600%2C700%2C800%2C900|font_style:400%20regular%3A400%3Anormal&#8221; letter_spacing=&#8221;4px&#8221; t_supro_heading=&#8221;&#8221; m_supro_heading=&#8221;&#8221; m_font_size=&#8221;28&#8243;][vc_row_inner][vc_column_inner width=&#8221;1\/6&#8243;][\/vc_column_inner][vc_column_inner width=&#8221;2\/3&#8243;][vc_column_text] Todos los pagos son por Smart Pit del 20~25 de cada mes. Si el cliente no efect\u00faa el pago en esas fechas, el servicio quedar\u00e1 suspendido en [&hellip;]<\/p>\n","protected":false},"author":15,"featured_media":0,"parent":0,"menu_order":0,"comment_status":"closed","ping_status":"closed","template":"","meta":{"_acf_changed":false,"footnotes":""},"class_list":["post-6499","page","type-page","status-publish","hentry","no-thumb"],"acf":[],"yoast_head":"<!-- This site is optimized with the Yoast SEO plugin v26.5 - https:\/\/yoast.com\/wordpress\/plugins\/seo\/ -->\n<title>CONDICIONES DE USO - i-Nextia<\/title>\n<meta name=\"robots\" content=\"index, follow, max-snippet:-1, max-image-preview:large, max-video-preview:-1\" \/>\n<link rel=\"canonical\" href=\"https:\/\/i-nextia.com\/es\/condiciones-de-uso\/\" \/>\n<meta property=\"og:locale\" content=\"es_ES\" \/>\n<meta property=\"og:type\" content=\"article\" \/>\n<meta property=\"og:title\" content=\"CONDICIONES DE USO - i-Nextia\" \/>\n<meta property=\"og:description\" content=\"[vc_row 0=&#8221;&#8221; full_width=&#8221;stretch_row&#8221; css=&#8221;.vc_custom_1557461818176{background-color: #ffffff !important;}&#8221;][vc_column css=&#8221;.vc_custom_1557469696944{padding-top: 35px !important;padding-right: 25px !important;padding-bottom: 35px !important;padding-left: 25px !important;background-color: #ffffff !important;}&#8221;][vc_custom_heading text=&#8221;CONDICIONES DE USO&#8221; font_container=&#8221;tag:h4|font_size:28|text_align:center|color:%23000000|line_height:1.2&#8243; google_fonts=&#8221;font_family:Raleway%3A100%2C200%2C300%2Cregular%2C500%2C600%2C700%2C800%2C900|font_style:400%20regular%3A400%3Anormal&#8221; letter_spacing=&#8221;4px&#8221; t_supro_heading=&#8221;&#8221; m_supro_heading=&#8221;&#8221; m_font_size=&#8221;28&#8243;][vc_row_inner][vc_column_inner width=&#8221;1\/6&#8243;][\/vc_column_inner][vc_column_inner width=&#8221;2\/3&#8243;][vc_column_text] Todos los pagos son por Smart Pit del 20~25 de cada mes. Si el cliente no efect\u00faa el pago en esas fechas, el servicio quedar\u00e1 suspendido en [&hellip;]\" \/>\n<meta property=\"og:url\" content=\"https:\/\/i-nextia.com\/es\/condiciones-de-uso\/\" \/>\n<meta property=\"og:site_name\" content=\"i-Nextia\" \/>\n<meta property=\"article:modified_time\" content=\"2019-05-30T09:03:30+00:00\" \/>\n<meta property=\"og:image\" content=\"https:\/\/files.i-nextia.com\/wp-content\/uploads\/2019\/10\/06064423\/we-inextia-img.jpg\" \/>\n\t<meta property=\"og:image:width\" content=\"325\" \/>\n\t<meta property=\"og:image:height\" content=\"325\" \/>\n\t<meta property=\"og:image:type\" content=\"image\/jpeg\" \/>\n<meta name=\"twitter:card\" content=\"summary_large_image\" \/>\n<meta name=\"twitter:label1\" content=\"Tiempo de lectura\" \/>\n\t<meta name=\"twitter:data1\" content=\"3 minutos\" \/>\n<script type=\"application\/ld+json\" class=\"yoast-schema-graph\">{\"@context\":\"https:\/\/schema.org\",\"@graph\":[{\"@type\":\"WebPage\",\"@id\":\"https:\/\/i-nextia.com\/es\/condiciones-de-uso\/\",\"url\":\"https:\/\/i-nextia.com\/es\/condiciones-de-uso\/\",\"name\":\"CONDICIONES DE USO - i-Nextia\",\"isPartOf\":{\"@id\":\"https:\/\/i-nextia.com\/es\/#website\"},\"datePublished\":\"2019-05-10T04:17:10+00:00\",\"dateModified\":\"2019-05-30T09:03:30+00:00\",\"breadcrumb\":{\"@id\":\"https:\/\/i-nextia.com\/es\/condiciones-de-uso\/#breadcrumb\"},\"inLanguage\":\"es\",\"potentialAction\":[{\"@type\":\"ReadAction\",\"target\":[\"https:\/\/i-nextia.com\/es\/condiciones-de-uso\/\"]}]},{\"@type\":\"BreadcrumbList\",\"@id\":\"https:\/\/i-nextia.com\/es\/condiciones-de-uso\/#breadcrumb\",\"itemListElement\":[{\"@type\":\"ListItem\",\"position\":1,\"name\":\"Home\",\"item\":\"https:\/\/i-nextia.com\/es\/\"},{\"@type\":\"ListItem\",\"position\":2,\"name\":\"CONDICIONES DE USO\"}]},{\"@type\":\"WebSite\",\"@id\":\"https:\/\/i-nextia.com\/es\/#website\",\"url\":\"https:\/\/i-nextia.com\/es\/\",\"name\":\"i-Nextia\",\"description\":\"i-Nextia Internet Services\",\"publisher\":{\"@id\":\"https:\/\/i-nextia.com\/es\/#organization\"},\"potentialAction\":[{\"@type\":\"SearchAction\",\"target\":{\"@type\":\"EntryPoint\",\"urlTemplate\":\"https:\/\/i-nextia.com\/es\/?s={search_term_string}\"},\"query-input\":{\"@type\":\"PropertyValueSpecification\",\"valueRequired\":true,\"valueName\":\"search_term_string\"}}],\"inLanguage\":\"es\"},{\"@type\":\"Organization\",\"@id\":\"https:\/\/i-nextia.com\/es\/#organization\",\"name\":\"I-Nextia\",\"url\":\"https:\/\/i-nextia.com\/es\/\",\"logo\":{\"@type\":\"ImageObject\",\"inLanguage\":\"es\",\"@id\":\"https:\/\/i-nextia.com\/es\/#\/schema\/logo\/image\/\",\"url\":\"https:\/\/files.i-nextia.com\/wp-content\/uploads\/2021\/02\/06063029\/logo-380px.png\",\"contentUrl\":\"https:\/\/files.i-nextia.com\/wp-content\/uploads\/2021\/02\/06063029\/logo-380px.png\",\"width\":380,\"height\":114,\"caption\":\"I-Nextia\"},\"image\":{\"@id\":\"https:\/\/i-nextia.com\/es\/#\/schema\/logo\/image\/\"}}]}<\/script>\n<!-- \/ Yoast SEO plugin. -->","yoast_head_json":{"title":"CONDICIONES DE USO - i-Nextia","robots":{"index":"index","follow":"follow","max-snippet":"max-snippet:-1","max-image-preview":"max-image-preview:large","max-video-preview":"max-video-preview:-1"},"canonical":"https:\/\/i-nextia.com\/es\/condiciones-de-uso\/","og_locale":"es_ES","og_type":"article","og_title":"CONDICIONES DE USO - i-Nextia","og_description":"[vc_row 0=&#8221;&#8221; full_width=&#8221;stretch_row&#8221; css=&#8221;.vc_custom_1557461818176{background-color: #ffffff !important;}&#8221;][vc_column css=&#8221;.vc_custom_1557469696944{padding-top: 35px !important;padding-right: 25px !important;padding-bottom: 35px !important;padding-left: 25px !important;background-color: #ffffff !important;}&#8221;][vc_custom_heading text=&#8221;CONDICIONES DE USO&#8221; font_container=&#8221;tag:h4|font_size:28|text_align:center|color:%23000000|line_height:1.2&#8243; google_fonts=&#8221;font_family:Raleway%3A100%2C200%2C300%2Cregular%2C500%2C600%2C700%2C800%2C900|font_style:400%20regular%3A400%3Anormal&#8221; letter_spacing=&#8221;4px&#8221; t_supro_heading=&#8221;&#8221; m_supro_heading=&#8221;&#8221; m_font_size=&#8221;28&#8243;][vc_row_inner][vc_column_inner width=&#8221;1\/6&#8243;][\/vc_column_inner][vc_column_inner width=&#8221;2\/3&#8243;][vc_column_text] Todos los pagos son por Smart Pit del 20~25 de cada mes. Si el cliente no efect\u00faa el pago en esas fechas, el servicio quedar\u00e1 suspendido en [&hellip;]","og_url":"https:\/\/i-nextia.com\/es\/condiciones-de-uso\/","og_site_name":"i-Nextia","article_modified_time":"2019-05-30T09:03:30+00:00","og_image":[{"width":325,"height":325,"url":"https:\/\/files.i-nextia.com\/wp-content\/uploads\/2019\/10\/06064423\/we-inextia-img.jpg","type":"image\/jpeg"}],"twitter_card":"summary_large_image","twitter_misc":{"Tiempo de lectura":"3 minutos"},"schema":{"@context":"https:\/\/schema.org","@graph":[{"@type":"WebPage","@id":"https:\/\/i-nextia.com\/es\/condiciones-de-uso\/","url":"https:\/\/i-nextia.com\/es\/condiciones-de-uso\/","name":"CONDICIONES DE USO - i-Nextia","isPartOf":{"@id":"https:\/\/i-nextia.com\/es\/#website"},"datePublished":"2019-05-10T04:17:10+00:00","dateModified":"2019-05-30T09:03:30+00:00","breadcrumb":{"@id":"https:\/\/i-nextia.com\/es\/condiciones-de-uso\/#breadcrumb"},"inLanguage":"es","potentialAction":[{"@type":"ReadAction","target":["https:\/\/i-nextia.com\/es\/condiciones-de-uso\/"]}]},{"@type":"BreadcrumbList","@id":"https:\/\/i-nextia.com\/es\/condiciones-de-uso\/#breadcrumb","itemListElement":[{"@type":"ListItem","position":1,"name":"Home","item":"https:\/\/i-nextia.com\/es\/"},{"@type":"ListItem","position":2,"name":"CONDICIONES DE USO"}]},{"@type":"WebSite","@id":"https:\/\/i-nextia.com\/es\/#website","url":"https:\/\/i-nextia.com\/es\/","name":"i-Nextia","description":"i-Nextia Internet Services","publisher":{"@id":"https:\/\/i-nextia.com\/es\/#organization"},"potentialAction":[{"@type":"SearchAction","target":{"@type":"EntryPoint","urlTemplate":"https:\/\/i-nextia.com\/es\/?s={search_term_string}"},"query-input":{"@type":"PropertyValueSpecification","valueRequired":true,"valueName":"search_term_string"}}],"inLanguage":"es"},{"@type":"Organization","@id":"https:\/\/i-nextia.com\/es\/#organization","name":"I-Nextia","url":"https:\/\/i-nextia.com\/es\/","logo":{"@type":"ImageObject","inLanguage":"es","@id":"https:\/\/i-nextia.com\/es\/#\/schema\/logo\/image\/","url":"https:\/\/files.i-nextia.com\/wp-content\/uploads\/2021\/02\/06063029\/logo-380px.png","contentUrl":"https:\/\/files.i-nextia.com\/wp-content\/uploads\/2021\/02\/06063029\/logo-380px.png","width":380,"height":114,"caption":"I-Nextia"},"image":{"@id":"https:\/\/i-nextia.com\/es\/#\/schema\/logo\/image\/"}}]}},"_links":{"self":[{"href":"https:\/\/i-nextia.com\/es\/wp-json\/wp\/v2\/pages\/6499","targetHints":{"allow":["GET"]}}],"collection":[{"href":"https:\/\/i-nextia.com\/es\/wp-json\/wp\/v2\/pages"}],"about":[{"href":"https:\/\/i-nextia.com\/es\/wp-json\/wp\/v2\/types\/page"}],"author":[{"embeddable":true,"href":"https:\/\/i-nextia.com\/es\/wp-json\/wp\/v2\/users\/15"}],"replies":[{"embeddable":true,"href":"https:\/\/i-nextia.com\/es\/wp-json\/wp\/v2\/comments?post=6499"}],"version-history":[{"count":0,"href":"https:\/\/i-nextia.com\/es\/wp-json\/wp\/v2\/pages\/6499\/revisions"}],"wp:attachment":[{"href":"https:\/\/i-nextia.com\/es\/wp-json\/wp\/v2\/media?parent=6499"}],"curies":[{"name":"wp","href":"https:\/\/api.w.org\/{rel}","templated":true}]}}