{"id":5205,"date":"2019-04-26T04:01:21","date_gmt":"2019-04-26T04:01:21","guid":{"rendered":"http:\/\/newstore.i-nextia.com\/?page_id=5205"},"modified":"2019-10-10T14:40:14","modified_gmt":"2019-10-10T05:40:14","slug":"blacklist","status":"publish","type":"page","link":"https:\/\/i-nextia.com\/es\/blacklist\/","title":{"rendered":"Blacklist"},"content":{"rendered":"[vc_row 0=&#8221;&#8221; full_width=&#8221;stretch_row&#8221; css=&#8221;.vc_custom_1556166679382{background-color: #ededed !important;}&#8221;][vc_column css=&#8221;.vc_custom_1556169604579{margin-top: 40px !important;margin-right: 40px !important;margin-bottom: 40px !important;border-top-width: 2px !important;border-right-width: 2px !important;border-bottom-width: 2px !important;border-left-width: 2px !important;padding-top: 35px !important;padding-right: 35px !important;padding-bottom: 35px !important;padding-left: 35px !important;background-color: #ffffff !important;border-left-color: #ededed !important;border-left-style: dashed !important;border-right-color: #ededed !important;border-right-style: dashed !important;border-top-color: #ededed !important;border-top-style: dashed !important;border-bottom-color: #ededed !important;border-bottom-style: dashed !important;}&#8221;][vc_single_image image=&#8221;5066&#8243; img_size=&#8221;full&#8221; alignment=&#8221;center&#8221;]<div class=\"supro-empty-space \" style=\"\"><div class=\"supro_empty_space_lg\"  style=\"height: 10px\"><\/div><div class=\"supro_empty_space_md\"  style=\"height: 10px\"><\/div><div class=\"supro_empty_space_xs\"  style=\"height: 10px\"><\/div><\/div>[vc_custom_heading text=&#8221;Jap\u00f3n: Como saber si tienes tu nombre en &#8220;lista negra&#8220; y c\u00f3mo evitarlo&#8221; font_container=&#8221;tag:h3|font_size:34|text_align:center|color:%231e73be|line_height:1.2&#8243; google_fonts=&#8221;font_family:Open%20Sans%3A300%2C300italic%2Cregular%2Citalic%2C600%2C600italic%2C700%2C700italic%2C800%2C800italic|font_style:600%20bold%20regular%3A600%3Anormal&#8221; t_supro_heading=&#8221;&#8221; m_supro_heading=&#8221;&#8221; m_font_size=&#8221;28&#8243;]<div class=\"supro-empty-space \" style=\"\"><div class=\"supro_empty_space_lg\"  style=\"height: 10px\"><\/div><div class=\"supro_empty_space_md\"  style=\"height: 10px\"><\/div><div class=\"supro_empty_space_xs\"  style=\"height: 10px\"><\/div><\/div>[vc_column_text]\n<p style=\"text-align: center;\">Problemas comunes como retrasos en el pago de las cuentas de los tel\u00e9fonos m\u00f3viles pueden afectar negativamente al usuario<\/p>\n<p style=\"text-align: center;\">Los procedimientos para afectar negativamente a alguien en Jap\u00f3n no son muy diferentes de los procedimientos en otros pa\u00edses. En Jap\u00f3n, hay tres instituciones de cr\u00e9dito principales que conservan los datos de las personas que tienen una tarjeta de cr\u00e9dito, han solicitado un pr\u00e9stamo bancario o han hecho un pr\u00e9stamo.<\/p>\n<p style=\"text-align: center;\">Cuando se acumulan facturas sin pago, la informaci\u00f3n negativa se registra en estas instituciones. En la carta, este proceso se denomina informaci\u00f3n accidental (Jiko Jouhou \/ \u4e8b\u6545 \u60c5\u5831) que se inserta entre la informaci\u00f3n de confianza (Shinyou Jouhou \/ \u4fe1\u7528 \u60c5\u5831) del usuario.<\/p>\n<p style=\"text-align: center;\">La lista negra es como un pozo profundo, en el que puede caer por accidente o resbal\u00f3n, pero no saldr\u00e1 de all\u00ed tan f\u00e1cilmente. A diferencia de otros pa\u00edses, donde es posible limpiar el nombre unos d\u00edas despu\u00e9s de la liquidaci\u00f3n de la deuda, las compa\u00f1\u00edas de informaci\u00f3n crediticia en Jap\u00f3n no facilitan tanto la vida de los endeudados.<\/p>\n<p style=\"text-align: center;\">En la mayor\u00eda de los casos, puede buscar un abogado, negociar la deuda y pagarla en unos pocos meses o a\u00f1os. Sin embargo, incluso despu\u00e9s de la liquidaci\u00f3n completa de los importes, la informaci\u00f3n negativa permanece registrada durante al menos cinco a\u00f1os. Es decir, si paga el pago en tres a\u00f1os, seguir\u00e1 teniendo el nombre sucio por otros dos a\u00f1os.<\/p>\n[\/vc_column_text]<div class=\"supro-empty-space \" style=\"\"><div class=\"supro_empty_space_lg\"  style=\"height: 25px\"><\/div><div class=\"supro_empty_space_md\"  style=\"height: 25px\"><\/div><div class=\"supro_empty_space_xs\"  style=\"height: 25px\"><\/div><\/div>[vc_single_image image=&#8221;5178&#8243; img_size=&#8221;full&#8221; alignment=&#8221;center&#8221;]<div class=\"supro-empty-space \" style=\"\"><div class=\"supro_empty_space_lg\"  style=\"height: 35px\"><\/div><div class=\"supro_empty_space_md\"  style=\"height: 35px\"><\/div><div class=\"supro_empty_space_xs\"  style=\"height: 35px\"><\/div><\/div>[vc_column_text]\n<p style=\"text-align: center;\">S\u00f3lo en el caso de los pr\u00e9stamos financieros existe la posibilidad de borrar el nombre antes. Si lo hace bien, se le puede quitar la informaci\u00f3n negativa de su registro despu\u00e9s de un a\u00f1o desde el final del pago. Sin embargo, si la deuda es de tarjeta de cr\u00e9dito, olv\u00eddese porque su nombre permanecer\u00e1 sucio en los pr\u00f3ximos cinco a\u00f1os o m\u00e1s, seg\u00fan el caso.<\/p>\n[\/vc_column_text]<div class=\"supro-empty-space \" style=\"\"><div class=\"supro_empty_space_lg\"  style=\"height: 25px\"><\/div><div class=\"supro_empty_space_md\"  style=\"height: 25px\"><\/div><div class=\"supro_empty_space_xs\"  style=\"height: 25px\"><\/div><\/div>[vc_custom_heading text=&#8221;No existe un sistema unificado para que el usuario verifique su propia informaci\u00f3n crediticia. Hay tres instituciones que deben ser consultadas por aquellos que quieren saber si est\u00e1 o no con un nombre sucio. El JBA (Asociaci\u00f3n Bancaria de Jap\u00f3n), el CIC (Centro de Informaci\u00f3n de Cr\u00e9dito) y el JICC (Centro de Referencia de Informaci\u00f3n de Cr\u00e9dito de Jap\u00f3n) mantienen los datos detallados de qui\u00e9n tiene deudas en todo tipo de servicios.&#8221; font_container=&#8221;tag:p|font_size:18|text_align:center|color:%23000000&#8243; google_fonts=&#8221;font_family:Open%20Sans%3A300%2C300italic%2Cregular%2Citalic%2C600%2C600italic%2C700%2C700italic%2C800%2C800italic|font_style:400%20regular%3A400%3Anormal&#8221; t_supro_heading=&#8221;&#8221; m_supro_heading=&#8221;&#8221; css=&#8221;.vc_custom_1556251656702{border-bottom-width: 2px !important;padding-top: 20px !important;padding-right: 20px !important;padding-bottom: 20px !important;padding-left: 20px !important;background-color: #f9f9f9 !important;}&#8221;]<div class=\"supro-empty-space \" style=\"\"><div class=\"supro_empty_space_lg\"  style=\"height: 15px\"><\/div><div class=\"supro_empty_space_md\"  style=\"height: 15px\"><\/div><div class=\"supro_empty_space_xs\"  style=\"height: 15px\"><\/div><\/div>[vc_column_text]\n<p style=\"text-align: center;\">Cada instituci\u00f3n permite al usuario consultar su informaci\u00f3n, pero el proceso no es f\u00e1cil. Es necesario hacer un registro, demostrar que tendr\u00e1 acceso a la informaci\u00f3n en s\u00ed y a\u00fan pagar una tarifa en el rango de \u00a5 1 mil. Los procedimientos var\u00edan seg\u00fan la instituci\u00f3n y, en la mayor\u00eda de los casos, puede seguir todos los pasos en l\u00ednea.<\/p>\n<p style=\"text-align: center;\">Sin embargo, es posible tener una idea de la situaci\u00f3n sin tener que verificar ning\u00fan registro. Si tiene el nombre sucio, no podr\u00e1 pedir prestado, emitir una nueva tarjeta de cr\u00e9dito ni realizar ning\u00fan tipo de financiamiento. Si se deneg\u00f3 alg\u00fan procedimiento bancario, puede asumir que su nombre est\u00e1 sucio, especialmente si sabe que no ha pagado ning\u00fan tipo de servicios.<\/p>\n[\/vc_column_text]<div class=\"supro-empty-space \" style=\"\"><div class=\"supro_empty_space_lg\"  style=\"height: 25px\"><\/div><div class=\"supro_empty_space_md\"  style=\"height: 25px\"><\/div><div class=\"supro_empty_space_xs\"  style=\"height: 25px\"><\/div><\/div>[vc_custom_heading text=&#8221;ATENCI\u00d3N a los tel\u00e9fonos m\u00f3viles.<br \/>\nSi apenas usa una tarjeta de cr\u00e9dito y no ha realizado ning\u00fan pr\u00e9stamo o financiamiento, es com\u00fan pensar que hay pocas posibilidades de ser incluidos en la lista negra. Sin embargo, los descuidos menores pueden no ser perdonados y tener el nombre sucio en Jap\u00f3n es algo que suceder\u00e1 r\u00e1pidamente de lo que mucha gente imagina.&#8221; font_container=&#8221;tag:p|font_size:18|text_align:center|color:%23ffffff&#8221; google_fonts=&#8221;font_family:Open%20Sans%3A300%2C300italic%2Cregular%2Citalic%2C600%2C600italic%2C700%2C700italic%2C800%2C800italic|font_style:400%20regular%3A400%3Anormal&#8221; t_supro_heading=&#8221;&#8221; m_supro_heading=&#8221;&#8221; css=&#8221;.vc_custom_1556251743980{padding-top: 40px !important;padding-right: 20px !important;padding-bottom: 40px !important;padding-left: 20px !important;background-color: #1e73be !important;}&#8221;]<div class=\"supro-empty-space \" style=\"\"><div class=\"supro_empty_space_lg\"  style=\"height: 15px\"><\/div><div class=\"supro_empty_space_md\"  style=\"height: 15px\"><\/div><div class=\"supro_empty_space_xs\"  style=\"height: 15px\"><\/div><\/div>[vc_column_text]\n<p style=\"text-align: center;\">En 2010, el n\u00famero de usuarios de tel\u00e9fonos m\u00f3viles que terminaron neg\u00e1ndose aumenta de 210,000 a 1.4 millones. \u00bfLa raz\u00f3n? Retraso en el pago de las cuotas del tel\u00e9fono de la unidad. La posibilidad de pagar el tel\u00e9fono m\u00f3vil en forma mensual ha atra\u00eddo a miles de personas a este tipo de compra, pero tambi\u00e9n ha facilitado el endeudamiento.<\/p>\n<p style=\"text-align: center;\">Para aquellos que no quieren o no pueden pagar el tel\u00e9fono inteligente en efectivo, los operadores cierran la oferta de contrato del dispositivo y entregan el tel\u00e9fono inteligente en las manos del cliente a precios bajos. Sin embargo, el costo del valor del tel\u00e9fono inteligente se factura mensualmente, junto con los costos relacionados con el plan elegido. Al demorar el pago durante tres meses, el cliente se coloca en la lista negativa y ninguna agencia informa sobre esto.<\/p>\n[\/vc_column_text][\/vc_column][\/vc_row]\n","protected":false},"excerpt":{"rendered":"<p>[vc_row 0=&#8221;&#8221; full_width=&#8221;stretch_row&#8221; css=&#8221;.vc_custom_1556166679382{background-color: #ededed !important;}&#8221;][vc_column css=&#8221;.vc_custom_1556169604579{margin-top: 40px !important;margin-right: 40px !important;margin-bottom: 40px !important;border-top-width: 2px !important;border-right-width: 2px !important;border-bottom-width: 2px !important;border-left-width: 2px !important;padding-top: 35px !important;padding-right: 35px !important;padding-bottom: 35px !important;padding-left: 35px !important;background-color: #ffffff !important;border-left-color: #ededed !important;border-left-style: dashed !important;border-right-color: #ededed !important;border-right-style: dashed !important;border-top-color: #ededed !important;border-top-style: dashed !important;border-bottom-color: #ededed !important;border-bottom-style: dashed !important;}&#8221;][vc_single_image image=&#8221;5066&#8243; img_size=&#8221;full&#8221; alignment=&#8221;center&#8221;][vc_custom_heading text=&#8221;Jap\u00f3n: Como saber si tienes [&hellip;]<\/p>\n","protected":false},"author":15,"featured_media":9829,"parent":0,"menu_order":0,"comment_status":"closed","ping_status":"closed","template":"","meta":{"_acf_changed":false,"footnotes":""},"class_list":["post-5205","page","type-page","status-publish","has-post-thumbnail","hentry",""],"acf":[],"yoast_head":"<!-- This site is optimized with the Yoast SEO plugin v26.5 - https:\/\/yoast.com\/wordpress\/plugins\/seo\/ -->\n<title>Blacklist - i-Nextia<\/title>\n<meta name=\"robots\" content=\"index, follow, max-snippet:-1, max-image-preview:large, max-video-preview:-1\" \/>\n<link rel=\"canonical\" href=\"https:\/\/i-nextia.com\/es\/blacklist\/\" \/>\n<meta property=\"og:locale\" content=\"es_ES\" \/>\n<meta property=\"og:type\" content=\"article\" \/>\n<meta property=\"og:title\" content=\"Blacklist - i-Nextia\" \/>\n<meta property=\"og:description\" content=\"[vc_row 0=&#8221;&#8221; full_width=&#8221;stretch_row&#8221; css=&#8221;.vc_custom_1556166679382{background-color: #ededed !important;}&#8221;][vc_column css=&#8221;.vc_custom_1556169604579{margin-top: 40px !important;margin-right: 40px !important;margin-bottom: 40px !important;border-top-width: 2px !important;border-right-width: 2px !important;border-bottom-width: 2px !important;border-left-width: 2px !important;padding-top: 35px !important;padding-right: 35px !important;padding-bottom: 35px !important;padding-left: 35px !important;background-color: #ffffff !important;border-left-color: #ededed !important;border-left-style: dashed !important;border-right-color: #ededed !important;border-right-style: dashed !important;border-top-color: #ededed !important;border-top-style: dashed !important;border-bottom-color: #ededed !important;border-bottom-style: dashed !important;}&#8221;][vc_single_image image=&#8221;5066&#8243; img_size=&#8221;full&#8221; alignment=&#8221;center&#8221;][vc_custom_heading text=&#8221;Jap\u00f3n: Como saber si tienes [&hellip;]\" \/>\n<meta property=\"og:url\" content=\"https:\/\/i-nextia.com\/es\/blacklist\/\" \/>\n<meta property=\"og:site_name\" content=\"i-Nextia\" \/>\n<meta property=\"article:modified_time\" content=\"2019-10-10T05:40:14+00:00\" \/>\n<meta property=\"og:image\" content=\"https:\/\/files.i-nextia.com\/wp-content\/uploads\/2019\/10\/06064422\/visa-img.jpg\" \/>\n\t<meta property=\"og:image:width\" content=\"200\" \/>\n\t<meta property=\"og:image:height\" content=\"200\" \/>\n\t<meta property=\"og:image:type\" content=\"image\/jpeg\" \/>\n<meta name=\"twitter:card\" content=\"summary_large_image\" \/>\n<meta name=\"twitter:label1\" content=\"Tiempo de lectura\" \/>\n\t<meta name=\"twitter:data1\" content=\"6 minutos\" \/>\n<script type=\"application\/ld+json\" class=\"yoast-schema-graph\">{\"@context\":\"https:\/\/schema.org\",\"@graph\":[{\"@type\":\"WebPage\",\"@id\":\"https:\/\/i-nextia.com\/es\/blacklist\/\",\"url\":\"https:\/\/i-nextia.com\/es\/blacklist\/\",\"name\":\"Blacklist - i-Nextia\",\"isPartOf\":{\"@id\":\"https:\/\/i-nextia.com\/es\/#website\"},\"primaryImageOfPage\":{\"@id\":\"https:\/\/i-nextia.com\/es\/blacklist\/#primaryimage\"},\"image\":{\"@id\":\"https:\/\/i-nextia.com\/es\/blacklist\/#primaryimage\"},\"thumbnailUrl\":\"https:\/\/files.i-nextia.com\/wp-content\/uploads\/2019\/10\/06064422\/visa-img.jpg\",\"datePublished\":\"2019-04-26T04:01:21+00:00\",\"dateModified\":\"2019-10-10T05:40:14+00:00\",\"breadcrumb\":{\"@id\":\"https:\/\/i-nextia.com\/es\/blacklist\/#breadcrumb\"},\"inLanguage\":\"es\",\"potentialAction\":[{\"@type\":\"ReadAction\",\"target\":[\"https:\/\/i-nextia.com\/es\/blacklist\/\"]}]},{\"@type\":\"ImageObject\",\"inLanguage\":\"es\",\"@id\":\"https:\/\/i-nextia.com\/es\/blacklist\/#primaryimage\",\"url\":\"https:\/\/files.i-nextia.com\/wp-content\/uploads\/2019\/10\/06064422\/visa-img.jpg\",\"contentUrl\":\"https:\/\/files.i-nextia.com\/wp-content\/uploads\/2019\/10\/06064422\/visa-img.jpg\",\"width\":200,\"height\":200},{\"@type\":\"BreadcrumbList\",\"@id\":\"https:\/\/i-nextia.com\/es\/blacklist\/#breadcrumb\",\"itemListElement\":[{\"@type\":\"ListItem\",\"position\":1,\"name\":\"Home\",\"item\":\"https:\/\/i-nextia.com\/es\/\"},{\"@type\":\"ListItem\",\"position\":2,\"name\":\"Blacklist\"}]},{\"@type\":\"WebSite\",\"@id\":\"https:\/\/i-nextia.com\/es\/#website\",\"url\":\"https:\/\/i-nextia.com\/es\/\",\"name\":\"i-Nextia\",\"description\":\"i-Nextia Internet Services\",\"publisher\":{\"@id\":\"https:\/\/i-nextia.com\/es\/#organization\"},\"potentialAction\":[{\"@type\":\"SearchAction\",\"target\":{\"@type\":\"EntryPoint\",\"urlTemplate\":\"https:\/\/i-nextia.com\/es\/?s={search_term_string}\"},\"query-input\":{\"@type\":\"PropertyValueSpecification\",\"valueRequired\":true,\"valueName\":\"search_term_string\"}}],\"inLanguage\":\"es\"},{\"@type\":\"Organization\",\"@id\":\"https:\/\/i-nextia.com\/es\/#organization\",\"name\":\"I-Nextia\",\"url\":\"https:\/\/i-nextia.com\/es\/\",\"logo\":{\"@type\":\"ImageObject\",\"inLanguage\":\"es\",\"@id\":\"https:\/\/i-nextia.com\/es\/#\/schema\/logo\/image\/\",\"url\":\"https:\/\/files.i-nextia.com\/wp-content\/uploads\/2021\/02\/06063029\/logo-380px.png\",\"contentUrl\":\"https:\/\/files.i-nextia.com\/wp-content\/uploads\/2021\/02\/06063029\/logo-380px.png\",\"width\":380,\"height\":114,\"caption\":\"I-Nextia\"},\"image\":{\"@id\":\"https:\/\/i-nextia.com\/es\/#\/schema\/logo\/image\/\"}}]}<\/script>\n<!-- \/ Yoast SEO plugin. -->","yoast_head_json":{"title":"Blacklist - i-Nextia","robots":{"index":"index","follow":"follow","max-snippet":"max-snippet:-1","max-image-preview":"max-image-preview:large","max-video-preview":"max-video-preview:-1"},"canonical":"https:\/\/i-nextia.com\/es\/blacklist\/","og_locale":"es_ES","og_type":"article","og_title":"Blacklist - i-Nextia","og_description":"[vc_row 0=&#8221;&#8221; full_width=&#8221;stretch_row&#8221; css=&#8221;.vc_custom_1556166679382{background-color: #ededed !important;}&#8221;][vc_column css=&#8221;.vc_custom_1556169604579{margin-top: 40px !important;margin-right: 40px !important;margin-bottom: 40px !important;border-top-width: 2px !important;border-right-width: 2px !important;border-bottom-width: 2px !important;border-left-width: 2px !important;padding-top: 35px !important;padding-right: 35px !important;padding-bottom: 35px !important;padding-left: 35px !important;background-color: #ffffff !important;border-left-color: #ededed !important;border-left-style: dashed !important;border-right-color: #ededed !important;border-right-style: dashed !important;border-top-color: #ededed !important;border-top-style: dashed !important;border-bottom-color: #ededed !important;border-bottom-style: dashed !important;}&#8221;][vc_single_image image=&#8221;5066&#8243; img_size=&#8221;full&#8221; alignment=&#8221;center&#8221;][vc_custom_heading text=&#8221;Jap\u00f3n: Como saber si tienes [&hellip;]","og_url":"https:\/\/i-nextia.com\/es\/blacklist\/","og_site_name":"i-Nextia","article_modified_time":"2019-10-10T05:40:14+00:00","og_image":[{"width":200,"height":200,"url":"https:\/\/files.i-nextia.com\/wp-content\/uploads\/2019\/10\/06064422\/visa-img.jpg","type":"image\/jpeg"}],"twitter_card":"summary_large_image","twitter_misc":{"Tiempo de lectura":"6 minutos"},"schema":{"@context":"https:\/\/schema.org","@graph":[{"@type":"WebPage","@id":"https:\/\/i-nextia.com\/es\/blacklist\/","url":"https:\/\/i-nextia.com\/es\/blacklist\/","name":"Blacklist - i-Nextia","isPartOf":{"@id":"https:\/\/i-nextia.com\/es\/#website"},"primaryImageOfPage":{"@id":"https:\/\/i-nextia.com\/es\/blacklist\/#primaryimage"},"image":{"@id":"https:\/\/i-nextia.com\/es\/blacklist\/#primaryimage"},"thumbnailUrl":"https:\/\/files.i-nextia.com\/wp-content\/uploads\/2019\/10\/06064422\/visa-img.jpg","datePublished":"2019-04-26T04:01:21+00:00","dateModified":"2019-10-10T05:40:14+00:00","breadcrumb":{"@id":"https:\/\/i-nextia.com\/es\/blacklist\/#breadcrumb"},"inLanguage":"es","potentialAction":[{"@type":"ReadAction","target":["https:\/\/i-nextia.com\/es\/blacklist\/"]}]},{"@type":"ImageObject","inLanguage":"es","@id":"https:\/\/i-nextia.com\/es\/blacklist\/#primaryimage","url":"https:\/\/files.i-nextia.com\/wp-content\/uploads\/2019\/10\/06064422\/visa-img.jpg","contentUrl":"https:\/\/files.i-nextia.com\/wp-content\/uploads\/2019\/10\/06064422\/visa-img.jpg","width":200,"height":200},{"@type":"BreadcrumbList","@id":"https:\/\/i-nextia.com\/es\/blacklist\/#breadcrumb","itemListElement":[{"@type":"ListItem","position":1,"name":"Home","item":"https:\/\/i-nextia.com\/es\/"},{"@type":"ListItem","position":2,"name":"Blacklist"}]},{"@type":"WebSite","@id":"https:\/\/i-nextia.com\/es\/#website","url":"https:\/\/i-nextia.com\/es\/","name":"i-Nextia","description":"i-Nextia Internet Services","publisher":{"@id":"https:\/\/i-nextia.com\/es\/#organization"},"potentialAction":[{"@type":"SearchAction","target":{"@type":"EntryPoint","urlTemplate":"https:\/\/i-nextia.com\/es\/?s={search_term_string}"},"query-input":{"@type":"PropertyValueSpecification","valueRequired":true,"valueName":"search_term_string"}}],"inLanguage":"es"},{"@type":"Organization","@id":"https:\/\/i-nextia.com\/es\/#organization","name":"I-Nextia","url":"https:\/\/i-nextia.com\/es\/","logo":{"@type":"ImageObject","inLanguage":"es","@id":"https:\/\/i-nextia.com\/es\/#\/schema\/logo\/image\/","url":"https:\/\/files.i-nextia.com\/wp-content\/uploads\/2021\/02\/06063029\/logo-380px.png","contentUrl":"https:\/\/files.i-nextia.com\/wp-content\/uploads\/2021\/02\/06063029\/logo-380px.png","width":380,"height":114,"caption":"I-Nextia"},"image":{"@id":"https:\/\/i-nextia.com\/es\/#\/schema\/logo\/image\/"}}]}},"_links":{"self":[{"href":"https:\/\/i-nextia.com\/es\/wp-json\/wp\/v2\/pages\/5205","targetHints":{"allow":["GET"]}}],"collection":[{"href":"https:\/\/i-nextia.com\/es\/wp-json\/wp\/v2\/pages"}],"about":[{"href":"https:\/\/i-nextia.com\/es\/wp-json\/wp\/v2\/types\/page"}],"author":[{"embeddable":true,"href":"https:\/\/i-nextia.com\/es\/wp-json\/wp\/v2\/users\/15"}],"replies":[{"embeddable":true,"href":"https:\/\/i-nextia.com\/es\/wp-json\/wp\/v2\/comments?post=5205"}],"version-history":[{"count":0,"href":"https:\/\/i-nextia.com\/es\/wp-json\/wp\/v2\/pages\/5205\/revisions"}],"wp:featuredmedia":[{"embeddable":true,"href":"https:\/\/i-nextia.com\/es\/wp-json\/wp\/v2\/media\/9829"}],"wp:attachment":[{"href":"https:\/\/i-nextia.com\/es\/wp-json\/wp\/v2\/media?parent=5205"}],"curies":[{"name":"wp","href":"https:\/\/api.w.org\/{rel}","templated":true}]}}